{"id":3867,"date":"2022-09-10T23:20:02","date_gmt":"2022-09-10T20:20:02","guid":{"rendered":"https:\/\/meon.theskinhouse.ee\/toode\/coxir-black-snail-collagen-gift-set-2\/"},"modified":"2026-04-10T07:30:02","modified_gmt":"2026-04-10T04:30:02","slug":"coxir-black-snail-collagen-gift-set-2","status":"publish","type":"product","link":"https:\/\/meon.theskinhouse.ee\/ru\/toode\/coxir-black-snail-collagen-gift-set-2\/","title":{"rendered":"Coxir Black Snail Collagen Gift Set"},"content":{"rendered":"<p>Vananemisvastaste nahahooldustoodete komplekt, mis koosneb kolmest tootest: nahka uuendav seerum teolima ja kollageeniga, n\u00e4okreem teolima ja kollageeniga ja n\u00e4opesugeel rohelise teega.&nbsp;<\/p>\n<p><strong>1.&nbsp;COXIR Black Snail Collagen Serum 50ml<\/strong> \u2013 kortsuvastane ja niisutav seerum, mis sisaldab peptiide, kollageeni, musta sojaoa ning teolima ekstrakti, mis aitavad v\u00e4ltida kortsude teket, siluvad olemasolevaid kortse ning niisutavad nahka. Tegemist on mitmeotstarbelise seerumiga, millel on 5 toimet: rahustab, parandab nahatooni, silub naha tekstuuri, niisutab ja on kortsudevastane. Seerumis sisalduv h\u00fcaluroonhape niisutab nahka.<br \/>\n<strong>Kasutamine<\/strong><br \/>\nP\u00e4rast naha puhastamist ja soovitavalt tooniku kasutamist kandke m\u00f5\u00f5dukas kogus seerumit kogu n\u00e4ole kergete patsutavate liigutustega kuni imendumiseni.<\/p>\n<p><strong>2.&nbsp;Coxir Black Snail Collagen Cream 50ml <\/strong>\u2013 niisutav ja kortsuvastane n\u00e4okreem, mis taastab naha elastsuse ja vitaalsuse ning mis sisaldab teolima ekstrakti, kollageeni, peptiide ja musta sojaoa ekstrakti ning suures koguses ka teisi looduslikke kortsudevastaste omadustega koostisaineid. Kollageen, peptiidid ning musta sojaoa ja teolima ekstraktid tugevdavad nahka seesmiselt ning muudavad selle beebipehmeks, muudavad naha nooruslikumaks ning taastavad selle terve v\u00e4limuse ja elastsuse.<br \/>\n<strong>Kasutamine<\/strong><br \/>\nP\u00e4rast naha puhastamist ja soovitavalt tooniku ja seerumi kasutamist kandke m\u00f5\u00f5dukas kogus kreemi kogu n\u00e4ole kergete patsutavate liigutustega kuni imendumiseni.<\/p>\n<p><strong>3.&nbsp;Coxir Green Tea pH Clear Foam Cleanser 150ml<\/strong> &#8212; pehme kreemjas n\u00e4opesuvaht s\u00fcgavpuhastava, niisutava ja rahustava toimega, mis muudab Teie naha puhtaks ja niisutatuks, hoiab rasueritust kontrolli all ning toob esile terve ja v\u00e4rske naha. Roheline tee rahustab ja kaitseb nahka. Teolima kiirendab naha regeneratsiooni protsesse. Sisaldab lisaks ka h\u00fcaluroonhapet, mis viib niiskuse s\u00fcgavale naha sisse ja niisutab nahka seest poolt.&nbsp;<br \/>\n<strong>Kasutamine<\/strong><br \/>\nEnne n\u00e4o puhastamist peske k\u00e4ed. Masseerige vahend k\u00e4te vahel, et tekiks rikkalik vaht. Kandke n\u00e4ole ja masseerige umbes 20-30 sekundit, seej\u00e4rel loputage leige veega.<\/p>\n<p><strong>Kogus:<\/strong> 50ml+50ml+150ml<\/p>\n<p><strong>Koostis<\/strong><\/p>\n<p>COXIR Black Snail Collagen Serum<br \/>\nWater, Glycerin, Propylene Glycol, Alcohol, 1,2-Hexanediol, Glyceryl Acrylate\/Acrylic Acid Copolymer, PVM\/MA Copolymer, PEG\/PPG-18\/4 Copolymer, Betaine, Allantoin, Adenosine, Butylene glycol, Carbomer, Aloe Barbadensis Leaf Extract, Hydrolyzed Collagen, Copper Tripeptide-1, Black Soybean Extract, Sesamum Indicum (Sesame) Seed Extract, Oryza Sativa (Rice) Extract, Panax Ginseng Berry Extract, Theobroma Cacao (Cocoa) Extract, Snail Secretion Filtrate Extract, Leontopodium alpinum extract, Buddleja Davidii Extract, Malva Sylvestris (Mallow) Flower Extract, PEG-60 Hydrogenated Castor Oil, Arginine, Phenoxyethanol, Ethylhexylglycerin, Parfum.<\/p>\n<p>Coxir Black Snail Collagen Cream<br \/>\nWater, Aloe Barbadensis Leaf Extract, Butylene glycol, Dipropylene Glycol&nbsp; , Propylene Glycol, Caprylic\/Capric Triglyceride, Olivoyl Hydrolyzed Wheat Protein&nbsp; , Cetearyl Alcohol, Glyceryl Oleate&nbsp; , Glyceryl Stearate, Glycereth-26, Orbignya Oleifera Seed Oil&nbsp; , Hydrogenated Polydecene, Hydroxyethylcellulose, Betaine, Dimethicone, Triethanolamine&nbsp; , PEG-90M, Rosa Canina Fruit Oil , Panax Ginseng Root Extract, Camellia Sinensis Leaf Extract, Honey, Rosa Multiflora Fruit Extract, Gardenia Florida Fruit Extract, Scutellaria Baicalensis Root Extract, Ligustrum Japonicum Fruit Extract, Acanthopanax Senticosus (Eleuthero) Root Extract, Punica Granatum Fruit Extract, Carthamus Tinctorius (Safflower) Flower Extract, Black Soybean Extract, Sesamum Indicum (Sesame) Seed Extract, Oryza Sativa (Rice) Extract&nbsp; , Theobroma Cacao (Cocoa) Extract, Panax Ginseng Berry Extract, Snail Secretion Filtrate, Hydrolyzed Collagen, Copper Tripeptide-1, Adenosine, Leontopodium alpinum extract, Thymus Vulgaris (Thyme) Extract, Malva Sylvestris (Mallow) Flower Extract&nbsp; , Bambusa Vulgaris Leaf\/Stem Extract, Carbomer, Phenoxyethanol, Ethylhexylglycerin, Parfum .<\/p>\n<p>Coxir Green Tea pH Clear Foam Cleanser<br \/>\nWater, Stearic Acid, Glycerin&nbsp; , Myristic Acid, Sodium Laureth Sulfate&nbsp; , Potassium Hydroxide&nbsp; , Glycol Stearate, Cocamidopropyl Betaine&nbsp; , Lauric Acid, Lauramide DEA&nbsp; , Propylene Glycol, 1,2-Hexanediol&nbsp; , Glyceryl Stearate, PEG-100 Stearate, Camellia Sinensis Leaf Extract, Centella Asiatica Extract&nbsp; , Snail Secretion Filtrate&nbsp; &nbsp; , Beeswax&nbsp; , Myrciaria Dubia Fruit Extract , Euterpe Oleracea Fruit Extract , Sodium Hyaluronate, Lonicera Japonica (Honeysuckle) Flower Extract, Solanum Lycopersicum (Tomato) Fruit Extract, Lilium Tigrinum Extract, Nelumbo Nucifera Seed Extract, Chrysanthemum Indicum Flower Extract, Hydrolyzed Collagen, Acanthopanax Senticosus (Eleuthero) Root Extract, Punica Granatum Fruit Extract, Panax Ginseng Root Extract, Carthamus Tinctorius (Safflower) Flower Extract, Tocopheryl Acetate, Malva Sylvestris (Mallow) Flower Extract&nbsp; , Buddleja Davidii Extract , Thymus Vulgaris (Thyme) Extract, Camellia sinensis Callus Culture extracts, Phaseolus Radiatus Meristem Cell Culture Extract, Panax ginseng callus culture extract, Ethylhexylglycerin, Parfum<\/p>\n","protected":false},"excerpt":{"rendered":"<p>Vananemisvastaste nahahooldustoodete komplekt, mis koosneb kolmest tootest: nahka uuendav seerum teolima ja kollageeniga, n\u00e4okreem teolima ja kollageeniga ja n\u00e4opesugeel rohelise teega.&nbsp; 1.&nbsp;COXIR Black Snail Collagen Serum 50ml \u2013 kortsuvastane ja niisutav seerum, mis sisaldab peptiide, kollageeni, musta sojaoa ning teolima ekstrakti, mis aitavad v\u00e4ltida kortsude teket, siluvad olemasolevaid kortse ning niisutavad nahka. Tegemist on mitmeotstarbelise [&hellip;]<\/p>\n","protected":false},"featured_media":3946,"comment_status":"open","ping_status":"closed","template":"","meta":{"_acf_changed":false},"product_brand":[],"product_cat":[],"product_tag":[],"class_list":{"0":"post-3867","1":"product","2":"type-product","3":"status-publish","4":"has-post-thumbnail","6":"brand-coxir","8":"first","9":"instock","10":"taxable","11":"shipping-taxable","12":"purchasable","13":"product-type-simple"},"bundle_layout":"","bundled_by":[],"bundled_items":[],"acf":[],"_links":{"self":[{"href":"https:\/\/meon.theskinhouse.ee\/ru\/wp-json\/wp\/v2\/product\/3867","targetHints":{"allow":["GET"]}}],"collection":[{"href":"https:\/\/meon.theskinhouse.ee\/ru\/wp-json\/wp\/v2\/product"}],"about":[{"href":"https:\/\/meon.theskinhouse.ee\/ru\/wp-json\/wp\/v2\/types\/product"}],"replies":[{"embeddable":true,"href":"https:\/\/meon.theskinhouse.ee\/ru\/wp-json\/wp\/v2\/comments?post=3867"}],"wp:featuredmedia":[{"embeddable":true,"href":"https:\/\/meon.theskinhouse.ee\/ru\/wp-json\/wp\/v2\/media\/3946"}],"wp:attachment":[{"href":"https:\/\/meon.theskinhouse.ee\/ru\/wp-json\/wp\/v2\/media?parent=3867"}],"wp:term":[{"taxonomy":"product_brand","embeddable":true,"href":"https:\/\/meon.theskinhouse.ee\/ru\/wp-json\/wp\/v2\/product_brand?post=3867"},{"taxonomy":"product_cat","embeddable":true,"href":"https:\/\/meon.theskinhouse.ee\/ru\/wp-json\/wp\/v2\/product_cat?post=3867"},{"taxonomy":"product_tag","embeddable":true,"href":"https:\/\/meon.theskinhouse.ee\/ru\/wp-json\/wp\/v2\/product_tag?post=3867"}],"curies":[{"name":"wp","href":"https:\/\/api.w.org\/{rel}","templated":true}]}}