{"id":3865,"date":"2022-09-10T23:10:02","date_gmt":"2022-09-10T20:10:02","guid":{"rendered":"https:\/\/meon.theskinhouse.ee\/toode\/the-skin-house-wrinkle-marine-active-gift-set-2\/"},"modified":"2026-04-09T20:05:04","modified_gmt":"2026-04-09T17:05:04","slug":"the-skin-house-wrinkle-marine-active-gift-set-2","status":"publish","type":"product","link":"https:\/\/meon.theskinhouse.ee\/ru\/toode\/the-skin-house-wrinkle-marine-active-gift-set-2\/","title":{"rendered":"The Skin House Wrinkle Marine Active Gift Set"},"content":{"rendered":"<p>Niisutavate nahahooldustoodete komplekt, mis koosneb kolmest tootest: niisutav seerum merevetikate ja h\u00fcaluroonhappega, niisutav n\u00e4okreem merevetikate ja h\u00fcaluroonhappega, ja n\u00e4opesugeel munakollastega.&nbsp;<\/p>\n<p><strong>1. The Skin House Marine Active Serum 50ml<\/strong> &#8212; Geeljas niisutav seerum sisaldab h\u00fcaluroonhapet, mis niisutab nahka ja hoiab naha niiskustaseme terve p\u00e4eva \u00fchtlasena. Merevesi ja erinevad vetikaekstraktid loovad k\u00fcllusliku niisutava efekti, mineraalid ja vitamiinid aitavad nahal taas s\u00e4ravaks ja puhtaks muutuda. Sisaldab keramiide, mis takistavad vee kadumist nahast ja aitavad nahal s\u00e4ilida pikalt niisutatuna s\u00fcgavalt seest.&nbsp;<br \/>\n<strong>Kasutamine<\/strong><br \/>\nP\u00e4rast puhastamist pehmendage nahka toonikuga. Kandke piisav kogus seerumit n\u00e4ole ja laske sel imenduda. Parema efekti saavutamiseks kasutage koos sama sarja emulsiooniga.<\/p>\n<p><strong>2. The Skin House Marine Active Cream 50ml<\/strong> &#8212; Niisutav kreem sisaldab h\u00fcaluroonhapet, mis niisutab nahka ja hoiab naha niiskustaseme terve p\u00e4eva \u00fchtlasena. Rikkalikult mineraale ja vitamiine sisaldavad erinevate vetikate ekstraktid varustavad nahka uue energiaga, nahk muutub niisutatuks ja elavamaks. Kreemis sisalduvad keramiidid takistavad vee kadumist nahast, t\u00e4nu millele j\u00e4\u00e4b nahk pikaks ajaks niisutatuna s\u00fcgavalt seest. Kreem imendub kiirelt ning niisutatud tunne s\u00e4ilib kaua.&nbsp;<br \/>\n<strong>Kasutamine<\/strong><br \/>\nP\u00e4rast n\u00e4o puhastamist pehmendage nahka toonikuga. Kandke seerum v\u00f5i emulsioon n\u00e4ole ja laske imenduda. Kandke seej\u00e4rel v\u00e4ike kogus kreemi \u00fchtlaselt n\u00e4ole.<\/p>\n<p><strong>3. The Skin House Egg Pore Corset Foam 120ml<\/strong> &#8212; rikkalike kreemjate mullidega n\u00e4opuhastaja munakollastega, mis eemaldab efektiivselt mustust ning niisutab p\u00e4rast puhastamist nahka.&nbsp;<br \/>\n<strong>Kasutamine<\/strong><br \/>\nV\u00f5tke sobiv kogus toodet ning kandke \u00fchtlasel n\u00e4ole. Loputage leige veega. Kui nahk on v\u00e4ga rasune, ajage toode vahule ning h\u00f5\u00f5ruge n\u00e4gu 2-3 minutit. Seej\u00e4rel loputage n\u00e4gu.<\/p>\n<p><strong>Kogus:<\/strong> 50ml+50ml+120ml<\/p>\n<p><strong>Koostis<\/strong><br \/>\nThe Skin House Marine Active Serum 50ml<br \/>\nWater, Sodium Hyaluronate, Glycerin, Butylene glycol, Betaine, 1,2-Hexanediol, Alcohol, Aloe Barbadensis Leaf Extract, PPG-26-Buteth-26, PEG-40 Hydrogenated Castor Oil, Ceramide NP, Hydrogenated Lecithin, Propylene Glycol, Sea Water, Honey, Pearl Extract, Xanthan GUM, Arginine, Carbomer, Glyceryl Acrylate\/Acrylic Acid Copolymer, PVM\/MA Copolymer, Styrene\/VP Copolymer, Lonicera Japonica (Honeysuckle) Flower Extract, Solanum Lycopersicum (Tomato) Fruit Extract, Lilium Tigrinum Extract, Nelumbo Nucifera Seed Extract, Chrysanthemum Indicum Flower Extract, Hydrolyzed Collagen, Myrciaria Dubia Fruit Extract, Euterpe Oleracea Fruit Extract, Ecklonia Cava Extract, Hizikia Fusiforme Extract, Codium Tomentosum Extract, Gelidium Cartilagineum Extract, Leontopodium alpinum extract, Buddleja Davidii Extract, Malva Sylvestris (Mallow) Flower Extract, Camellia sinensis Callus Culture extracts, Ethylhexylglycerin, Perfume&nbsp;<\/p>\n<p>The Skin House Marine Active Cream 50ml<br \/>\nWater, Glycerin, Sodium Hyaluronate, Butylene glycol, Squalane, Dimethicone, 1,2-Hexanediol, Cyclopentasiloxane, Orbignya Oleifera Seed Oil, Ammonium Acryloyldimethyltaurate\/VP Copolymer, Potassium Olivoyl PCA, Caprylic\/Capric Triglyceride, Hydrogenated Lecithin, Glycerin, Ceramide NP, Honey, Sea Water, Pearl Extract, Betaine, Dimethicone\/Vinyl Dimethicone Crosspolymer, Ecklonia Cava Extract, Hizikia Fusiforme Extract, Codium Tomentosum Extract, Gelidium Cartilagineum Extract, Tocopheryl Acetate, Phenoxyethanol, Ethylhexylglycerin, Perfume&nbsp;<\/p>\n<p>The Skin House Egg Pore Corset Foam 120ml<br \/>\nWater, Stearic Acid, Glycerin, Lauric Acid, Potassium Hydroxide, Propylene Glycol, Sodium Laureth Sulfate, Glycol Stearate, Cocamidopropyl Betaine, Myristic Acid, Beeswax, Glyceryl Stearate, Sodium Hyaluronate, Egg Oil, Tocopheryl Acetate, Hamamelis Virginiana (Witch Hazel) Extract, Centella Asiatica Extract, Portulaca Oleracea Extract, Melaleuca Alternifolia (Tea Tree) Extract, Hyssopus Officinalis Extract, Spirulina Platensis Extract, Leontopodium alpinum extract, Malva Sylvestris (Mallow) Flower Extract, Thymus Vulgaris (Thyme) Extract, Ardisia Crispa Extract, Rubus Coreanus Fruit Extract, Phellinus Linteus Extract, Aloe Barbadensis Leaf Extract, Nelumbo Nucifera Leaf Extract, Paeonia Lactiflora Bark\/Sap Extract, Lilium Tigrinum Extract, Cucurbita Pepo (Pumpkin) Fruit Extract, Solanum Lycopersicum (Tomato) Fruit Extract, Nelumbo Nucifera Seed Extract, Chrysanthemum Indicum Flower Extract, Paullinia Cupana Extract, Euterpe Oleracea Fruit Extract, Allantoin, Phenoxyethanol, Ethylhexylglycerin, Perfume<\/p>\n","protected":false},"excerpt":{"rendered":"<p>Niisutavate nahahooldustoodete komplekt, mis koosneb kolmest tootest: niisutav seerum merevetikate ja h\u00fcaluroonhappega, niisutav n\u00e4okreem merevetikate ja h\u00fcaluroonhappega, ja n\u00e4opesugeel munakollastega.&nbsp; 1. The Skin House Marine Active Serum 50ml &#8212; Geeljas niisutav seerum sisaldab h\u00fcaluroonhapet, mis niisutab nahka ja hoiab naha niiskustaseme terve p\u00e4eva \u00fchtlasena. Merevesi ja erinevad vetikaekstraktid loovad k\u00fcllusliku niisutava efekti, mineraalid ja vitamiinid [&hellip;]<\/p>\n","protected":false},"featured_media":3938,"comment_status":"open","ping_status":"closed","template":"","meta":{"_acf_changed":false},"product_brand":[],"product_cat":[],"product_tag":[],"class_list":{"0":"post-3865","1":"product","2":"type-product","3":"status-publish","4":"has-post-thumbnail","6":"brand-the-skin-house","8":"first","9":"instock","10":"taxable","11":"shipping-taxable","12":"purchasable","13":"product-type-simple"},"bundle_layout":"","bundled_by":[],"bundled_items":[],"acf":[],"_links":{"self":[{"href":"https:\/\/meon.theskinhouse.ee\/ru\/wp-json\/wp\/v2\/product\/3865","targetHints":{"allow":["GET"]}}],"collection":[{"href":"https:\/\/meon.theskinhouse.ee\/ru\/wp-json\/wp\/v2\/product"}],"about":[{"href":"https:\/\/meon.theskinhouse.ee\/ru\/wp-json\/wp\/v2\/types\/product"}],"replies":[{"embeddable":true,"href":"https:\/\/meon.theskinhouse.ee\/ru\/wp-json\/wp\/v2\/comments?post=3865"}],"wp:featuredmedia":[{"embeddable":true,"href":"https:\/\/meon.theskinhouse.ee\/ru\/wp-json\/wp\/v2\/media\/3938"}],"wp:attachment":[{"href":"https:\/\/meon.theskinhouse.ee\/ru\/wp-json\/wp\/v2\/media?parent=3865"}],"wp:term":[{"taxonomy":"product_brand","embeddable":true,"href":"https:\/\/meon.theskinhouse.ee\/ru\/wp-json\/wp\/v2\/product_brand?post=3865"},{"taxonomy":"product_cat","embeddable":true,"href":"https:\/\/meon.theskinhouse.ee\/ru\/wp-json\/wp\/v2\/product_cat?post=3865"},{"taxonomy":"product_tag","embeddable":true,"href":"https:\/\/meon.theskinhouse.ee\/ru\/wp-json\/wp\/v2\/product_tag?post=3865"}],"curies":[{"name":"wp","href":"https:\/\/api.w.org\/{rel}","templated":true}]}}