{"id":3863,"date":"2022-09-10T23:10:02","date_gmt":"2022-09-10T20:10:02","guid":{"rendered":"https:\/\/meon.theskinhouse.ee\/toode\/the-skin-house-wrinkle-system-gift-set-2\/"},"modified":"2026-04-09T20:05:04","modified_gmt":"2026-04-09T17:05:04","slug":"the-skin-house-wrinkle-system-gift-set-2","status":"publish","type":"product","link":"https:\/\/meon.theskinhouse.ee\/ru\/toode\/the-skin-house-wrinkle-system-gift-set-2\/","title":{"rendered":"The Skin House Wrinkle System Gift Set"},"content":{"rendered":"<p>Vananemisvastaste nahahooldustoodete komplekt, mis koosneb kolmest tootest: nahka pinguldav essents (seerum) kollageeniga, pinguldav ja toitev n\u00e4okreem kollageeniga ja n\u00e4opesugeel munakollastega.&nbsp;<\/p>\n<p><strong>1.&nbsp;The Skin House Wrinkle System Essence 50ml<\/strong> &#8212; \u00f6ine elastsust ja prinkust lisav seerum-essents kontsentreeritud kollageeniga. Essents erineb ampull t\u00fc\u00fcpi seerumist koostise ja tekstuuri poolest. Essentsi kasutatakse p\u00e4rast toonikut, kuid ampull-t\u00fc\u00fcpi seerumit tuleks kasutada enne toonikut.&nbsp;<br \/>\n<strong>Kasutamine<\/strong><br \/>\nP\u00e4rast puhastamist pehmendage nahka toonikuga. V\u00f5tke sobiv kogus essentsi ja kandke see \u00fchtlaselt n\u00e4ole. Katke n\u00e4gu k\u00e4tega ning patsutage \u00f5rnalt toote paremaks imendumiseks.<\/p>\n<p><strong>2.&nbsp;The Skin House Wrinkle System Cream 50ml <\/strong>&#8212; Buduaari Lemmik 2020 \u2013 parim jaem\u00fc\u00fcgitoode!&nbsp; Kortsudevastane pinguldav k\u00f5rgkontsentreeritud kreem kollageeni ja adenosiiniga. Toidab intensiivselt ja s\u00fcgavalt nahka ning v\u00f5itleb vananemise tunnustega.&nbsp;<br \/>\n<strong>Kasutamine<\/strong><br \/>\nP\u00e4rast puhastamist pehmendage nahka toonikuga. P\u00e4rast seerumi ja emulsiooni kasutamist v\u00f5tke sobiv kogus kreemi ning kandke see n\u00e4ole. Katke n\u00e4gu k\u00e4tega ning patsutage \u00f5rnalt toote paremaks imendumiseks.<\/p>\n<p><strong>3.&nbsp;<\/strong><strong>The Skin House Egg Pore Corset Foam 120ml<\/strong> &#8212; rikkalike kreemjate mullidega n\u00e4opuhastaja munakollastega, mis eemaldab efektiivselt mustust ning niisutab p\u00e4rast puhastamist nahka.&nbsp;<br \/>\n<strong>Kasutamine<\/strong><br \/>\nV\u00f5tke sobiv kogus toodet ning kandke \u00fchtlasel n\u00e4ole. Loputage leige veega. Kui nahk on v\u00e4ga rasune, ajage toode vahule ning h\u00f5\u00f5ruge n\u00e4gu 2-3 minutit. Seej\u00e4rel loputage n\u00e4gu.<\/p>\n<p><strong>Kogus:<\/strong> 50ml+50ml+120ml<\/p>\n<p><strong>Koostis<\/strong><br \/>\nThe Skin House Wrinkle System Essence 50ml<br \/>\nWater, Glycerin, Butylene glycol, Cyclomethicone, Squalane, Hydrogenated Polydecene, Sodium Hyaluronate, Dimethicone, Glyceryl Acrylate\/ Acrylic Acid Copolymer, Propylene Glycol, Betaine, Macadamia Integrifolia Seed Oil, Methyl Glucose Sesquistearate, Arachidyl Glucoside, Lecithin, Glyceryl Stearate, Caprylic\/Capric Triglyceride, PEG-10 Dimethicone\/Vinyl Dimethicone Crosspolymer, Panthenol, Hydrolyzed Collagen, Cetearyl Alcohol, PEG-100 Stearate, PEG-60 Hydrogenated Castor Oil, Sorbitan Isostearate, Polysorbate 80, Buty- rospermum Parkii (Shea Butter), Stearic Acid, Carbomer, Arginine, Solanum Lycopersicum (Tomato) Fruit Extract, Paeonia Lactiflora Bark\/Sap Extract, Lonicera Japonica (Honeysuckle) Flower Extract, Dipotassium Glycyr- rhizate, Adenosine, Disodium EDTA, Snail Secretion Filtrate, Panax ginseng callus culture extract, Bambusa vulgaris Callus Culture extract, Aloe vera Callus Culture extract, Leontopodium alpinum extract, Thymus Vulgaris (Thyme) Extract, Buddleja Davidii Extract, Theobroma Cacao (Cocoa) Extract, Gardenia Florida Fruit Extract, Phenoxyethanol, Ethylhexylglycerin, CI 19140, CI 15985, Parfum&nbsp;<\/p>\n<p>The Skin House Wrinkle System Cream 50ml<br \/>\nWater, Butylene glycol, Glycerin, Squalane, Cyclomethicone, Mineral Oil, 1,2-Hexanediol, Sodium Hyaluronate, Cetyl Ethylhexanoate, Macadamia Integrifolia Seed Oil, Dimethicone, Caprylic\/Capric Triglyceride, Cetearyl Alcohol, Stearic Acid, Dimethicone\/Vinyl Dimethicone Crosspolymer, Glyceryl Stearate, PEG-100 Stearate, Betaine, Methyl Gluceth-20, PEG-10 Dimethicone, Polysorbate 60, Sorbitan Isostearate, Beeswax, Carbomer, Sorbitan Stearate, Sodium Polyacrylate, C13-14 Isoparaffin, Laureth-7, Hydrolyzed Collagen, Hydrogenated Lecithin, Linoleic acid, Ceramide NP, TEA-cocoyl Glutamate, Camellia Japonica seed oil, Aloe Barbadensis Leaf Extract, Arginine, Myrciaria Dubia Fruit Extract, Euterpe Oleracea Fruit Extract, Panthenol, Allantoin, Adenosine, Disodium EDTA, Panax ginseng callus culture extract, Bambusa vulgaris Callus Culture extract, Aloe vera Callus Culture extract, Leontopodium alpinum extract, Thymus Vulgaris (Thyme) Extract, Buddleja Davidii Extract, Snail Secretion Filtrate, Phenoxyethanol, Ethylhexylglycerin, CI 19140, CI 15985, Perfume&nbsp; &nbsp;<\/p>\n<p>The Skin House Egg Pore Corset Foam 120ml<br \/>\nWater, Stearic Acid, Glycerin, Lauric Acid, Potassium Hydroxide, Propylene Glycol, Sodium Laureth Sulfate, Glycol Stearate, Cocamidopropyl Betaine, Myristic Acid, Beeswax, Glyceryl Stearate, Sodium Hyaluronate, Egg Oil, Tocopheryl Acetate, Hamamelis Virginiana (Witch Hazel) Extract, Centella Asiatica Extract, Portulaca Oleracea Extract, Melaleuca Alternifolia (Tea Tree) Extract, Hyssopus Officinalis Extract, Spirulina Platensis Extract, Leontopodium alpinum extract, Malva Sylvestris (Mallow) Flower Extract, Thymus Vulgaris (Thyme) Extract, Ardisia Crispa Extract, Rubus Coreanus Fruit Extract, Phellinus Linteus Extract, Aloe Barbadensis Leaf Extract, Nelumbo Nucifera Leaf Extract, Paeonia Lactiflora Bark\/Sap Extract, Lilium Tigrinum Extract, Cucurbita Pepo (Pumpkin) Fruit Extract, Solanum Lycopersicum (Tomato) Fruit Extract, Nelumbo Nucifera Seed Extract, Chrysanthemum Indicum Flower Extract, Paullinia Cupana Extract, Euterpe Oleracea Fruit Extract, Allantoin, Phenoxyethanol, Ethylhexylglycerin, Perfume<\/p>\n","protected":false},"excerpt":{"rendered":"<p>Vananemisvastaste nahahooldustoodete komplekt, mis koosneb kolmest tootest: nahka pinguldav essents (seerum) kollageeniga, pinguldav ja toitev n\u00e4okreem kollageeniga ja n\u00e4opesugeel munakollastega.&nbsp; 1.&nbsp;The Skin House Wrinkle System Essence 50ml &#8212; \u00f6ine elastsust ja prinkust lisav seerum-essents kontsentreeritud kollageeniga. Essents erineb ampull t\u00fc\u00fcpi seerumist koostise ja tekstuuri poolest. Essentsi kasutatakse p\u00e4rast toonikut, kuid ampull-t\u00fc\u00fcpi seerumit tuleks kasutada enne [&hellip;]<\/p>\n","protected":false},"featured_media":3934,"comment_status":"open","ping_status":"closed","template":"","meta":{"_acf_changed":false},"product_brand":[],"product_cat":[],"product_tag":[],"class_list":{"0":"post-3863","1":"product","2":"type-product","3":"status-publish","4":"has-post-thumbnail","6":"brand-the-skin-house","8":"first","9":"instock","10":"taxable","11":"shipping-taxable","12":"purchasable","13":"product-type-simple"},"bundle_layout":"","bundled_by":[],"bundled_items":[],"acf":[],"_links":{"self":[{"href":"https:\/\/meon.theskinhouse.ee\/ru\/wp-json\/wp\/v2\/product\/3863","targetHints":{"allow":["GET"]}}],"collection":[{"href":"https:\/\/meon.theskinhouse.ee\/ru\/wp-json\/wp\/v2\/product"}],"about":[{"href":"https:\/\/meon.theskinhouse.ee\/ru\/wp-json\/wp\/v2\/types\/product"}],"replies":[{"embeddable":true,"href":"https:\/\/meon.theskinhouse.ee\/ru\/wp-json\/wp\/v2\/comments?post=3863"}],"wp:featuredmedia":[{"embeddable":true,"href":"https:\/\/meon.theskinhouse.ee\/ru\/wp-json\/wp\/v2\/media\/3934"}],"wp:attachment":[{"href":"https:\/\/meon.theskinhouse.ee\/ru\/wp-json\/wp\/v2\/media?parent=3863"}],"wp:term":[{"taxonomy":"product_brand","embeddable":true,"href":"https:\/\/meon.theskinhouse.ee\/ru\/wp-json\/wp\/v2\/product_brand?post=3863"},{"taxonomy":"product_cat","embeddable":true,"href":"https:\/\/meon.theskinhouse.ee\/ru\/wp-json\/wp\/v2\/product_cat?post=3863"},{"taxonomy":"product_tag","embeddable":true,"href":"https:\/\/meon.theskinhouse.ee\/ru\/wp-json\/wp\/v2\/product_tag?post=3863"}],"curies":[{"name":"wp","href":"https:\/\/api.w.org\/{rel}","templated":true}]}}