{"id":3861,"date":"2022-09-10T23:10:02","date_gmt":"2022-09-10T20:10:02","guid":{"rendered":"https:\/\/meon.theskinhouse.ee\/toode\/coxir-ultra-hyaluronic-gift-set-2\/"},"modified":"2026-04-10T07:30:02","modified_gmt":"2026-04-10T04:30:02","slug":"coxir-ultra-hyaluronic-gift-set-2","status":"publish","type":"product","link":"https:\/\/meon.theskinhouse.ee\/ru\/toode\/coxir-ultra-hyaluronic-gift-set-2\/","title":{"rendered":"Coxir Ultra Hyaluronic Gift Set"},"content":{"rendered":"<p>Niisutavate nahahooldustoodete komplekt, mis koosneb kolmest tootest: niisutav n\u00e4oseerum h\u00fcaluroonhappega, niisutav n\u00e4okreem h\u00fcaluroonhappega, ja puhastav n\u00e4opesugeel rohelise teega.&nbsp;<\/p>\n<p><strong>1.&nbsp;Coxir Ultra Hyaluronic Ampoule 50ml<\/strong>\u2013 Buduaari Lemmik 2020 konkursi v\u00f5itja &#8212; parim jaem\u00fc\u00fcgitoode! Kontsentreeritud s\u00fcgavniisutav seerum, mis sisaldab 40% puhast h\u00fcaluroonhapet ning aaloe ekstrakti. H\u00fcaluroonhape viib niiskuse s\u00fcgavale naha sisse ja niisutab nahka seest poolt. T\u00e4nu sellele j\u00e4\u00e4b nahk pikaks ajaks niisutatuks. Aaloe ekstrakt niisutab, rahustab nahka, leevendab \u00e4rritusi ja naha tundlikkust, mineraalid ja vitamiinid muudavad naha s\u00e4ravaks ja v\u00e4rskeks.<br \/>\n<strong>Kasutamine<\/strong><br \/>\nP\u00e4rast naha puhastamist ja soovitavalt tooniku kasutamist kandke m\u00f5\u00f5dukas kogus seerumit kogu n\u00e4ole kergete patsutavate liigutustega kuni imendumiseni.<\/p>\n<p><strong>2.&nbsp;Coxir Ultra Hyaluronic Cream 50ml<\/strong>\u2013 s\u00fcgavniisutav n\u00e4okreem h\u00fcaluroonhappe ning aaloe ekstraktiga. H\u00fcaluroonhape viib niiskuse s\u00fcgavale naha sisse ja niisutab nahka seest poolt. T\u00e4nu sellele j\u00e4\u00e4b nahk pikaks ajaks niisutatuks. Aaloe ekstrakt niisutab, rahustab nahka, leevendab \u00e4rritusi ja naha tundlikkust, mineraalid ja vitamiinid muudavad naha s\u00e4ravaks ja v\u00e4rskeks. Kreem on kerge tekstuuriga, imendub kiiresti, ei j\u00e4ta nahale rasket kihti ega tee kleepuvaks.<br \/>\n<strong>Kasutamine<\/strong><br \/>\nP\u00e4rast naha puhastamist ja soovitavalt tooniku ja seerumi kasutamist kandke m\u00f5\u00f5dukas kogus kreemi kogu n\u00e4ole kergete patsutavate liigutustega kuni imendumiseni.<\/p>\n<p><strong>3.&nbsp;Coxir Green Tea pH Clear Foam Cleanser 150ml<\/strong> &#8212; pehme kreemjas n\u00e4opesuvaht s\u00fcgavpuhastava, niisutava ja rahustava toimega, mis muudab Teie naha puhtaks ja niisutatuks, hoiab rasueritust kontrolli all ning toob esile terve ja v\u00e4rske naha. Roheline tee rahustab ja kaitseb nahka. Teolima kiirendab naha regeneratsiooni protsesse. Sisaldab lisaks ka h\u00fcaluroonhapet, mis viib niiskuse s\u00fcgavale naha sisse ja niisutab nahka seest poolt.<br \/>\n<strong>Kasutamine<\/strong><br \/>\nEnne n\u00e4o puhastamist peske k\u00e4ed. Masseerige vahend k\u00e4te vahel, et tekiks rikkalik vaht. Kandke n\u00e4ole ja masseerige umbes 20-30 sekundit, seej\u00e4rel loputage leige veega.<\/p>\n<p><strong>Kogus:<\/strong> 50ml+50ml+150ml<\/p>\n<p><strong>Koostis<\/strong><br \/>\nCoxir Ultra Hyaluronic Ampoule<br \/>\nWater, Sodium Hyaluronate, Glycerin, Sodium Polyacrylate, PVM\/MA Copolymer, Glyceryl Acrylate\/Acrylic Acid Copolymer, Propylene Glycol, Butylene glycol, 1,2-Hexanediol&nbsp; , PEG\/PPG-18\/4 Copolymer, Aloe Barbadensis Leaf Extract, Hydrolyzed Collagen, Carbomer, Panthenol, Allantoin, Triethanolamine&nbsp; , Xanthan GUM, Disodium EDTA, Ethylhexylglycerin&nbsp;<\/p>\n<p>Coxir Ultra Hyaluronic Cream<br \/>\nWater, Butylene glycol, Sodium Hyaluronate, Betaine, Caprylic\/Capric Triglyceride, 1,2-Hexanediol&nbsp; , Butyrospermum Parkii (Shea Butter), Helianthus Annuus (Sunflower) Seed Oil, Butylene Glycol Dicaprylate\/Dicaprate, PEG-12 Dimethicone&nbsp; , Hydrolyzed Jojoba Esters, Glycerin, Sodium Polyacrylate, PVM\/MA Copolymer, Cyclomethicone, Beeswax&nbsp; , Glyceryl Stearate, PEG-100 Stearate, Stearic Acid, Dimethicone, Sorbitan Stearate, Arachidyl Alcohol, Behenyl Alcohol, Arachidyl Glucoside, Triethanolamine&nbsp; , Carbomer, Glycyrrhiza Inflata Root Extract&nbsp; , Psidium Guajava Fruit Extract, Malpighia Emarginata (Acerola) Fruit Extract , Allantoin, Aloe Barbadensis Leaf Extract, Portulaca Oleracea Extract&nbsp; , Lilium Tigrinum Extrac, Cucurbita Pepo (Pumpkin) Fruit Extract, Hydrolyzed Collagen, Snail Secretion Filtrate&nbsp; , Disodium EDTA, Limnanthes Alba (Meadowfoam) Seed Oil, Squalane, Olea Europaea (Olive) Fruit Oil?, Leontopodium alpinum extract, Malva Sylvestris (Mallow) Flower Extract&nbsp; , Buddleja Davidii Extract , Aloe vera Callus Culture extracts, Camellia sinensis Callus Culture extracts, Chrysanthemum Indicum Callus culture extract, Bambusa vulgaris Callus Culture extracts, Ethylhexylglycerin, Parfum&nbsp;<\/p>\n<p>Coxir Green Tea pH Clear Foam Cleanser<br \/>\nWater, Stearic Acid, Glycerin&nbsp; , Myristic Acid, Sodium Laureth Sulfate&nbsp; , Potassium Hydroxide&nbsp; , Glycol Stearate, Cocamidopropyl Betaine&nbsp; , Lauric Acid, Lauramide DEA&nbsp; , Propylene Glycol, 1,2-Hexanediol&nbsp; , Glyceryl Stearate, PEG-100 Stearate, Camellia Sinensis Leaf Extract, Centella Asiatica Extract&nbsp; , Snail Secretion Filtrate, Beeswax&nbsp; , Myrciaria Dubia Fruit Extract , Euterpe Oleracea Fruit Extract , Sodium Hyaluronate, Lonicera Japonica (Honeysuckle) Flower Extract, Solanum Lycopersicum (Tomato) Fruit Extract, Lilium Tigrinum Extract, Nelumbo Nucifera Seed Extract, Chrysanthemum Indicum Flower Extract, Hydrolyzed Collagen, Acanthopanax Senticosus (Eleuthero) Root Extract, Punica Granatum Fruit Extract, Panax Ginseng Root Extract, Carthamus Tinctorius (Safflower) Flower Extract, Tocopheryl Acetate, Malva Sylvestris (Mallow) Flower Extract&nbsp; , Buddleja Davidii Extract , Thymus Vulgaris (Thyme) Extract, Camellia sinensis Callus Culture extracts, Phaseolus Radiatus Meristem Cell Culture Extract, Panax ginseng callus culture extract, Ethylhexylglycerin, Parfum<\/p>\n","protected":false},"excerpt":{"rendered":"<p>Niisutavate nahahooldustoodete komplekt, mis koosneb kolmest tootest: niisutav n\u00e4oseerum h\u00fcaluroonhappega, niisutav n\u00e4okreem h\u00fcaluroonhappega, ja puhastav n\u00e4opesugeel rohelise teega.&nbsp; 1.&nbsp;Coxir Ultra Hyaluronic Ampoule 50ml\u2013 Buduaari Lemmik 2020 konkursi v\u00f5itja &#8212; parim jaem\u00fc\u00fcgitoode! Kontsentreeritud s\u00fcgavniisutav seerum, mis sisaldab 40% puhast h\u00fcaluroonhapet ning aaloe ekstrakti. H\u00fcaluroonhape viib niiskuse s\u00fcgavale naha sisse ja niisutab nahka seest poolt. T\u00e4nu sellele [&hellip;]<\/p>\n","protected":false},"featured_media":3942,"comment_status":"open","ping_status":"closed","template":"","meta":{"_acf_changed":false},"product_brand":[],"product_cat":[],"product_tag":[],"class_list":{"0":"post-3861","1":"product","2":"type-product","3":"status-publish","4":"has-post-thumbnail","6":"brand-coxir","8":"first","9":"instock","10":"taxable","11":"shipping-taxable","12":"purchasable","13":"product-type-simple"},"bundle_layout":"","bundled_by":[],"bundled_items":[],"acf":[],"_links":{"self":[{"href":"https:\/\/meon.theskinhouse.ee\/ru\/wp-json\/wp\/v2\/product\/3861","targetHints":{"allow":["GET"]}}],"collection":[{"href":"https:\/\/meon.theskinhouse.ee\/ru\/wp-json\/wp\/v2\/product"}],"about":[{"href":"https:\/\/meon.theskinhouse.ee\/ru\/wp-json\/wp\/v2\/types\/product"}],"replies":[{"embeddable":true,"href":"https:\/\/meon.theskinhouse.ee\/ru\/wp-json\/wp\/v2\/comments?post=3861"}],"wp:featuredmedia":[{"embeddable":true,"href":"https:\/\/meon.theskinhouse.ee\/ru\/wp-json\/wp\/v2\/media\/3942"}],"wp:attachment":[{"href":"https:\/\/meon.theskinhouse.ee\/ru\/wp-json\/wp\/v2\/media?parent=3861"}],"wp:term":[{"taxonomy":"product_brand","embeddable":true,"href":"https:\/\/meon.theskinhouse.ee\/ru\/wp-json\/wp\/v2\/product_brand?post=3861"},{"taxonomy":"product_cat","embeddable":true,"href":"https:\/\/meon.theskinhouse.ee\/ru\/wp-json\/wp\/v2\/product_cat?post=3861"},{"taxonomy":"product_tag","embeddable":true,"href":"https:\/\/meon.theskinhouse.ee\/ru\/wp-json\/wp\/v2\/product_tag?post=3861"}],"curies":[{"name":"wp","href":"https:\/\/api.w.org\/{rel}","templated":true}]}}