{"id":384,"date":"2020-04-02T14:03:16","date_gmt":"2020-04-02T11:03:16","guid":{"rendered":"https:\/\/meon.theskinhouse.ee\/toode\/the-skin-house-vital-bright-serum-tester-2\/"},"modified":"2026-01-14T15:25:03","modified_gmt":"2026-01-14T13:25:03","slug":"the-skin-house-vital-bright-serum-tester-2","status":"publish","type":"product","link":"https:\/\/meon.theskinhouse.ee\/ru\/toode\/the-skin-house-vital-bright-serum-tester-2\/","title":{"rendered":"The Skin House Vital Bright Serum Tester"},"content":{"rendered":"<p>TESTER<\/p>\n<p>Viskoosne l\u00e4bipaistev geelt\u00fc\u00fcpi helendava tpimega seerum sisaldab niiskusosakesi ja mikro-kaplseid. Kui mikro-kapsel katki teha ja seda nahal rullida, imendub selle sisu nahka ning j\u00e4tab naha s\u00e4ravaks. Sisaldab helendava toimega koostisosi. Imendub kiirelt ning j\u00e4tab v\u00e4rskendava tunde.<\/p>\n<p>Peamised koostisosad: sidrunimahl (Citrus medica limonum), salat-euterpepalmi (Euterpe oleracea) viljaekstrakt, ahtalehelise mustika (Vaccinium angustifolium) ekstrakt, valge mooruspuu (Morus alba) viljaekstrakt, maguskirsi (Prunus avium) ekstrakt<\/p>\n<p>Kasutamine<br \/>\nP\u00e4rast puhastamist pehmendage nahka toonikuga. Kandke piisav kogus seerumit n\u00e4ole ja laske sel imenduda.&amp;nbsp;<br \/>\n*Parema efekti saavutamiseks kasutage koos sama sarja emulsiooniga.<\/p>\n<p>Kogus: 2ml<br \/>\nSobilik: k\u00f5ik nahat\u00fc\u00fcbid<\/p>\n","protected":false},"excerpt":{"rendered":"<p>TESTER Viskoosne l\u00e4bipaistev geelt\u00fc\u00fcpi helendava tpimega seerum sisaldab niiskusosakesi ja mikro-kaplseid. Kui mikro-kapsel katki teha ja seda nahal rullida, imendub selle sisu nahka ning j\u00e4tab naha s\u00e4ravaks. Sisaldab helendava toimega koostisosi. Imendub kiirelt ning j\u00e4tab v\u00e4rskendava tunde. Peamised koostisosad: sidrunimahl (Citrus medica limonum), salat-euterpepalmi (Euterpe oleracea) viljaekstrakt, ahtalehelise mustika (Vaccinium angustifolium) ekstrakt, valge mooruspuu (Morus [&hellip;]<\/p>\n","protected":false},"featured_media":2146,"comment_status":"open","ping_status":"closed","template":"","meta":{"_acf_changed":false},"product_brand":[],"product_cat":[],"product_tag":[],"class_list":{"0":"post-384","1":"product","2":"type-product","3":"status-publish","4":"has-post-thumbnail","6":"brand-the-skin-house","8":"first","9":"instock","10":"taxable","11":"shipping-taxable","12":"purchasable","13":"product-type-simple"},"bundle_layout":"","bundled_by":[],"bundled_items":[],"acf":[],"_links":{"self":[{"href":"https:\/\/meon.theskinhouse.ee\/ru\/wp-json\/wp\/v2\/product\/384","targetHints":{"allow":["GET"]}}],"collection":[{"href":"https:\/\/meon.theskinhouse.ee\/ru\/wp-json\/wp\/v2\/product"}],"about":[{"href":"https:\/\/meon.theskinhouse.ee\/ru\/wp-json\/wp\/v2\/types\/product"}],"replies":[{"embeddable":true,"href":"https:\/\/meon.theskinhouse.ee\/ru\/wp-json\/wp\/v2\/comments?post=384"}],"wp:featuredmedia":[{"embeddable":true,"href":"https:\/\/meon.theskinhouse.ee\/ru\/wp-json\/wp\/v2\/media\/2146"}],"wp:attachment":[{"href":"https:\/\/meon.theskinhouse.ee\/ru\/wp-json\/wp\/v2\/media?parent=384"}],"wp:term":[{"taxonomy":"product_brand","embeddable":true,"href":"https:\/\/meon.theskinhouse.ee\/ru\/wp-json\/wp\/v2\/product_brand?post=384"},{"taxonomy":"product_cat","embeddable":true,"href":"https:\/\/meon.theskinhouse.ee\/ru\/wp-json\/wp\/v2\/product_cat?post=384"},{"taxonomy":"product_tag","embeddable":true,"href":"https:\/\/meon.theskinhouse.ee\/ru\/wp-json\/wp\/v2\/product_tag?post=384"}],"curies":[{"name":"wp","href":"https:\/\/api.w.org\/{rel}","templated":true}]}}