{"id":380,"date":"2020-04-02T14:03:16","date_gmt":"2020-04-02T11:03:16","guid":{"rendered":"https:\/\/meon.theskinhouse.ee\/toode\/the-skin-house-vital-bright-toner-tester-2\/"},"modified":"2026-01-14T15:25:02","modified_gmt":"2026-01-14T13:25:02","slug":"the-skin-house-vital-bright-toner-tester-2","status":"publish","type":"product","link":"https:\/\/meon.theskinhouse.ee\/ru\/toode\/the-skin-house-vital-bright-toner-tester-2\/","title":{"rendered":"The Skin House Vital Bright Toner Tester"},"content":{"rendered":"<p>TESTER<\/p>\n<p>Piimjas vitamiinirikas toonik muudab naha s\u00e4ravamaks ja niisutatuks. Imendub kiirelt ning j\u00e4tab nahale v\u00e4rske tunde. Salat-euterpepalmi mari, sidrun, mustikas ja mooruspuu v\u00e4rskendavad nahka ja toidavad vitamiinidega&amp;nbsp; seda \u00e4rritamata ja kuivatamata.<\/p>\n<p>Peamised koostisosad: sidrunimahl (Citrus medica limonum), salat-euterpepalmi (Euterpe oleracea) viljaekstrakt, ahtalehelise mustika (Vaccinium angustifolium) ekstrakt, valge mooruspuu (Morus alba) viljaekstrakt, maguskirsi (Prunus avium) ekstrakt<\/p>\n<p><strong>Kasutamine<\/strong><br \/>\nPuhastage n\u00e4gu. Kandke piisav kogus toonikut vatipadjale ja kandke toonik n\u00e4ole suunaga n\u00e4o keskelt \u00e4\u00e4rte poole. Patsutage n\u00e4gu toote paremaks imendumiseks.<\/p>\n<p><strong>Kogus<\/strong>: 2 ml<br \/>\n<strong>Sobilik<\/strong>: k\u00f5ik nahat\u00fc\u00fcbid<\/p>\n","protected":false},"excerpt":{"rendered":"<p>TESTER Piimjas vitamiinirikas toonik muudab naha s\u00e4ravamaks ja niisutatuks. Imendub kiirelt ning j\u00e4tab nahale v\u00e4rske tunde. Salat-euterpepalmi mari, sidrun, mustikas ja mooruspuu v\u00e4rskendavad nahka ja toidavad vitamiinidega&amp;nbsp; seda \u00e4rritamata ja kuivatamata. Peamised koostisosad: sidrunimahl (Citrus medica limonum), salat-euterpepalmi (Euterpe oleracea) viljaekstrakt, ahtalehelise mustika (Vaccinium angustifolium) ekstrakt, valge mooruspuu (Morus alba) viljaekstrakt, maguskirsi (Prunus avium) ekstrakt [&hellip;]<\/p>\n","protected":false},"featured_media":2142,"comment_status":"open","ping_status":"closed","template":"","meta":{"_acf_changed":false},"product_brand":[],"product_cat":[],"product_tag":[],"class_list":{"0":"post-380","1":"product","2":"type-product","3":"status-publish","4":"has-post-thumbnail","6":"brand-the-skin-house","8":"first","9":"instock","10":"taxable","11":"shipping-taxable","12":"purchasable","13":"product-type-simple"},"bundle_layout":"","bundled_by":[],"bundled_items":[],"acf":[],"_links":{"self":[{"href":"https:\/\/meon.theskinhouse.ee\/ru\/wp-json\/wp\/v2\/product\/380","targetHints":{"allow":["GET"]}}],"collection":[{"href":"https:\/\/meon.theskinhouse.ee\/ru\/wp-json\/wp\/v2\/product"}],"about":[{"href":"https:\/\/meon.theskinhouse.ee\/ru\/wp-json\/wp\/v2\/types\/product"}],"replies":[{"embeddable":true,"href":"https:\/\/meon.theskinhouse.ee\/ru\/wp-json\/wp\/v2\/comments?post=380"}],"wp:featuredmedia":[{"embeddable":true,"href":"https:\/\/meon.theskinhouse.ee\/ru\/wp-json\/wp\/v2\/media\/2142"}],"wp:attachment":[{"href":"https:\/\/meon.theskinhouse.ee\/ru\/wp-json\/wp\/v2\/media?parent=380"}],"wp:term":[{"taxonomy":"product_brand","embeddable":true,"href":"https:\/\/meon.theskinhouse.ee\/ru\/wp-json\/wp\/v2\/product_brand?post=380"},{"taxonomy":"product_cat","embeddable":true,"href":"https:\/\/meon.theskinhouse.ee\/ru\/wp-json\/wp\/v2\/product_cat?post=380"},{"taxonomy":"product_tag","embeddable":true,"href":"https:\/\/meon.theskinhouse.ee\/ru\/wp-json\/wp\/v2\/product_tag?post=380"}],"curies":[{"name":"wp","href":"https:\/\/api.w.org\/{rel}","templated":true}]}}