{"id":362,"date":"2020-04-02T13:48:46","date_gmt":"2020-04-02T10:48:46","guid":{"rendered":"https:\/\/meon.theskinhouse.ee\/toode\/the-skin-house-wrinkle-away-galactomyses-eye-cream-2\/"},"modified":"2026-04-10T00:10:03","modified_gmt":"2026-04-09T21:10:03","slug":"the-skin-house-wrinkle-away-galactomyses-eye-cream-2","status":"publish","type":"product","link":"https:\/\/meon.theskinhouse.ee\/ru\/toode\/the-skin-house-wrinkle-away-galactomyses-eye-cream-2\/","title":{"rendered":"The Skin House Wrinkle Away Galactomyses Eye Cream"},"content":{"rendered":"<p style=\"margin: 0px;font-size: 14px;line-height: 26px;font-family: Raleway, sans-serif\"><span style=\"color:#000000\">Tugeva vananemisvastase ja kortse siluva toimega silmakreem, mis sisaldab fermenteeritud (k\u00e4\u00e4ritatud) \u017een\u0161enni ja Galactomyses p\u00e4rmseene ekstrakti. Silmakreem hooldab nahka silmade \u00fcmber, niisutab, pinguldab, t\u00f5stab kortsude p\u00f5hja, v\u00e4rskendab ja helestab tumedaid silmaaluseid.<\/span><\/p>\n<p style=\"margin: 0px;font-size: 14px;line-height: 26px;font-family: Raleway, sans-serif\">&nbsp;<\/p>\n<p style=\"margin: 0px;font-size: 14px;line-height: 26px;font-family: Raleway, sans-serif\"><span style=\"color:#000000\">Sisaldab 6-aastase \u017een\u0161enni juure ekstrakti, mis on \u00fclitugev antioks\u00fcdant, kaitseb nahka vabade radikaalide ja erinevate negatiivsete v\u00e4lism\u00f5jude eest. \u017den\u0161enn taastab epidermise struktuuri, tugevdab veresoonte seinu, \u00fchtlustab nahatooni. \u017den\u0161ennil on unikaalne noorendav toime, seda kasutatakse laialdaselt Aasia meditsiinis ja kosmeetikas. \u017den\u0161enn on kuulus ka selle poolest, et stimuleerib naha enda v\u00f5imet kollageeni s\u00fcnteesida.<\/span><\/p>\n<p style=\"margin: 0px;font-size: 14px;line-height: 26px;font-family: Raleway, sans-serif\">&nbsp;<\/p>\n<p style=\"margin: 0px;font-size: 14px;line-height: 26px;font-family: Raleway, sans-serif\"><span style=\"color:#000000\">Galactomyces p\u00e4rmseene ekstrakt noorendab ja elustab naharakke s\u00fcgavalt seest, kontrollib rasu ja vee tasakaalu (ei lase nahal minna liiga rasuseks ega ka kuivaks). Galactomyces p\u00e4rmseenes on palju A, B ja P vitamiine, samuti kaltsiumit, rauda, tsinki, joodi ja foolhapet. See koostisosa sobib v\u00e4ga h\u00e4sti k\u00fcpsele nahale, sest p\u00e4\u00e4seb s\u00fcgavale nahakihtidesse ning taastab naha elastsust s\u00fcgaval sees. Parandab naha reljeefi, silub miimilisi kortse, nahk muutub m\u00e4rgatavalt nooremaks ja ilusamaks. Stimuleerib naha regeneratsiooni, tugevdab nahka, parandab ainevahetust ja vereringet.<\/span><\/p>\n<p style=\"margin: 0px;font-size: 14px;line-height: 26px;font-family: Raleway, sans-serif\">&nbsp;<\/p>\n<p style=\"margin: 0px;font-size: 14px;line-height: 26px;font-family: Raleway, sans-serif\"><span style=\"color:#000000\">Antud silmakreem on fermenteeritud \u2013 s.t. k\u00e4\u00e4ritatud patenteeritud viisil madalatel temperatuuridel. Selle protsessi k\u00e4igus l\u00e4hevad aktiivsete ainete molekulid v\u00e4iksemaks, t\u00e4nu millelele imendub selline kosmeetika paremini ja s\u00fcgavamale. Samuti sisaldab fermenteeritud kosmeetika suuremas koguses mineraalaineid, vitamiine ja antioks\u00fcdante. Kuna k\u00e4\u00e4rimine toimub madalatel temperatuuridel, s.t. toodet ei kuumutata, siis s\u00e4ilivad k\u00f5ik vitamiinid ja mineraalid algsel kujul. Fermenteeritud kosmeetikat omastab nahk palju paremini ja t\u00e4nu sellele on ta efektiivsem.<\/span><\/p>\n<p style=\"margin: 0px;font-size: 14px;line-height: 26px;font-family: Raleway, sans-serif\">&nbsp;<\/p>\n<p style=\"margin: 0px;font-size: 14px;line-height: 26px;font-family: Raleway, sans-serif\"><span style=\"color:#000000\"><strong>Peamised koostisosad: <\/strong>hariliku \u017een\u0161enni (Panax ginseng) juureekstrakt, niatsiinamiid, adenosiin, p\u00e4rmseene (Galactomyces) filtraat, mand\u017euuria kannikese (Viola mandshurica) \u00f5ieekstrakt, valge mooruspuu (Morus alba) marjaekstrakt, hariliku portulaki (Portulaca oleracea) ekstrakt<\/span><\/p>\n<p style=\"margin: 0px;font-size: 14px;line-height: 26px;font-family: Raleway, sans-serif\">&nbsp;<\/p>\n<p style=\"margin: 0px;font-size: 14px;line-height: 26px;font-family: Raleway, sans-serif\"><span style=\"color:#000000\"><span style=\"font-weight: 700\">Kasutamine<\/span><br \/>\nP\u00e4rast naha puhastamist kandke sobiv kogust toodet vatipadjale ning puhastage sellega n\u00e4gu seestpoolt v\u00e4ljapoole.<\/span><\/p>\n<p style=\"margin: 0px;font-size: 14px;line-height: 26px;font-family: Raleway, sans-serif\">&nbsp;<\/p>\n<p style=\"margin: 0px;font-size: 14px;line-height: 26px;font-family: Raleway, sans-serif\"><span style=\"color:#000000\"><span style=\"font-weight: 700\">Kogus<\/span>: 30 ml<\/span><\/p>\n<p style=\"margin: 0px;font-size: 14px;line-height: 26px;font-family: Raleway, sans-serif\"><span style=\"color:#000000\"><span style=\"font-weight: 700\">Sobilik<\/span>: vananemise tunnustega nahale.<\/p>\n<p><strong>Koostis<\/strong><br \/>\nWater,&nbsp;Betula Alba Juice,&nbsp;Butylene glycol,&nbsp;Squalane,&nbsp;Caprylic\/Capric Triglyceride,&nbsp;Cetyl Ethylhexanoate,&nbsp;Glyceryl polyacrylate,&nbsp;Dimethicone,&nbsp;Cyclomethicone,&nbsp;Isohexadecane,&nbsp;Sorbitan Stearate,&nbsp;Sucrose Cocoate,&nbsp;Glycerin,&nbsp;Sodium Hyaluronate,&nbsp;Yeast Extract,&nbsp;Glycoproteins,&nbsp;Betaine,&nbsp;1,2-Hexanediol,&nbsp;Stearic Acid,&nbsp;Cetearyl Alcohol,&nbsp;Polyglyceryl-3 Methylglucose Distearate,&nbsp;Sea Water,&nbsp;Mangifera Indica(Mango) seed butter,&nbsp;Galactomyces Ferment Filtrate,&nbsp;Hydrogenated Lecithin,&nbsp;sh-Oligopeptide-1,&nbsp;Hydrolyzed Collagen,&nbsp;Morus Alba Fruit Extract,&nbsp;Viola Mandshurica Flower Extract,&nbsp;Arginine,&nbsp;Dimethicone\/Vinyl Dimethicone Crosspolymer,&nbsp;Carbomer,&nbsp;Adenosine,&nbsp;CI 19140,&nbsp;CI 15985,&nbsp;Parfum<\/span><br \/>\n&nbsp;<\/p>\n","protected":false},"excerpt":{"rendered":"<p>Tugeva vananemisvastase ja kortse siluva toimega silmakreem, mis sisaldab fermenteeritud (k\u00e4\u00e4ritatud) \u017een\u0161enni ja Galactomyses p\u00e4rmseene ekstrakti. Silmakreem hooldab nahka silmade \u00fcmber, niisutab, pinguldab, t\u00f5stab kortsude p\u00f5hja, v\u00e4rskendab ja helestab tumedaid silmaaluseid. &nbsp; Sisaldab 6-aastase \u017een\u0161enni juure ekstrakti, mis on \u00fclitugev antioks\u00fcdant, kaitseb nahka vabade radikaalide ja erinevate negatiivsete v\u00e4lism\u00f5jude eest. \u017den\u0161enn taastab epidermise struktuuri, tugevdab [&hellip;]<\/p>\n","protected":false},"featured_media":1791,"comment_status":"open","ping_status":"closed","template":"","meta":{"_acf_changed":false},"product_brand":[],"product_cat":[],"product_tag":[],"class_list":{"0":"post-362","1":"product","2":"type-product","3":"status-publish","4":"has-post-thumbnail","6":"brand-the-skin-house","8":"first","9":"instock","10":"taxable","11":"shipping-taxable","12":"purchasable","13":"product-type-simple"},"bundle_layout":"","bundled_by":[],"bundled_items":[],"acf":[],"_links":{"self":[{"href":"https:\/\/meon.theskinhouse.ee\/ru\/wp-json\/wp\/v2\/product\/362","targetHints":{"allow":["GET"]}}],"collection":[{"href":"https:\/\/meon.theskinhouse.ee\/ru\/wp-json\/wp\/v2\/product"}],"about":[{"href":"https:\/\/meon.theskinhouse.ee\/ru\/wp-json\/wp\/v2\/types\/product"}],"replies":[{"embeddable":true,"href":"https:\/\/meon.theskinhouse.ee\/ru\/wp-json\/wp\/v2\/comments?post=362"}],"wp:featuredmedia":[{"embeddable":true,"href":"https:\/\/meon.theskinhouse.ee\/ru\/wp-json\/wp\/v2\/media\/1791"}],"wp:attachment":[{"href":"https:\/\/meon.theskinhouse.ee\/ru\/wp-json\/wp\/v2\/media?parent=362"}],"wp:term":[{"taxonomy":"product_brand","embeddable":true,"href":"https:\/\/meon.theskinhouse.ee\/ru\/wp-json\/wp\/v2\/product_brand?post=362"},{"taxonomy":"product_cat","embeddable":true,"href":"https:\/\/meon.theskinhouse.ee\/ru\/wp-json\/wp\/v2\/product_cat?post=362"},{"taxonomy":"product_tag","embeddable":true,"href":"https:\/\/meon.theskinhouse.ee\/ru\/wp-json\/wp\/v2\/product_tag?post=362"}],"curies":[{"name":"wp","href":"https:\/\/api.w.org\/{rel}","templated":true}]}}