{"id":360,"date":"2020-04-02T13:48:46","date_gmt":"2020-04-02T10:48:46","guid":{"rendered":"https:\/\/meon.theskinhouse.ee\/toode\/the-skin-house-wrinkle-collagen-ampoule-2\/"},"modified":"2026-01-26T03:30:03","modified_gmt":"2026-01-26T01:30:03","slug":"the-skin-house-wrinkle-collagen-ampoule-2","status":"publish","type":"product","link":"https:\/\/meon.theskinhouse.ee\/ru\/toode\/the-skin-house-wrinkle-collagen-ampoule-2\/","title":{"rendered":"The Skin House Wrinkle Collagen Ampoule"},"content":{"rendered":"<p>Kortsudevastane k\u00f5rgkontsentreeritud ampull-t\u00fc\u00fcpi seerum kollageeniga. Muutke oma nahk seestpoolt pringiks ja s\u00e4ravamaks!<\/p>\n<p>Kortsudevastase toimega toitev ampull-seerum sisaldab meditsiinilisi komponente nagu taelikuekstrakt, mis kasvab alpipiirkonnas ning on tuntud kui kuiva naha elastsuse taastaja. Ampullis olev seerum on ideaalse tekstuuriga ning sisaldab rohkelt toitaineid, mis imenduvad kiirelt naha sisse ja ei j\u00e4ta nahka kleepuvaks. Seerumit kasutades muutub nahk tervemaks. Paremate tulemuste saavutamiseks soovitame kasutada koos The Skin House Wrinkle Line kreemiga.<\/p>\n<p><strong>Peamised koostisosad: <\/strong>adenosiin, taeliku (Phellinus linteus) ekstrakt, india lootose (Nelumbium speciosum) \u00f5ieekstrakt<\/p>\n<p><strong>Kasutamine<\/strong><br \/>\nP\u00e4rast naha puhastamist ja tooniku kasutamist v\u00f5tke v\u00e4ike kogus toodet ning kandke \u00f5hukese kihina \u00fchtlaselt n\u00e4ole. S\u00fcgavama niisutatuse saavutamiseks v\u00f5ib protseduuri korrata mitmeid kordi. Igal pealekandmisel tungib toode s\u00fcgavale naha sisse ning muudab naha siledamaks.<br \/>\n* S\u00fcgavama niisutuse saavutamiseks kasutage ka sama sarja niisutavat kreemi.<\/p>\n<p><strong>Kogus:<\/strong> 30 ml<br \/>\n<strong>Sobilik:<\/strong> n\u00f5rk ja l\u00f5tvunud nahk<\/p>\n<p><strong>Koostis<\/strong><br \/>\nWater,&nbsp;Sodium Hyaluronate,&nbsp;Glycerin,&nbsp;Butylene glycol,&nbsp;Betaine,&nbsp;Alcohol,&nbsp;1,2-Hexanediol,&nbsp;PPG-26-Buteth-26,&nbsp;PEG-40 Hydrogenated Castor Oil,&nbsp;Arginine,&nbsp;Hydrolyzed Collagen,&nbsp;Dipotassium Glycyrrhizate,&nbsp;Sodium Citrate,&nbsp;Glyceryl Acrylate\/Acrylic Acid Copolymer,&nbsp;Propylene Glycol,&nbsp;PVM\/MA Copolymer,&nbsp;Carbomer,&nbsp;Xanthan GUM,&nbsp;Solanum Lycopersicum (Tomato) Fruit Extract,&nbsp;Paeonia Lactiflora Bark\/Sap Extract,&nbsp;Lonicera Japonica (Honeysuckle) Flower Extract,&nbsp;Myrciaria Dubia Fruit Extract,&nbsp;Euterpe Oleracea Fruit Extract,&nbsp;Ardisia Crispa Extract,&nbsp;Rubus Coreanus Fruit Extract,&nbsp;Phellinus Linteus Extract,&nbsp;Aloe Barbadensis Leaf Extract,&nbsp;Nelumbo Nucifera Leaf Extract,&nbsp;Ethylhexylglycerin,&nbsp;Citric Acid,&nbsp;Adenosine,&nbsp;Disodium EDTA,&nbsp;Panax ginseng callus culture extract,&nbsp;Phaseolus Radiatus Meristem Cell Culture Extract,&nbsp;CI 15985,&nbsp;CI 19140,&nbsp;Perfume<br \/>\n&nbsp;<\/p>\n","protected":false},"excerpt":{"rendered":"<p>Kortsudevastane k\u00f5rgkontsentreeritud ampull-t\u00fc\u00fcpi seerum kollageeniga. Muutke oma nahk seestpoolt pringiks ja s\u00e4ravamaks! Kortsudevastase toimega toitev ampull-seerum sisaldab meditsiinilisi komponente nagu taelikuekstrakt, mis kasvab alpipiirkonnas ning on tuntud kui kuiva naha elastsuse taastaja. Ampullis olev seerum on ideaalse tekstuuriga ning sisaldab rohkelt toitaineid, mis imenduvad kiirelt naha sisse ja ei j\u00e4ta nahka kleepuvaks. Seerumit kasutades muutub [&hellip;]<\/p>\n","protected":false},"featured_media":1849,"comment_status":"open","ping_status":"closed","template":"","meta":{"_acf_changed":false},"product_brand":[],"product_cat":[],"product_tag":[],"class_list":{"0":"post-360","1":"product","2":"type-product","3":"status-publish","4":"has-post-thumbnail","6":"brand-the-skin-house","8":"first","9":"instock","10":"taxable","11":"shipping-taxable","12":"purchasable","13":"product-type-simple"},"bundle_layout":"","bundled_by":[],"bundled_items":[],"acf":[],"_links":{"self":[{"href":"https:\/\/meon.theskinhouse.ee\/ru\/wp-json\/wp\/v2\/product\/360","targetHints":{"allow":["GET"]}}],"collection":[{"href":"https:\/\/meon.theskinhouse.ee\/ru\/wp-json\/wp\/v2\/product"}],"about":[{"href":"https:\/\/meon.theskinhouse.ee\/ru\/wp-json\/wp\/v2\/types\/product"}],"replies":[{"embeddable":true,"href":"https:\/\/meon.theskinhouse.ee\/ru\/wp-json\/wp\/v2\/comments?post=360"}],"wp:featuredmedia":[{"embeddable":true,"href":"https:\/\/meon.theskinhouse.ee\/ru\/wp-json\/wp\/v2\/media\/1849"}],"wp:attachment":[{"href":"https:\/\/meon.theskinhouse.ee\/ru\/wp-json\/wp\/v2\/media?parent=360"}],"wp:term":[{"taxonomy":"product_brand","embeddable":true,"href":"https:\/\/meon.theskinhouse.ee\/ru\/wp-json\/wp\/v2\/product_brand?post=360"},{"taxonomy":"product_cat","embeddable":true,"href":"https:\/\/meon.theskinhouse.ee\/ru\/wp-json\/wp\/v2\/product_cat?post=360"},{"taxonomy":"product_tag","embeddable":true,"href":"https:\/\/meon.theskinhouse.ee\/ru\/wp-json\/wp\/v2\/product_tag?post=360"}],"curies":[{"name":"wp","href":"https:\/\/api.w.org\/{rel}","templated":true}]}}