{"id":356,"date":"2020-04-02T13:48:46","date_gmt":"2020-04-02T10:48:46","guid":{"rendered":"https:\/\/meon.theskinhouse.ee\/toode\/the-skin-house-wrinkle-collagen-emulsion-2\/"},"modified":"2026-04-10T05:50:03","modified_gmt":"2026-04-10T02:50:03","slug":"the-skin-house-wrinkle-collagen-emulsion-2","status":"publish","type":"product","link":"https:\/\/meon.theskinhouse.ee\/ru\/toode\/the-skin-house-wrinkle-collagen-emulsion-2\/","title":{"rendered":"The Skin House Wrinkle Collagen Emulsion"},"content":{"rendered":"<p>Kollageeni sisaldav vananemisvastase toimega ning elastsust ja niiskust lisav emulsioon.<\/p>\n<p>KFDA poolt sertifitseeritud vananemisvastase toimega emulsioon sisaldab pinguldavaid ja nahka tihendavaid kollageeni komponente ning kortsudevastast toimet omavat adenosiini, mis muudab naha elastsemaks ja siledamaks. Emulsioon hoolitseb naha eest viiel erineval moel: v\u00e4hendab kortse, t\u00f5stab naha elastsust ja tihedust, muudab naha heledamaks ning ahendab poore. See k\u00f5rgkontsentreeritud vananemisvastase toime ja k\u00fclluslike toitainetega emulsioon muudab naha taas elastsemaks ja elavamaks.<\/p>\n<p><strong>Peamised koostisosad:<\/strong> kollageen, adenosiin<\/p>\n<p><strong>Kasutamine<\/strong><br \/>\nPuhastage n\u00e4gu ning pehmendage nahka toonikuga. Kandke sobiv kogus emulsiooni \u00fchtlaselt n\u00e4ole. Toote paremaks imendumiseks tupsutage nahka n\u00e4puotstega.<\/p>\n<p><strong>Kogus: <\/strong>130 ml<\/p>\n<p><strong>Sobilik:<\/strong> n\u00f5rk ja l\u00f5tvunud nahk<\/p>\n<p><strong>Koostis<\/strong><br \/>\nWater,&nbsp;Glycerin,&nbsp;Cetyl Ethylhexanoate,&nbsp;Mineral Oil,&nbsp;Hydrogenated Polydecene,&nbsp;Squalane,&nbsp;Sodium Hyaluronate,&nbsp;Butylene glycol,&nbsp;Cyclomethicone,&nbsp;1,2-Hexanediol,&nbsp;Methyl Glucose Sesquistearate,&nbsp;Arachidyl Glucoside,&nbsp;Lecithin,&nbsp;Glyceryl Stearate,&nbsp;Caprylic\/Capric Triglyceride,&nbsp;Macadamia Integrifolia Seed Oil,&nbsp;Hydrolyzed Collagen,&nbsp;Glyceryl Acrylate\/Acrylic Acid Copolymer,&nbsp;Propylene Glycol,&nbsp;Betaine,&nbsp;Sorbitan Isostearate,&nbsp;Polysorbate 80,&nbsp;PEG-100 Stearate,&nbsp;Stearic Acid,&nbsp;Dimethicone,&nbsp;Lanolin,&nbsp;Yeast Extract,&nbsp;Glycoproteins,&nbsp;Aloe Barbadensis Leaf Extract,&nbsp;Arginine,&nbsp;Cetearyl Alcohol,&nbsp;Allantoin,&nbsp;Dipropylene Glycol,&nbsp;Carbomer,&nbsp;Paeonia Lactiflora Bark\/Sap Extract,&nbsp;Lilium Tigrinum Extract,&nbsp;Nelumbium Speciosum Flower Extract,&nbsp;Lonicera Japonica (Honeysuckle) Flower Extract,&nbsp;Chrysanthemum Indicum Flower Extract,&nbsp;Cucurbita Pepo (Pumpkin) Fruit Extract,&nbsp;Solanum Lycopersicum (Tomato) Fruit Extract,&nbsp;Tocopheryl Acetate,&nbsp;Adenosine,&nbsp;Xanthan GUM,&nbsp;Disodium EDTA,&nbsp;Phenoxyethanol,&nbsp;Ethyl- hexylglycerin,&nbsp;Parfum<br \/>\n&nbsp;<\/p>\n","protected":false},"excerpt":{"rendered":"<p>Kollageeni sisaldav vananemisvastase toimega ning elastsust ja niiskust lisav emulsioon. KFDA poolt sertifitseeritud vananemisvastase toimega emulsioon sisaldab pinguldavaid ja nahka tihendavaid kollageeni komponente ning kortsudevastast toimet omavat adenosiini, mis muudab naha elastsemaks ja siledamaks. Emulsioon hoolitseb naha eest viiel erineval moel: v\u00e4hendab kortse, t\u00f5stab naha elastsust ja tihedust, muudab naha heledamaks ning ahendab poore. See [&hellip;]<\/p>\n","protected":false},"featured_media":1841,"comment_status":"open","ping_status":"closed","template":"","meta":{"_acf_changed":false},"product_brand":[],"product_cat":[],"product_tag":[],"class_list":{"0":"post-356","1":"product","2":"type-product","3":"status-publish","4":"has-post-thumbnail","6":"brand-the-skin-house","8":"first","9":"instock","10":"taxable","11":"shipping-taxable","12":"purchasable","13":"product-type-simple"},"bundle_layout":"","bundled_by":[],"bundled_items":[],"acf":[],"_links":{"self":[{"href":"https:\/\/meon.theskinhouse.ee\/ru\/wp-json\/wp\/v2\/product\/356","targetHints":{"allow":["GET"]}}],"collection":[{"href":"https:\/\/meon.theskinhouse.ee\/ru\/wp-json\/wp\/v2\/product"}],"about":[{"href":"https:\/\/meon.theskinhouse.ee\/ru\/wp-json\/wp\/v2\/types\/product"}],"replies":[{"embeddable":true,"href":"https:\/\/meon.theskinhouse.ee\/ru\/wp-json\/wp\/v2\/comments?post=356"}],"wp:featuredmedia":[{"embeddable":true,"href":"https:\/\/meon.theskinhouse.ee\/ru\/wp-json\/wp\/v2\/media\/1841"}],"wp:attachment":[{"href":"https:\/\/meon.theskinhouse.ee\/ru\/wp-json\/wp\/v2\/media?parent=356"}],"wp:term":[{"taxonomy":"product_brand","embeddable":true,"href":"https:\/\/meon.theskinhouse.ee\/ru\/wp-json\/wp\/v2\/product_brand?post=356"},{"taxonomy":"product_cat","embeddable":true,"href":"https:\/\/meon.theskinhouse.ee\/ru\/wp-json\/wp\/v2\/product_cat?post=356"},{"taxonomy":"product_tag","embeddable":true,"href":"https:\/\/meon.theskinhouse.ee\/ru\/wp-json\/wp\/v2\/product_tag?post=356"}],"curies":[{"name":"wp","href":"https:\/\/api.w.org\/{rel}","templated":true}]}}