{"id":352,"date":"2020-04-02T13:48:45","date_gmt":"2020-04-02T10:48:45","guid":{"rendered":"https:\/\/meon.theskinhouse.ee\/toode\/the-skin-house-wrinkle-collagen-toner-2\/"},"modified":"2026-04-10T05:50:03","modified_gmt":"2026-04-10T02:50:03","slug":"the-skin-house-wrinkle-collagen-toner-2","status":"publish","type":"product","link":"https:\/\/meon.theskinhouse.ee\/ru\/toode\/the-skin-house-wrinkle-collagen-toner-2\/","title":{"rendered":"The Skin House Wrinkle Collagen Toner"},"content":{"rendered":"<p>Kollageeni sisaldav vananemisvastase toimega ning elastsust ja niiskust lisav toonik.<\/p>\n<p>Korea Terviseameti poolt sertifitseeritud kortse v\u00e4hendava toimega toonik sisaldab pinguldavaid ja nahka tihendavaid kollageeni komponente ning kortsudevastast toimet omavat adenosiini, mis muudab naha elastsemaks ja siledamaks. Toonik hoolitseb naha eest viiel erineval moel: v\u00e4hendab kortse, t\u00f5stab naha elastsust ja tihedust, muudab naha heledamaks ning ahendab poore. See k\u00f5rgkontsentreeritud vananemisvastase toime ja k\u00fclluslike toitainetega toonik muudab naha taas elastsemaks ja elavamaks.<\/p>\n<p><strong>Peamised koostisosad:<\/strong> kollageen, adenosiin<\/p>\n<p><strong>Kasutamine<\/strong><br \/>\nPuhastage n\u00e4gu. Kandke sobiv kogus toonikut \u00fchtlaselt n\u00e4ole. Katke n\u00e4gu k\u00e4tega ning patsutage kergelt toote paremaks imendumiseks.<\/p>\n<p><strong>Kogus:<\/strong> 130 ml<\/p>\n<p><strong>Sobilik: <\/strong>n\u00f5rk ja l\u00f5tvunud nahk<\/p>\n<p><strong>Koostis<\/strong><br \/>\nWater,&nbsp;Glycerin,&nbsp;Glycoproteins,&nbsp;Sodium Hyaluronate,&nbsp;Betaine, Butylene glycol,&nbsp;Yeast Extract,&nbsp;Alcohol,&nbsp;1,2-Hexanediol,&nbsp;Hydrolyzed Collagen,&nbsp;Althaea Rosea Flower Extract,&nbsp;Aloe Barbadensis Leaf Extract,&nbsp;PEG-40 Hydrogenated Castor Oil,&nbsp;Ceramide NP,&nbsp;Hydrogenated Lecithin,&nbsp;Propylene Glycol,&nbsp;Turnera Diffusa Leaf Extract,&nbsp;Paeonia Lactiflora Extract,&nbsp;Lilium Tigrinum Extract,&nbsp;Nelumbium Speciosum Flower Extract,&nbsp;Lonicera Japonica (Honeysuckle) Flower Extract,&nbsp;Chrysanthemum Indicum Flower Extract,&nbsp;Cucurbita Pepo (Pumpkin) Fruit Extract,&nbsp;Solanum Lycopersicum (Tomato) Fruit Extract,&nbsp;PEG-60 Hydrogenated Castor Oil,&nbsp;Styrene\/VP Copolymer,&nbsp;Xanthan GUM,&nbsp;Arginine,&nbsp;Carbomer,&nbsp;Dipropylene Glycol,&nbsp;Hamamelis Virginiana (Witch Hazel) Leaf Extract,&nbsp;Sodium Citrate,&nbsp;Tocopheryl Acetate,&nbsp;Adenosine,&nbsp;Citric Acid,&nbsp;Disodium EDTA,&nbsp;Ethylhexylglycerin,&nbsp;Parfum<br \/>\n&nbsp;<\/p>\n","protected":false},"excerpt":{"rendered":"<p>Kollageeni sisaldav vananemisvastase toimega ning elastsust ja niiskust lisav toonik. Korea Terviseameti poolt sertifitseeritud kortse v\u00e4hendava toimega toonik sisaldab pinguldavaid ja nahka tihendavaid kollageeni komponente ning kortsudevastast toimet omavat adenosiini, mis muudab naha elastsemaks ja siledamaks. Toonik hoolitseb naha eest viiel erineval moel: v\u00e4hendab kortse, t\u00f5stab naha elastsust ja tihedust, muudab naha heledamaks ning ahendab [&hellip;]<\/p>\n","protected":false},"featured_media":1835,"comment_status":"open","ping_status":"closed","template":"","meta":{"_acf_changed":false},"product_brand":[],"product_cat":[],"product_tag":[],"class_list":{"0":"post-352","1":"product","2":"type-product","3":"status-publish","4":"has-post-thumbnail","6":"brand-the-skin-house","8":"first","9":"instock","10":"taxable","11":"shipping-taxable","12":"purchasable","13":"product-type-simple"},"bundle_layout":"","bundled_by":[],"bundled_items":[],"acf":[],"_links":{"self":[{"href":"https:\/\/meon.theskinhouse.ee\/ru\/wp-json\/wp\/v2\/product\/352","targetHints":{"allow":["GET"]}}],"collection":[{"href":"https:\/\/meon.theskinhouse.ee\/ru\/wp-json\/wp\/v2\/product"}],"about":[{"href":"https:\/\/meon.theskinhouse.ee\/ru\/wp-json\/wp\/v2\/types\/product"}],"replies":[{"embeddable":true,"href":"https:\/\/meon.theskinhouse.ee\/ru\/wp-json\/wp\/v2\/comments?post=352"}],"wp:featuredmedia":[{"embeddable":true,"href":"https:\/\/meon.theskinhouse.ee\/ru\/wp-json\/wp\/v2\/media\/1835"}],"wp:attachment":[{"href":"https:\/\/meon.theskinhouse.ee\/ru\/wp-json\/wp\/v2\/media?parent=352"}],"wp:term":[{"taxonomy":"product_brand","embeddable":true,"href":"https:\/\/meon.theskinhouse.ee\/ru\/wp-json\/wp\/v2\/product_brand?post=352"},{"taxonomy":"product_cat","embeddable":true,"href":"https:\/\/meon.theskinhouse.ee\/ru\/wp-json\/wp\/v2\/product_cat?post=352"},{"taxonomy":"product_tag","embeddable":true,"href":"https:\/\/meon.theskinhouse.ee\/ru\/wp-json\/wp\/v2\/product_tag?post=352"}],"curies":[{"name":"wp","href":"https:\/\/api.w.org\/{rel}","templated":true}]}}