{"id":350,"date":"2020-04-02T13:48:45","date_gmt":"2020-04-02T10:48:45","guid":{"rendered":"https:\/\/meon.theskinhouse.ee\/toode\/the-skin-house-wrinkle-eye-creme-plus-2\/"},"modified":"2026-04-10T05:50:03","modified_gmt":"2026-04-10T02:50:03","slug":"the-skin-house-wrinkle-eye-creme-plus-2","status":"publish","type":"product","link":"https:\/\/meon.theskinhouse.ee\/ru\/toode\/the-skin-house-wrinkle-eye-creme-plus-2\/","title":{"rendered":"The Skin House Wrinkle Eye Creme Plus"},"content":{"rendered":"<p>Silma\u00fcmbruskreem sileda ja pringi naha jaoks k\u00fcpsele nahale.<\/p>\n<p>Silma\u00fcmbruspiirkonna nahk ei sisalda rasun\u00e4\u00e4rmeid, seega on see v\u00e4ga \u00f5huke ning kuiv ja kortsud on kiired tekkima. Silma\u00fcmbruspiirkonna naha eest tuleb erilist hoolt kanda ja seda juba alates 20. eluaastast, mil nahk hakkab vananema.<\/p>\n<p>Wrinkle Eye Cream Plus on k\u00f5rgkontsentreeritud vananemisvastase toimega silma\u00fcmbruskreem, mis hoolitseb intensiivselt silma\u00fcmbruspiirkonna naha eest muutes seda elastsemaks. Kreem sisaldab k\u00f5rgkontsentreeritud kollageeni koostisosi ja kortsudevastase toime poolest tuntud adenosiini. Adenosiin soodustab nahas kollageeni s\u00fcnteesi, mist\u00f5ttu suureneb naha elastsus ja v\u00e4henevad kortsud. See intensiivne silma\u00fcmbruskreem niisutab ja toidab nahka samaaegselt. Kreem on kleepuva tekstuuriga, kuid imendub kiirelt ning ei j\u00e4ta nahka rasvaseks.<\/p>\n<p><strong>Peamised koostisosad:<\/strong> kollageen, adenosiin, teolima filtraat, alpi j\u00e4nesek\u00e4pa (Leontopodium alpinum) ekstrakt, aed-liivatee (Thymus vulgaris) ekstrakt<\/p>\n<p><strong>Kasutamine<\/strong><br \/>\nPuhastage n\u00e4gu. V\u00f5tke p\u00e4rlisuurune kogus kreemi ja kandke see silma\u00fcmbruspiirkonna nahale. Kasutage kreemi igal hommikul ja \u00f5htul, et saavutada parim tulemus.<\/p>\n<p><strong>Kogus: <\/strong>30 ml<br \/>\n<strong>Sobilik:<\/strong> n\u00f5rk ja l\u00f5tvunud nahk, k\u00fcpsele nahale<\/p>\n<p><strong>Koostis<\/strong><br \/>\nWater,&nbsp;Glycerin,&nbsp;Squalane,&nbsp;Butylene glycol,&nbsp;Sodium Hyaluronate,&nbsp;Cyclomethicone,&nbsp;Mineral Oil,&nbsp;Cetyl Ethylhexanoate,&nbsp;Caprylic\/Capric Triglyceride,&nbsp;Macadamia Integrifolia Seed Oil,&nbsp;Cetearyl Alcohol,&nbsp;Stearic Acid,&nbsp;Dimethicone,&nbsp;Dimethicone\/Vinyl Dimethicone Crosspolymer,&nbsp;Glyceryl Stearate,&nbsp;PEG-100 Stearate,&nbsp;Betaine,&nbsp;Methyl Gluceth-20,&nbsp;PEG-10 Dimethicone,&nbsp;Polysorbate 60,&nbsp;Sorbitan Isostearate,&nbsp;Beeswax,&nbsp;Carbomer,&nbsp;Sorbitan Stearate,&nbsp;Sodium Polyacrylate,&nbsp;C13-14 Isoparaffin,&nbsp;Laureth-7,&nbsp;Hydrolyzed Collagen,&nbsp;Hydrogenated Lecithin,&nbsp;Linoleic acid,&nbsp;Ceramide NP,&nbsp;TEA-cocoyl Glutamate,&nbsp;Camellia Japonica seed oil,&nbsp;Arginine,&nbsp;Myrciaria Dubia Fruit Extract,&nbsp;Euterpe Oleracea Fruit Extract,&nbsp;Panthenol,&nbsp;Allantoin,&nbsp;Adenosine,&nbsp;Disodium EDTA,&nbsp;Panax Ginseng Root Extract,&nbsp;Bambusa Vulgaris Leaf\/Stem Extract,&nbsp;Aloe Barbadensis Leaf Extract,&nbsp;Leontopodium alpinum extract,&nbsp;Thymus Vulgaris (Thyme) Extract,&nbsp;Buddleja Davidii Extract,&nbsp;Snail Secretion Filtrate,&nbsp;Phenoxyethanol,&nbsp;Ethylhexylglycerin,&nbsp;CI 19140,&nbsp;CI 15985,&nbsp;Perfume,&nbsp;<br \/>\n&nbsp;<\/p>\n","protected":false},"excerpt":{"rendered":"<p>Silma\u00fcmbruskreem sileda ja pringi naha jaoks k\u00fcpsele nahale. Silma\u00fcmbruspiirkonna nahk ei sisalda rasun\u00e4\u00e4rmeid, seega on see v\u00e4ga \u00f5huke ning kuiv ja kortsud on kiired tekkima. Silma\u00fcmbruspiirkonna naha eest tuleb erilist hoolt kanda ja seda juba alates 20. eluaastast, mil nahk hakkab vananema. Wrinkle Eye Cream Plus on k\u00f5rgkontsentreeritud vananemisvastase toimega silma\u00fcmbruskreem, mis hoolitseb intensiivselt silma\u00fcmbruspiirkonna [&hellip;]<\/p>\n","protected":false},"featured_media":1831,"comment_status":"open","ping_status":"closed","template":"","meta":{"_acf_changed":false},"product_brand":[],"product_cat":[],"product_tag":[],"class_list":{"0":"post-350","1":"product","2":"type-product","3":"status-publish","4":"has-post-thumbnail","6":"brand-the-skin-house","8":"first","9":"instock","10":"taxable","11":"shipping-taxable","12":"purchasable","13":"product-type-simple"},"bundle_layout":"","bundled_by":[],"bundled_items":[],"acf":[],"_links":{"self":[{"href":"https:\/\/meon.theskinhouse.ee\/ru\/wp-json\/wp\/v2\/product\/350","targetHints":{"allow":["GET"]}}],"collection":[{"href":"https:\/\/meon.theskinhouse.ee\/ru\/wp-json\/wp\/v2\/product"}],"about":[{"href":"https:\/\/meon.theskinhouse.ee\/ru\/wp-json\/wp\/v2\/types\/product"}],"replies":[{"embeddable":true,"href":"https:\/\/meon.theskinhouse.ee\/ru\/wp-json\/wp\/v2\/comments?post=350"}],"wp:featuredmedia":[{"embeddable":true,"href":"https:\/\/meon.theskinhouse.ee\/ru\/wp-json\/wp\/v2\/media\/1831"}],"wp:attachment":[{"href":"https:\/\/meon.theskinhouse.ee\/ru\/wp-json\/wp\/v2\/media?parent=350"}],"wp:term":[{"taxonomy":"product_brand","embeddable":true,"href":"https:\/\/meon.theskinhouse.ee\/ru\/wp-json\/wp\/v2\/product_brand?post=350"},{"taxonomy":"product_cat","embeddable":true,"href":"https:\/\/meon.theskinhouse.ee\/ru\/wp-json\/wp\/v2\/product_cat?post=350"},{"taxonomy":"product_tag","embeddable":true,"href":"https:\/\/meon.theskinhouse.ee\/ru\/wp-json\/wp\/v2\/product_tag?post=350"}],"curies":[{"name":"wp","href":"https:\/\/api.w.org\/{rel}","templated":true}]}}