{"id":346,"date":"2020-04-02T13:48:45","date_gmt":"2020-04-02T10:48:45","guid":{"rendered":"https:\/\/meon.theskinhouse.ee\/toode\/the-skin-house-wrinkle-golden-snail-egf-patch-2\/"},"modified":"2026-04-10T00:10:03","modified_gmt":"2026-04-09T21:10:03","slug":"the-skin-house-wrinkle-golden-snail-egf-patch-2","status":"publish","type":"product","link":"https:\/\/meon.theskinhouse.ee\/ru\/toode\/the-skin-house-wrinkle-golden-snail-egf-patch-2\/","title":{"rendered":"The Skin House Wrinkle Golden Snail Patch"},"content":{"rendered":"<p>H\u00fcdrogeelsed padjakesed silmaalustele teolima, kulla ja EGFiga (epidermaalne kasvufaktor). Silmapadjakesed v\u00e4hendavad turset silmade all, leevendavad tumedaid silmaaluseid, uuendavad ja niisutavad nahka, siluvad kortse. Silmapadjakesed on kiire ja intensiivne hooldus v\u00e4sinud silmadele, teevad silmad kiiresti v\u00e4rskemaks ja s\u00e4ravamaks, v\u00e4hendavad v\u00e4simuse m\u00e4rke k\u00f5igest 20 minutiga.<\/p>\n<p>Padjakesed sisaldavad teolima, mis on tuntud oma v\u00f5imsa nahka uuendava toime poolest. Teolima kiirendab naha regeneratsiooni, taastab naharakke, on tugeva vananemisvastase toimega, silub kortse, tugevdab nahka ja parandab naha elastsust.<\/p>\n<p>EGF \u2013 epidermaalne kasvufaktor. Tegemist on nahas sisalduva naturaalse valguga, mis m\u00f5jutab naharakke molekulaarsel tasandil, vastutab naha regeneratsiooni (uuenemise) protsesside eest, tugevdab ja parandab kahjustunud rakke. Uuringud on n\u00e4idanud, et EGF kiirendab naha enda v\u00f5imet s\u00fcnteesida kollageeni ja elastiini, selle tulemusena muutub nahk tugevamaks, pringimaks, elastsemaks ja siledamaks. EGF avastamise eest said 2 teadlast Nobeli preemia.<\/p>\n<p>Koostisesse kuuluval kullal on positiivne m\u00f5ju nahale. Kuld takistab naha kuivamist, sisaldab antioks\u00fcdante, mis kaitsevad nahka, kiirendab vereringet, v\u00e4hendab p\u00f5letikke ja \u00e4rritusi.<\/p>\n<p>Padjakesed sisaldavad lisaks adenosiini ja kollageeni, mis pinguldavad nahka ja parandavad naha elastsust.<\/p>\n<p><strong>Kasutamine<\/strong><\/p>\n<p>P\u00e4rast naha puhastamist kandke silmapadjakesed kaasasoleva lusika abil silmaalustele ning j\u00e4tke 20-25-ks minutiks. Seej\u00e4rel eemaldage padjakesed ning masseerige v\u00f5i patsutage \u00f5rnalt alles j\u00e4\u00e4nud vedelik naha sisse.<\/p>\n<p><strong>Kogus<\/strong>: 60 padjakest, 90g.<\/p>\n<p><strong>Koostis<\/strong><br \/>\nAqua, Glycerin, Dipropylene Glycol, Chondrus Crispus Powder, Benzyl Glycol, Ceratonia Siliqua Gum, Butoxydiglycol, Xanthan Gum, Allantoin, Butylene Glycol, Niacinamide, Inonotus Obliquus (Mushroom) Extract, Raspberry Ketone, Fragrance, Dipotassium Glycyrrhizate, Adenosine, Synthetic Fluorphlogopite, Disodium EDTA, Titanium Dioxide, PEG-60Hydrogenated Castor Oil, Calcium lactate, Red Oxide of Iron, Snail Secretion Filtrate, Royal Jelly Extract, Propolis Extract, Phenoxyethanol, Tocopheryl Acetate, Sodium Hyaluronate, 1,2-Hexanediol, Hydrolyzed Collagen, Tin Oxide, Lavandula Angustifolia (Lavender) Extract, Rosmarinus Officinalis (Rosemary) Leaf Extract, Chamomilla Recutita (Matricaria) Flower\/Leaf Extract, Monarda Didyma Leaf Extract, Freesia Alba Flower Extract, Mentha Piperita (Peppermint) Leaf Extract, Ethylhexylglycerin, Polysorbate 20, Gold, rh-Oligopeptide-1<\/p>\n","protected":false},"excerpt":{"rendered":"<p>H\u00fcdrogeelsed padjakesed silmaalustele teolima, kulla ja EGFiga (epidermaalne kasvufaktor). Silmapadjakesed v\u00e4hendavad turset silmade all, leevendavad tumedaid silmaaluseid, uuendavad ja niisutavad nahka, siluvad kortse. Silmapadjakesed on kiire ja intensiivne hooldus v\u00e4sinud silmadele, teevad silmad kiiresti v\u00e4rskemaks ja s\u00e4ravamaks, v\u00e4hendavad v\u00e4simuse m\u00e4rke k\u00f5igest 20 minutiga. Padjakesed sisaldavad teolima, mis on tuntud oma v\u00f5imsa nahka uuendava toime poolest. [&hellip;]<\/p>\n","protected":false},"featured_media":1859,"comment_status":"open","ping_status":"closed","template":"","meta":{"_acf_changed":false},"product_brand":[],"product_cat":[],"product_tag":[],"class_list":{"0":"post-346","1":"product","2":"type-product","3":"status-publish","4":"has-post-thumbnail","6":"brand-the-skin-house","8":"first","9":"instock","10":"taxable","11":"shipping-taxable","12":"purchasable","13":"product-type-simple"},"bundle_layout":"","bundled_by":[],"bundled_items":[],"acf":[],"_links":{"self":[{"href":"https:\/\/meon.theskinhouse.ee\/ru\/wp-json\/wp\/v2\/product\/346","targetHints":{"allow":["GET"]}}],"collection":[{"href":"https:\/\/meon.theskinhouse.ee\/ru\/wp-json\/wp\/v2\/product"}],"about":[{"href":"https:\/\/meon.theskinhouse.ee\/ru\/wp-json\/wp\/v2\/types\/product"}],"replies":[{"embeddable":true,"href":"https:\/\/meon.theskinhouse.ee\/ru\/wp-json\/wp\/v2\/comments?post=346"}],"wp:featuredmedia":[{"embeddable":true,"href":"https:\/\/meon.theskinhouse.ee\/ru\/wp-json\/wp\/v2\/media\/1859"}],"wp:attachment":[{"href":"https:\/\/meon.theskinhouse.ee\/ru\/wp-json\/wp\/v2\/media?parent=346"}],"wp:term":[{"taxonomy":"product_brand","embeddable":true,"href":"https:\/\/meon.theskinhouse.ee\/ru\/wp-json\/wp\/v2\/product_brand?post=346"},{"taxonomy":"product_cat","embeddable":true,"href":"https:\/\/meon.theskinhouse.ee\/ru\/wp-json\/wp\/v2\/product_cat?post=346"},{"taxonomy":"product_tag","embeddable":true,"href":"https:\/\/meon.theskinhouse.ee\/ru\/wp-json\/wp\/v2\/product_tag?post=346"}],"curies":[{"name":"wp","href":"https:\/\/api.w.org\/{rel}","templated":true}]}}