{"id":338,"date":"2020-04-02T13:48:44","date_gmt":"2020-04-02T10:48:44","guid":{"rendered":"https:\/\/meon.theskinhouse.ee\/toode\/the-skin-house-wrinkle-snail-system-cream-tester-2\/"},"modified":"2026-04-10T00:15:03","modified_gmt":"2026-04-09T21:15:03","slug":"the-skin-house-wrinkle-snail-system-cream-tester-2","status":"publish","type":"product","link":"https:\/\/meon.theskinhouse.ee\/ru\/toode\/the-skin-house-wrinkle-snail-system-cream-tester-2\/","title":{"rendered":"The Skin House Wrinkle Snail System Cream Tester"},"content":{"rendered":"<p>TESTER<\/p>\n<p>Vananemisvastane ja naha noorust taastav n\u00e4okreem teolima ekstraktiga. Bestseller Koreas!<\/p>\n<p>Wrinkle Snail System kreem sisaldab adenosiini ja teolima filtraati, mis toetavad vananeva naha taastumisv\u00f5imet, aeglustades vananemise protsesse s\u00fcgaval nahakihtides. Vananemisvastase toimega kreem muudab kortsus ning kurnatud naha uuesti pringiks ja elastseks, lisaks varustab kuiva l\u00f5tvunud nahka niiskusega 24 tunni v\u00e4ltel. On aeg selle k\u00f5rge toitainesisaldusega kreemiga oma vananev nahk kontrolli alla saada! Kreem on sertifitseeritud Korea Terviseameti poolt kui kortsuvastane. Sisaldab vitamiinide kompleksit, mis v\u00f5itleb erinevate nahaprobleemidega.<\/p>\n<p>Teolima on tugeva naharakke taastava ja arme ning haavu parandava toimega, samuti aitab pigmentatsiooni, eba\u00fchtlase nahatooni, akne armide korral.<\/p>\n<p>Peamised koostisosad: teolima filtraat, babassu\u00f5li (Orbignya oleifera), pojengi (Paeonia albiflora) juureekstrakt, alpi j\u00e4nesek\u00e4pa (Leontopodium alpinum) ekstrakt, Davidi budleia ekstrakt<\/p>\n<p><strong>Kasutamine<\/strong><br \/>\nWrinkle Snail System kreemi v\u00f5ib kasutada mitmeti.<\/p>\n<p>1. Nahahoolduse viimase etapina enne magamaminemist. Kandke sobiv kogus toodet n\u00e4ole ning patsutage \u00f5rnalt paremaks imendumiseks.<br \/>\nKasutage kreemi iga p\u00e4ev!<br \/>\n2. Massaa\u017eikreemina tundliku naha korral. Kui nahk muutub v\u00e4lise stiimuli korral tundlikuks, kasutage naha pehmendamiseks toonikut ja seej\u00e4rel kandke paks kiht Wrinkle Snail System kreemi nahale ning masseerige \u00f5rnalt.<br \/>\n3. Niisutava ja toitva maskina. Puhastage n\u00e4gu toonikuga ning kandke paks kiht Wrinkle Snail System kreemi nahale. Laske kreemil 15-20 minutit m\u00f5juda, loputage.<\/p>\n<p>* Kreem on \u00fcsna viskoosne, sest sisaldab teolima v\u00e4ga naturaalsel ja eriti puhtal kujul, t\u00e4nu millele on ta ka \u00fcliefektiivne, kuid nahal patsutades imendub kreem kiiresti, j\u00e4ttes naha pehmeks. Soovitame kreemi kasutada kuiva naha korral ning kortsude vastu v\u00f5itlemisel. Kui enne kreemi kasutada toonikut, seerumit ja\/v\u00f5i emulsiooni, imendub ja toimib kreem palju paremini.<\/p>\n<p><strong>Kogus<\/strong>: 2 ml<br \/>\n&nbsp;<\/p>\n","protected":false},"excerpt":{"rendered":"<p>TESTER Vananemisvastane ja naha noorust taastav n\u00e4okreem teolima ekstraktiga. Bestseller Koreas! Wrinkle Snail System kreem sisaldab adenosiini ja teolima filtraati, mis toetavad vananeva naha taastumisv\u00f5imet, aeglustades vananemise protsesse s\u00fcgaval nahakihtides. Vananemisvastase toimega kreem muudab kortsus ning kurnatud naha uuesti pringiks ja elastseks, lisaks varustab kuiva l\u00f5tvunud nahka niiskusega 24 tunni v\u00e4ltel. On aeg selle k\u00f5rge [&hellip;]<\/p>\n","protected":false},"featured_media":0,"comment_status":"open","ping_status":"closed","template":"","meta":{"_acf_changed":false},"product_brand":[],"product_cat":[],"product_tag":[],"class_list":{"0":"post-338","1":"product","2":"type-product","3":"status-publish","5":"brand-the-skin-house","7":"first","8":"instock","9":"taxable","10":"shipping-taxable","11":"purchasable","12":"product-type-simple"},"bundle_layout":"","bundled_by":[],"bundled_items":[],"acf":[],"_links":{"self":[{"href":"https:\/\/meon.theskinhouse.ee\/ru\/wp-json\/wp\/v2\/product\/338","targetHints":{"allow":["GET"]}}],"collection":[{"href":"https:\/\/meon.theskinhouse.ee\/ru\/wp-json\/wp\/v2\/product"}],"about":[{"href":"https:\/\/meon.theskinhouse.ee\/ru\/wp-json\/wp\/v2\/types\/product"}],"replies":[{"embeddable":true,"href":"https:\/\/meon.theskinhouse.ee\/ru\/wp-json\/wp\/v2\/comments?post=338"}],"wp:attachment":[{"href":"https:\/\/meon.theskinhouse.ee\/ru\/wp-json\/wp\/v2\/media?parent=338"}],"wp:term":[{"taxonomy":"product_brand","embeddable":true,"href":"https:\/\/meon.theskinhouse.ee\/ru\/wp-json\/wp\/v2\/product_brand?post=338"},{"taxonomy":"product_cat","embeddable":true,"href":"https:\/\/meon.theskinhouse.ee\/ru\/wp-json\/wp\/v2\/product_cat?post=338"},{"taxonomy":"product_tag","embeddable":true,"href":"https:\/\/meon.theskinhouse.ee\/ru\/wp-json\/wp\/v2\/product_tag?post=338"}],"curies":[{"name":"wp","href":"https:\/\/api.w.org\/{rel}","templated":true}]}}