{"id":336,"date":"2020-04-02T13:48:44","date_gmt":"2020-04-02T10:48:44","guid":{"rendered":"https:\/\/meon.theskinhouse.ee\/toode\/the-skin-house-wrinkle-supreme-cream-2\/"},"modified":"2026-04-10T00:15:03","modified_gmt":"2026-04-09T21:15:03","slug":"the-skin-house-wrinkle-supreme-cream-2","status":"publish","type":"product","link":"https:\/\/meon.theskinhouse.ee\/ru\/toode\/the-skin-house-wrinkle-supreme-cream-2\/","title":{"rendered":"The Skin House Wrinkle Supreme Cream"},"content":{"rendered":"<p>Vananemisvastase toimega kreem, mis sisaldab \u017een\u0161enni juureekstrakti ja erinevate seente ekstrakte. Pinguldab m\u00e4rgatavalt nahka kohe p\u00e4rast kasutamist. &#171;Must have&#187; kreem v\u00e4sinud ja l\u00f5tvunud nahale.<\/p>\n<p>Kreem hoolitseb v\u00e4sinud naha eest. Seente ekstraktid sisaldavad suures koguses antioks\u00fcdante, mis kaitsevad nahka ja v\u00f5itlevad v\u00e4ikeste kortsude ja teiste vananemisilmingutega. Hariliku \u017een\u0161enni ekstrakt sisaldab ohtralt toitaineid ning v\u00f5itleb v\u00e4liskeskkonnast tuleneva stressiga ning aitab nahal uuesti elavam, kiirgavam ja elastsem v\u00e4lja n\u00e4ha. \u017den\u0161enni juure ekstrakt on \u00fclitugev antioks\u00fcdant, kaitseb nahka vabade radikaalide ja erinevate negatiivsete v\u00e4lism\u00f5jude eest. \u017den\u0161enn taastab epidermise struktuuri, tugevdab veresoonte seinu, \u00fchtlustab nahatooni. \u017den\u0161ennil on unikaalne noorendav toime, seda kasutatakse laialdaselt Aasia meditsiinis ja kosmeetikas. \u017den\u0161enn on kuulus ka selle poolest, et stimuleerib naha enda v\u00f5imet kollageeni s\u00fcnteesida.<\/p>\n<p><strong>Peamised koostisosad:<\/strong> hariliku \u017een\u0161enni (Panax ginseng) juureekstrakt, lakkvaabiku (Ganoderma lucidum) ekstrakt, taeliku (Phellinus linteus) ekstrakt, kasek\u00e4sna (Inonotus obliquus) ekstrakt, Agaricus blazei ekstrakt, m\u00e4nniheiniku (Tricholoma matsutake) ekstrakt, v\u00e4rtenja mariadru (Hizikia fusiforme) ekstrakt, rohevetika (Codium tomentosum) ekstrakt, punavetika (Gelidium cartilagineum) ekstrakt<\/p>\n<p><strong>Kasutamine<\/strong><br \/>\nP\u00e4rast puhastamist pehmendage nahka toonikuga. Kandke seerum v\u00f5i emulsioon n\u00e4ole ja laske imenduda. Kandke seej\u00e4rel v\u00e4ike kogus kreemi \u00fchtlaselt n\u00e4ole.<\/p>\n<p><strong>Kogus:<\/strong> 50 ml<\/p>\n<p><strong>Sobilik: <\/strong>k\u00f5ik nahat\u00fc\u00fcbid, eriti vananemistunnustega nahale ja vananemise ennetamiseks.<\/p>\n<p><strong>Koostis<\/strong><br \/>\nWater,&nbsp;Carbomer,&nbsp;Butylene glycol,&nbsp;Squalane,&nbsp;Caprylic\/Capric Triglyceride,&nbsp;Cetyl Ethylhexanoate,&nbsp;Glyceryl polyacrylate,&nbsp;Dimethicone,&nbsp;Cyclomethicone,&nbsp;Limnanthes Alba (Meadowfoam) Seed Oil,&nbsp;Sorbitan Stearate,&nbsp;Sucrose Cocoate,&nbsp;Cetearyl Alcohol,&nbsp;Glycerin,&nbsp;1,2-Hexanediol,&nbsp;Sodium Hyaluronate,&nbsp;Stearic Acid,&nbsp;Polyglyceryl-3 Methylglucose Distearate,&nbsp;Mangifera Indica (Mango) seed butter,&nbsp;Ceramide NP,&nbsp;Hydrogenated Lecithin,&nbsp;Propylene Glycol,&nbsp;Alcohol,&nbsp;Arginine,&nbsp;Acanthopanax Senticosus (Eleuthero) Root Extract,&nbsp;Punica Granatum Fruit Extract,&nbsp;Panax Ginseng Root Extract,&nbsp;Carthamus Tinctorius (Safflower) Flower Extract,&nbsp;Tocopheryl Acetate,&nbsp;Ganoderma Lucidum (Mushroom) Extract,&nbsp;Grifola Frondosa Extract,&nbsp;Phellinus Linteus Extract,&nbsp;Fomes Officinalis (Mushroom) Extract,&nbsp;Sarcodon Aspratus Extract,&nbsp;Trametes Versicolor Extract,&nbsp;Inonotus Obliquus (Mushroom) Extract,&nbsp;Agaricus Blazei Extract,&nbsp;Tricholoma Matsutake Extract,&nbsp;Propolis Extract,&nbsp;Adenosine,&nbsp;Phenoxyethanol,&nbsp;Ethylhexylglycerin,&nbsp;Perfume<br \/>\n&nbsp;<\/p>\n","protected":false},"excerpt":{"rendered":"<p>Vananemisvastase toimega kreem, mis sisaldab \u017een\u0161enni juureekstrakti ja erinevate seente ekstrakte. Pinguldab m\u00e4rgatavalt nahka kohe p\u00e4rast kasutamist. &#171;Must have&#187; kreem v\u00e4sinud ja l\u00f5tvunud nahale. Kreem hoolitseb v\u00e4sinud naha eest. Seente ekstraktid sisaldavad suures koguses antioks\u00fcdante, mis kaitsevad nahka ja v\u00f5itlevad v\u00e4ikeste kortsude ja teiste vananemisilmingutega. Hariliku \u017een\u0161enni ekstrakt sisaldab ohtralt toitaineid ning v\u00f5itleb v\u00e4liskeskkonnast tuleneva [&hellip;]<\/p>\n","protected":false},"featured_media":1889,"comment_status":"open","ping_status":"closed","template":"","meta":{"_acf_changed":false},"product_brand":[],"product_cat":[],"product_tag":[],"class_list":{"0":"post-336","1":"product","2":"type-product","3":"status-publish","4":"has-post-thumbnail","6":"brand-the-skin-house","8":"first","9":"instock","10":"taxable","11":"shipping-taxable","12":"purchasable","13":"product-type-simple"},"bundle_layout":"","bundled_by":[],"bundled_items":[],"acf":[],"_links":{"self":[{"href":"https:\/\/meon.theskinhouse.ee\/ru\/wp-json\/wp\/v2\/product\/336","targetHints":{"allow":["GET"]}}],"collection":[{"href":"https:\/\/meon.theskinhouse.ee\/ru\/wp-json\/wp\/v2\/product"}],"about":[{"href":"https:\/\/meon.theskinhouse.ee\/ru\/wp-json\/wp\/v2\/types\/product"}],"replies":[{"embeddable":true,"href":"https:\/\/meon.theskinhouse.ee\/ru\/wp-json\/wp\/v2\/comments?post=336"}],"wp:featuredmedia":[{"embeddable":true,"href":"https:\/\/meon.theskinhouse.ee\/ru\/wp-json\/wp\/v2\/media\/1889"}],"wp:attachment":[{"href":"https:\/\/meon.theskinhouse.ee\/ru\/wp-json\/wp\/v2\/media?parent=336"}],"wp:term":[{"taxonomy":"product_brand","embeddable":true,"href":"https:\/\/meon.theskinhouse.ee\/ru\/wp-json\/wp\/v2\/product_brand?post=336"},{"taxonomy":"product_cat","embeddable":true,"href":"https:\/\/meon.theskinhouse.ee\/ru\/wp-json\/wp\/v2\/product_cat?post=336"},{"taxonomy":"product_tag","embeddable":true,"href":"https:\/\/meon.theskinhouse.ee\/ru\/wp-json\/wp\/v2\/product_tag?post=336"}],"curies":[{"name":"wp","href":"https:\/\/api.w.org\/{rel}","templated":true}]}}