{"id":332,"date":"2020-04-02T13:48:44","date_gmt":"2020-04-02T10:48:44","guid":{"rendered":"https:\/\/meon.theskinhouse.ee\/toode\/the-skin-house-wrinkle-supreme-serum-2\/"},"modified":"2026-04-10T05:50:03","modified_gmt":"2026-04-10T02:50:03","slug":"the-skin-house-wrinkle-supreme-serum-2","status":"publish","type":"product","link":"https:\/\/meon.theskinhouse.ee\/ru\/toode\/the-skin-house-wrinkle-supreme-serum-2\/","title":{"rendered":"The Skin House Wrinkle Supreme Serum"},"content":{"rendered":"<p>Vananemisvastase toimega seerum sisaldab toitainerikka \u017een\u0161enni ning \u00fcheksa erineva seene ekstrakte, mis muudavad naha elastsemaks ja siledamaks. L\u00e4bipaistev viskoosne seerum toidab nahka vajalike toitainete ja adenosiiniga, mis on tuntud toimeaine kortsude vastu v\u00f5itlemisel. Seerum muudab naha tervemaks, elavamaks ja s\u00e4ravamaks, eemaldab nahalt stressiilmingud ning tolmu. Antioks\u00fcdandid muudavad naha beebilikult pehmeks.<\/p>\n<p>Seente ekstraktid sisaldavad suures koguses antioks\u00fcdante, mis kaitsevad nahka ja v\u00f5itlevad v\u00e4ikeste kortsude ja teiste vananemisilmingutega. Hariliku \u017een\u0161enni ekstrakt sisaldab ohtralt toitaineid ning v\u00f5itleb v\u00e4liskeskkonnast tuleneva stressiga ning aitab nahal uuesti elavam, kiirgavam ja elastsem v\u00e4lja n\u00e4ha. \u017den\u0161enni juure ekstrakt on \u00fclitugev antioks\u00fcdant, kaitseb nahka vabade radikaalide ja erinevate negatiivsete v\u00e4lism\u00f5jude eest. \u017den\u0161enn taastab epidermise struktuuri, tugevdab veresoonte seinu, \u00fchtlustab nahatooni. \u017den\u0161ennil on unikaalne noorendav toime, seda kasutatakse laialdaselt Aasia meditsiinis ja kosmeetikas. \u017den\u0161enn on kuulus ka selle poolest, et stimuleerib naha enda v\u00f5imet kollageeni s\u00fcnteesida.<\/p>\n<p><strong>Peamised koostisosad: <\/strong>hariliku \u017een\u0161enni (Panax ginseng) juureekstrakt, lakkvaabiku (Ganoderma lucidum) ekstrakt, taeliku (Phellinus linteus) ekstrakt, kasek\u00e4sna (Inonotus obliquus) ekstrakt, Agaricus blazei ekstrakt, m\u00e4nniheiniku (Tricholoma matsutake) ekstrakt, v\u00e4rtenja mariadru (Hizikia fusiforme) ekstrakt, rohevetika (Codium tomentosum) ekstrakt, punavetika (Gelidium cartilagineum) ekstrakt<\/p>\n<p><strong>Kasutamine<\/strong><br \/>\nP\u00e4rast puhastamist pehmendage nahka toonikuga. Kandke piisav kogus seerumit n\u00e4ole ja laske sel imenduda.<br \/>\n* Parema efekti saavutamiseks kasutage koos sama sarja emulsiooniga.<\/p>\n<p><strong>Kogus:<\/strong> 50 ml<\/p>\n<p><strong>Sobilik:<\/strong> k\u00f5ik nahat\u00fc\u00fcbid, eriti vananemistunnustega nahk ja vananemise ennetamiseks.<\/p>\n<p><strong>Koostis<\/strong><br \/>\nWater,&nbsp;Glycerin,&nbsp;Glyceryl polyacrylate,&nbsp;Dimethicone,&nbsp;Cyclomethicone,&nbsp;PEG\/PPG-18\/4 Copolymer,&nbsp;Sodium Hyaluronate,&nbsp;Glyceryl Acrylate\/Acrylic Acid Copolymer,&nbsp;Propylene Glycol,&nbsp;Dipropylene Glycol,&nbsp;C14-22 Alcohols,&nbsp;Squalane,&nbsp;Macadamia Integrifolia Seed Oil,&nbsp;Triethylhexanoin,&nbsp;Hydrogenated Lecithin,&nbsp;Arachidyl Glucoside,&nbsp;Butyrospermum Parkii (Shea Butter),&nbsp;1,2-Hexanediol,&nbsp;Glyceryl Stearate,&nbsp;Stearic Acid,&nbsp;Ceramide NP,&nbsp;Cholesterol,&nbsp;PEG-100 Stearate,&nbsp;Carbomer,&nbsp;Tromethamine,&nbsp;Butylene glycol,&nbsp;Betaine,&nbsp;Raffinose,&nbsp;Inositol,&nbsp;Hyaluronic Acid,&nbsp;Histidine,&nbsp;Glutamine,&nbsp;Lysine,&nbsp;Arginine,&nbsp;Cysteine,&nbsp;Caprylyl Glycol,&nbsp;Cetyl Dimethicone,&nbsp;Alcohol,&nbsp;Acanthopanax Senticosus (Eleuthero) Root Extract,&nbsp;Punica Granatum Fruit Extract,&nbsp;Panax Ginseng Root Extract,&nbsp;Carthamus Tinctorius (Safflower) Flower Extract,&nbsp;Acrylates\/C10-30 Alkyl Acrylate Crosspolymer,&nbsp;Ganoderma Lucidum (Mushroom) Extract,&nbsp;Grifola Frondosa Extract,&nbsp;Phellinus Linteus Extract,&nbsp;Fomes Officinalis (Mushroom) Extract,&nbsp;Sarcodon Aspratus Extract,&nbsp;Trametes Versicolor Extract,&nbsp;Inonotus Obliquus (Mushroom) Extract,&nbsp;Agaricus Blazei Extract,&nbsp;Tricholoma Matsutake Extract,&nbsp;Propolis Extract,&nbsp;Disodium EDTA,&nbsp;Adenosine,&nbsp;Ethylhexylglycerin,&nbsp;Perfume<br \/>\n&nbsp;<\/p>\n","protected":false},"excerpt":{"rendered":"<p>Vananemisvastase toimega seerum sisaldab toitainerikka \u017een\u0161enni ning \u00fcheksa erineva seene ekstrakte, mis muudavad naha elastsemaks ja siledamaks. L\u00e4bipaistev viskoosne seerum toidab nahka vajalike toitainete ja adenosiiniga, mis on tuntud toimeaine kortsude vastu v\u00f5itlemisel. Seerum muudab naha tervemaks, elavamaks ja s\u00e4ravamaks, eemaldab nahalt stressiilmingud ning tolmu. Antioks\u00fcdandid muudavad naha beebilikult pehmeks. Seente ekstraktid sisaldavad suures koguses [&hellip;]<\/p>\n","protected":false},"featured_media":1883,"comment_status":"open","ping_status":"closed","template":"","meta":{"_acf_changed":false},"product_brand":[],"product_cat":[],"product_tag":[],"class_list":{"0":"post-332","1":"product","2":"type-product","3":"status-publish","4":"has-post-thumbnail","6":"brand-the-skin-house","8":"first","9":"instock","10":"taxable","11":"shipping-taxable","12":"purchasable","13":"product-type-simple"},"bundle_layout":"","bundled_by":[],"bundled_items":[],"acf":[],"_links":{"self":[{"href":"https:\/\/meon.theskinhouse.ee\/ru\/wp-json\/wp\/v2\/product\/332","targetHints":{"allow":["GET"]}}],"collection":[{"href":"https:\/\/meon.theskinhouse.ee\/ru\/wp-json\/wp\/v2\/product"}],"about":[{"href":"https:\/\/meon.theskinhouse.ee\/ru\/wp-json\/wp\/v2\/types\/product"}],"replies":[{"embeddable":true,"href":"https:\/\/meon.theskinhouse.ee\/ru\/wp-json\/wp\/v2\/comments?post=332"}],"wp:featuredmedia":[{"embeddable":true,"href":"https:\/\/meon.theskinhouse.ee\/ru\/wp-json\/wp\/v2\/media\/1883"}],"wp:attachment":[{"href":"https:\/\/meon.theskinhouse.ee\/ru\/wp-json\/wp\/v2\/media?parent=332"}],"wp:term":[{"taxonomy":"product_brand","embeddable":true,"href":"https:\/\/meon.theskinhouse.ee\/ru\/wp-json\/wp\/v2\/product_brand?post=332"},{"taxonomy":"product_cat","embeddable":true,"href":"https:\/\/meon.theskinhouse.ee\/ru\/wp-json\/wp\/v2\/product_cat?post=332"},{"taxonomy":"product_tag","embeddable":true,"href":"https:\/\/meon.theskinhouse.ee\/ru\/wp-json\/wp\/v2\/product_tag?post=332"}],"curies":[{"name":"wp","href":"https:\/\/api.w.org\/{rel}","templated":true}]}}