{"id":3316,"date":"2021-04-15T00:00:08","date_gmt":"2021-04-14T21:00:08","guid":{"rendered":"https:\/\/meon.theskinhouse.ee\/toode\/cosrx-ac-collection-calming-foam-cleanser-2\/"},"modified":"2026-04-10T05:25:03","modified_gmt":"2026-04-10T02:25:03","slug":"cosrx-ac-collection-calming-foam-cleanser-2","status":"publish","type":"product","link":"https:\/\/meon.theskinhouse.ee\/ru\/toode\/cosrx-ac-collection-calming-foam-cleanser-2\/","title":{"rendered":"Cosrx AC Collection Calming Foam Cleanser"},"content":{"rendered":"<p>COSRX AC Collection Calming Foam Cleanser on \u00f5rnatoimeline puhastusvaht, mis j\u00e4tab n\u00e4o puhtaks, ilma et nahal oleks kiskuvat tunnet.<br \/>\nKergelt vahutav puhastusvahend on COSRX-i poolt soovitatud, salits\u00fc\u00fclhapet sisaldava puhastusvahu uuendatud versioon.<\/p>\n<p>Uuendatud koostises sisalduv Aasia vesinaba (Centella asiatica) ehk Gotu Kola aitab v\u00e4ltida ebapuhtusi ning rahustab \u00e4rritunud ja tundlikku nahka. Peale Aasia vesinaba sisaldab puhastusvaht mitmeid naha\u00e4rritust leevendavaid koostisosi (madekasshape, asiatikosidiid ja asiaathape).<\/p>\n<p>V\u00f5ite kasutada hommikul ja \u00f5htul v\u00f5i teise sammuna t\u00e4iendava puhastustoiminguna.<\/p>\n<p>Toode sobib eriti h\u00e4sti tundlikule ja aknele kalduvale nahale.<\/p>\n<p><strong>Kasutamine<\/strong><\/p>\n<p>Vahustage niisutatud k\u00e4te vahel v\u00e4ike kogus toodet ja h\u00f5\u00f5ruge n\u00e4ole. Loputage k\u00e4esooja veega, patsutage nahk r\u00e4tikuga kuivaks ning j\u00e4tkake nahahooldust n\u00e4ovee, seerumi ja n\u00e4okreemiga.<\/p>\n<p><strong>Kogus:<\/strong> 150 ml<\/p>\n<p><strong>Koostis&nbsp;<\/strong><br \/>\nAqua<strong>\/<\/strong>Water, Glycerin, Stearic Acid, Myristic Acid, PEG-32, Potassium Hydroxide, Palmitic Acid, Lauric Acid, PEG-100 Stearate, &nbsp;Glyceryl Stearate,&nbsp;Lauramide DEA, Cocamidopropyl Betaine, Potassium Cocoate, Salicylic Acid, Lavandula Hybrida Oil, Sodium Choloride, Arachidic Acid, Disodium EDTA, Oleic Acid, Asiaticoside, Asiatic Acid, Madecassic Acid, Linalool, Limonene<\/p>\n","protected":false},"excerpt":{"rendered":"<p>COSRX AC Collection Calming Foam Cleanser on \u00f5rnatoimeline puhastusvaht, mis j\u00e4tab n\u00e4o puhtaks, ilma et nahal oleks kiskuvat tunnet. Kergelt vahutav puhastusvahend on COSRX-i poolt soovitatud, salits\u00fc\u00fclhapet sisaldava puhastusvahu uuendatud versioon. Uuendatud koostises sisalduv Aasia vesinaba (Centella asiatica) ehk Gotu Kola aitab v\u00e4ltida ebapuhtusi ning rahustab \u00e4rritunud ja tundlikku nahka. Peale Aasia vesinaba sisaldab puhastusvaht [&hellip;]<\/p>\n","protected":false},"featured_media":3418,"comment_status":"open","ping_status":"closed","template":"","meta":{"_acf_changed":false},"product_brand":[],"product_cat":[],"product_tag":[],"class_list":{"0":"post-3316","1":"product","2":"type-product","3":"status-publish","4":"has-post-thumbnail","6":"brand-cosrx","8":"first","9":"outofstock","10":"taxable","11":"shipping-taxable","12":"purchasable","13":"product-type-simple"},"bundle_layout":"","bundled_by":[],"bundled_items":[],"acf":[],"_links":{"self":[{"href":"https:\/\/meon.theskinhouse.ee\/ru\/wp-json\/wp\/v2\/product\/3316","targetHints":{"allow":["GET"]}}],"collection":[{"href":"https:\/\/meon.theskinhouse.ee\/ru\/wp-json\/wp\/v2\/product"}],"about":[{"href":"https:\/\/meon.theskinhouse.ee\/ru\/wp-json\/wp\/v2\/types\/product"}],"replies":[{"embeddable":true,"href":"https:\/\/meon.theskinhouse.ee\/ru\/wp-json\/wp\/v2\/comments?post=3316"}],"wp:featuredmedia":[{"embeddable":true,"href":"https:\/\/meon.theskinhouse.ee\/ru\/wp-json\/wp\/v2\/media\/3418"}],"wp:attachment":[{"href":"https:\/\/meon.theskinhouse.ee\/ru\/wp-json\/wp\/v2\/media?parent=3316"}],"wp:term":[{"taxonomy":"product_brand","embeddable":true,"href":"https:\/\/meon.theskinhouse.ee\/ru\/wp-json\/wp\/v2\/product_brand?post=3316"},{"taxonomy":"product_cat","embeddable":true,"href":"https:\/\/meon.theskinhouse.ee\/ru\/wp-json\/wp\/v2\/product_cat?post=3316"},{"taxonomy":"product_tag","embeddable":true,"href":"https:\/\/meon.theskinhouse.ee\/ru\/wp-json\/wp\/v2\/product_tag?post=3316"}],"curies":[{"name":"wp","href":"https:\/\/api.w.org\/{rel}","templated":true}]}}