{"id":3314,"date":"2021-04-15T00:00:07","date_gmt":"2021-04-14T21:00:07","guid":{"rendered":"https:\/\/meon.theskinhouse.ee\/toode\/ultimate-nourishing-rice-overnight-spa-mask\/"},"modified":"2026-04-09T09:05:03","modified_gmt":"2026-04-09T06:05:03","slug":"ultimate-nourishing-rice-overnight-spa-mask","status":"publish","type":"product","link":"https:\/\/meon.theskinhouse.ee\/ru\/toode\/ultimate-nourishing-rice-overnight-spa-mask\/","title":{"rendered":"Ultimate Nourishing Rice Overnight Spa Mask"},"content":{"rendered":"<p>COSRX Ultimate Nourishing Rice Overnight Spa Mask on \u00f6\u00f6mask, mis sisaldab 68,9% riisiekstrakti. \u00d6\u00f6mask kirgastab ja niisutab nahka \u00f6\u00f6sel intensiivselt. Ultimate Nourishing Rice \u00f6\u00f6mask sisaldab ka 2% niatsiinamiidi, mis kirgastab nahka ja aitab laienenud pooride vastu. Sobib k\u00f5ikidele nahat\u00fc\u00fcpidele. L\u00f5hnaaineteta. Ultimate Nourishing Rice Overnight Spa Mask teeb teie naha \u00f6\u00f6 jooksul pehmemaks ja kirkamaks. Hommikul \u00e4rgates tundub teie nahk selline, nagu oleksite k\u00e4inud ilusalongis. Mask rahustab tundlikku nahka, eemaldab punetuse ja annab nahale kaitse v\u00e4liste \u00e4rritajate vastu. \u00d6\u00f6maski koostis on nagu kergesti pealekantaval n\u00e4okreemil.&nbsp; Toode sobib suurep\u00e4raselt k\u00f5igile, kellele ei meeldi paksud, t\u00e4idlased ja aeglaselt imenduvad \u00f6\u00f6maskid.<\/p>\n<p><strong>Ultimate Nourishing Rice Overnight Spa Mask:<\/strong><br \/>\n\u2013 sobib k\u00f5ikidele nahat\u00fc\u00fcpidele<br \/>\n\u2013 kerge koostis, ei tundu n\u00e4ol kleepuv<br \/>\n\u2013 ravib ja muudab n\u00e4onaha pehmeks<br \/>\n\u2013 kirgastab ja tugevdab nahka kaitseks v\u00e4liste \u00e4rritajate vastu.<\/p>\n<p><strong>Kasutamine<\/strong><br \/>\nKandke COSRX-i riisi-\u00f6\u00f6mask n\u00e4ole nahahoolduse viimase sammuna. Loputage\/peske n\u00e4gu hommikul nagu tavaliselt ja kandke nahale vajalikud hooldustooted. Ultimate Nourishing Rice Overnight \u00f6\u00f6maski v\u00f5ite kasutada ka mahapestava n\u00e4omaskina. Kandke n\u00e4ole paks kiht toodet, laske 15 minutit toimida ja loputage maha. Kui teie nahk on v\u00e4ga kuiv ja vajab intensiivset hooldust, kasutage toodet iga p\u00e4ev n\u00e4okreemina p\u00e4rast n\u00e4ovett ja seerumit.<\/p>\n<p><strong>Kogus<\/strong>: 60ml<\/p>\n<p><strong>Koostis<\/strong><br \/>\nOryza Sativa Extract, Butylene Glycol, Glycerin, Helianthus Annuus Seed Oil, Betaine, Niacinamide, 1,2-Hexanediol, Cetearyl Olivate, Dimethicone, Sorbitan Olivate, Elaeis Guineensis Oil, Cetearyl Alcohol, Ethylhexylglycerin, Hydroxyethyl Acrylate\/Sodium Acryloyldimethyl Taurate Copolymer, Ethyl Hexanediol, Elaeis Guineensis Kernel Oil, Arginine, Carbomer, Allantoin, Xanthan Gum, Sorbitan Isostearate, Polysorbate 60, Aqua\/Water<\/p>\n","protected":false},"excerpt":{"rendered":"<p>COSRX Ultimate Nourishing Rice Overnight Spa Mask on \u00f6\u00f6mask, mis sisaldab 68,9% riisiekstrakti. \u00d6\u00f6mask kirgastab ja niisutab nahka \u00f6\u00f6sel intensiivselt. Ultimate Nourishing Rice \u00f6\u00f6mask sisaldab ka 2% niatsiinamiidi, mis kirgastab nahka ja aitab laienenud pooride vastu. Sobib k\u00f5ikidele nahat\u00fc\u00fcpidele. L\u00f5hnaaineteta. Ultimate Nourishing Rice Overnight Spa Mask teeb teie naha \u00f6\u00f6 jooksul pehmemaks ja kirkamaks. Hommikul [&hellip;]<\/p>\n","protected":false},"featured_media":3343,"comment_status":"open","ping_status":"closed","template":"","meta":{"_acf_changed":false},"product_brand":[],"product_cat":[],"product_tag":[],"class_list":{"0":"post-3314","1":"product","2":"type-product","3":"status-publish","4":"has-post-thumbnail","6":"brand-cosrx","8":"first","9":"instock","10":"taxable","11":"shipping-taxable","12":"purchasable","13":"product-type-simple"},"bundle_layout":"","bundled_by":[],"bundled_items":[],"acf":[],"_links":{"self":[{"href":"https:\/\/meon.theskinhouse.ee\/ru\/wp-json\/wp\/v2\/product\/3314","targetHints":{"allow":["GET"]}}],"collection":[{"href":"https:\/\/meon.theskinhouse.ee\/ru\/wp-json\/wp\/v2\/product"}],"about":[{"href":"https:\/\/meon.theskinhouse.ee\/ru\/wp-json\/wp\/v2\/types\/product"}],"replies":[{"embeddable":true,"href":"https:\/\/meon.theskinhouse.ee\/ru\/wp-json\/wp\/v2\/comments?post=3314"}],"wp:featuredmedia":[{"embeddable":true,"href":"https:\/\/meon.theskinhouse.ee\/ru\/wp-json\/wp\/v2\/media\/3343"}],"wp:attachment":[{"href":"https:\/\/meon.theskinhouse.ee\/ru\/wp-json\/wp\/v2\/media?parent=3314"}],"wp:term":[{"taxonomy":"product_brand","embeddable":true,"href":"https:\/\/meon.theskinhouse.ee\/ru\/wp-json\/wp\/v2\/product_brand?post=3314"},{"taxonomy":"product_cat","embeddable":true,"href":"https:\/\/meon.theskinhouse.ee\/ru\/wp-json\/wp\/v2\/product_cat?post=3314"},{"taxonomy":"product_tag","embeddable":true,"href":"https:\/\/meon.theskinhouse.ee\/ru\/wp-json\/wp\/v2\/product_tag?post=3314"}],"curies":[{"name":"wp","href":"https:\/\/api.w.org\/{rel}","templated":true}]}}