{"id":3310,"date":"2021-04-15T00:00:07","date_gmt":"2021-04-14T21:00:07","guid":{"rendered":"https:\/\/meon.theskinhouse.ee\/toode\/cosrx-one-step-moisture-up-pad-2\/"},"modified":"2026-04-09T09:05:03","modified_gmt":"2026-04-09T06:05:03","slug":"cosrx-one-step-moisture-up-pad-2","status":"publish","type":"product","link":"https:\/\/meon.theskinhouse.ee\/ru\/toode\/cosrx-one-step-moisture-up-pad-2\/","title":{"rendered":"Cosrx One Step Moisture Up Pad"},"content":{"rendered":"<p>COSRX One Step Moisture Up Pad pakend sisaldab niisutavaid ja nahka toitvaid padjakesi. Padjakesi saab kasutada n\u00e4ovee asemel naha puhtuse, tasakaalu ja niiskuse parandamiseks ning s\u00e4ilitamiseks iga p\u00e4ev. P\u00fchkige n\u00e4gu p\u00e4rast puhastamist \u00fche padjakesega \u00f5rnalt \u00fcle. Padjake koorib \u00f5rnalt nahka, viies samal ajal naha sisse niiskust ja toitaineid. One Step Moisture Up Pad padjakesed sisaldavad hooldusvedelikku, mille valmistamisel on peamisteks tooraineteks proopolis (taruvaik) ja poore puhastav BHA hape. Antioks\u00fcdandirikas taruvaik rahustab nahka. \u00d5lis lahustuv BHA hape suudab koorida nahka seestpoolt. See tungib pooridesse, aidates eemaldada neist rasu ning hoida seel\u00e4bi \u00e4ra nahapooride ummistusi ja uute vistrike tekkimist. Padjakestes sisalduv taruvaik aitab v\u00f5idelda ka naha ebapuhtuste ja punetuse vastu. H\u00fcaluroonhape on s\u00fcgavniisutava toimega ja allantoiin rahustab nahka kohe p\u00e4rast puhastamist.<\/p>\n<p>COSRX One Step Moisture Up Pad padjakeste h\u00fcpoallergeenne koostis sobib igap\u00e4evaseks kasutamiseks k\u00f5ikidele nahat\u00fc\u00fcpidele.<\/p>\n<p><strong>Kasutamine<\/strong><br \/>\nP\u00fchkige n\u00e4gu padjakesega \u00fcle. V\u00f5ite ka asetada m\u00f5ned padjakesed n\u00e4ole ja j\u00e4tta need m\u00f5neks minutiks n\u00e4omaski kombel toimima. P\u00e4rast padjakese kasutamist pole vaja n\u00e4gu loputada. J\u00e4tkake nahahooldusrutiini nagu tavaliselt oma teiste lemmiktoodetega (essents, seerum, silma\u00fcmbrusekreem, emulsioonkreem, n\u00e4okreem, p\u00e4ikesekaitsekreem\/\u00f6\u00f6mask).<\/p>\n<p><strong>Kogus<\/strong>: 70tk<\/p>\n<p><strong>Koostis<\/strong><br \/>\nPropolis Extract, Butylene Glycol, Glycerin, Betaine, 1,2-Hexanediol, Cetearyl Olivate, Sorbitan Olivate, Betaine Salicylate, Ethyl Hexanediol, Panthenol, Allantoin, Hydroxyethyl Acrylate\/Sodium Acryloyldimethyl Taurate Copolymer, Sodium Hyaluronate, Ethylhexylglycerin, Sodium Hydroxide, Xanthan Gum, Sorbitan Isostearate, Polysorbate 60, Parfum, Aqua\/Water, Limonene<\/p>\n","protected":false},"excerpt":{"rendered":"<p>COSRX One Step Moisture Up Pad pakend sisaldab niisutavaid ja nahka toitvaid padjakesi. Padjakesi saab kasutada n\u00e4ovee asemel naha puhtuse, tasakaalu ja niiskuse parandamiseks ning s\u00e4ilitamiseks iga p\u00e4ev. P\u00fchkige n\u00e4gu p\u00e4rast puhastamist \u00fche padjakesega \u00f5rnalt \u00fcle. Padjake koorib \u00f5rnalt nahka, viies samal ajal naha sisse niiskust ja toitaineid. One Step Moisture Up Pad padjakesed sisaldavad [&hellip;]<\/p>\n","protected":false},"featured_media":3355,"comment_status":"open","ping_status":"closed","template":"","meta":{"_acf_changed":false},"product_brand":[],"product_cat":[],"product_tag":[],"class_list":{"0":"post-3310","1":"product","2":"type-product","3":"status-publish","4":"has-post-thumbnail","6":"brand-cosrx","8":"first","9":"outofstock","10":"taxable","11":"shipping-taxable","12":"purchasable","13":"product-type-simple"},"bundle_layout":"","bundled_by":[],"bundled_items":[],"acf":[],"_links":{"self":[{"href":"https:\/\/meon.theskinhouse.ee\/ru\/wp-json\/wp\/v2\/product\/3310","targetHints":{"allow":["GET"]}}],"collection":[{"href":"https:\/\/meon.theskinhouse.ee\/ru\/wp-json\/wp\/v2\/product"}],"about":[{"href":"https:\/\/meon.theskinhouse.ee\/ru\/wp-json\/wp\/v2\/types\/product"}],"replies":[{"embeddable":true,"href":"https:\/\/meon.theskinhouse.ee\/ru\/wp-json\/wp\/v2\/comments?post=3310"}],"wp:featuredmedia":[{"embeddable":true,"href":"https:\/\/meon.theskinhouse.ee\/ru\/wp-json\/wp\/v2\/media\/3355"}],"wp:attachment":[{"href":"https:\/\/meon.theskinhouse.ee\/ru\/wp-json\/wp\/v2\/media?parent=3310"}],"wp:term":[{"taxonomy":"product_brand","embeddable":true,"href":"https:\/\/meon.theskinhouse.ee\/ru\/wp-json\/wp\/v2\/product_brand?post=3310"},{"taxonomy":"product_cat","embeddable":true,"href":"https:\/\/meon.theskinhouse.ee\/ru\/wp-json\/wp\/v2\/product_cat?post=3310"},{"taxonomy":"product_tag","embeddable":true,"href":"https:\/\/meon.theskinhouse.ee\/ru\/wp-json\/wp\/v2\/product_tag?post=3310"}],"curies":[{"name":"wp","href":"https:\/\/api.w.org\/{rel}","templated":true}]}}