{"id":3308,"date":"2021-04-15T00:00:07","date_gmt":"2021-04-14T21:00:07","guid":{"rendered":"https:\/\/meon.theskinhouse.ee\/toode\/cosrx-one-step-original-clear-pad-2\/"},"modified":"2026-04-09T09:05:03","modified_gmt":"2026-04-09T06:05:03","slug":"cosrx-one-step-original-clear-pad-2","status":"publish","type":"product","link":"https:\/\/meon.theskinhouse.ee\/ru\/toode\/cosrx-one-step-original-clear-pad-2\/","title":{"rendered":"Cosrx One Step Original Clear Pad"},"content":{"rendered":"<p>COSRX One Step Original Clear Pad pakend sisaldab nahka koorivaid hooldupadjakesi (70 tk). N\u00e4ovee asemel kasutatavad nahahoolduspadjakesed takistavad ebapuhtuste teket ning aitavad ravida rasususele kalduvat ja aknenahka. One Step Original Clear Pad uuendab nahka p\u00e4rast pH puhastust. Padjakeste madal pH tase aitab v\u00e4ltida baktereid ja nahap\u00f5letikke. Koorimislappidesse imenduv hooldusvedelik sisaldab 1% salits\u00fc\u00fclhapet ja 85,9% pajukoore keedust, mis m\u00f5lemad rahustavad ja puhastavad nahka ning eemaldavad n\u00e4olt \u00f5rnalt ebapuhtused ja surnud naharakke.<\/p>\n<p>Suhkruroost saadud betaiinisalits\u00fclaat m\u00f5jub nahale rahustavamalt kui tavaline salits\u00fc\u00fclhape. COSRX One Step Original Clear Pad padjakesed sobivad eriti h\u00e4sti rasusele, ebapuhtale ja aknele kalduvale nahale.<\/p>\n<p><strong>COSRX One Step Original Clear Pad:<\/strong><br \/>\n\u2013 puhastab poorid liigsest rasust ja ebapuhtustest<br \/>\n\u2013 ebapuhtale, rasususele kalduvale ja aknesele nahale<br \/>\n\u2013 eemaldab surnud naharakke<br \/>\n\u2013 tasakaalustab nahka, taastades selle pH taseme<br \/>\n\u2013 parandab j\u00e4rgnevalt kasutatavate nahahooldustoodete imendumist.<\/p>\n<p>Padjakesed aitavad ka vistrike vastu kaelal ja seljal: kasutage padjakest p\u00e4rast du\u0161i all k\u00e4imist. Seej\u00e4rel kandke kehale n\u00e4iteks aaloegeeli. Toimeained puhastavad nahapooridest s\u00fcgavuti rasu, tagades naha puhtama ja siledama tekstuuri.<\/p>\n<p><strong>Kasutamine<\/strong><br \/>\nP\u00fchkige n\u00e4onahk kohe p\u00e4rast puhastamist \u00fcle padjakese karedama poolega. Seej\u00e4rel kasutage padjakese pehmemat poolt, et eemaldada n\u00e4olt v\u00f5imalik mustus. Sulgege pakendi kaas alati hoolikalt, et padjakesed oleksid niisked ja puhtad. V\u00f5ite ka asetada m\u00f5ned padjakesed n\u00e4ole ja j\u00e4tta need m\u00f5neks minutiks n\u00e4omaski kombel toimima. P\u00e4rast padjakese kasutamist pole vaja n\u00e4gu loputada. J\u00e4tkake nahahooldusrutiini nagu tavaliselt oma teiste lemmiktoodetega (essents, seerum, silma\u00fcmbrusekreem, emulsioonkreem, n\u00e4okreem, p\u00e4ikesekaitsekreem\/\u00f6\u00f6mask).<\/p>\n<p><strong>Kogus<\/strong>: 70tk<\/p>\n<p><strong>Koostis<\/strong><br \/>\nSalix Alba Bark Water, Butylene Glycol, Glycerin, 1,2-Hexanediol, Betaine Salicylate, Ethyl Hexanediol, Arginine, PEG-60 Hydrogenated Castor Oil, Panthenol, Allantoin, Citrus Aurantium Dulcis Peel Oil, Parfum, Sodium Hydroxide, Sodium Hyaluronate, Limonene<\/p>\n","protected":false},"excerpt":{"rendered":"<p>COSRX One Step Original Clear Pad pakend sisaldab nahka koorivaid hooldupadjakesi (70 tk). N\u00e4ovee asemel kasutatavad nahahoolduspadjakesed takistavad ebapuhtuste teket ning aitavad ravida rasususele kalduvat ja aknenahka. One Step Original Clear Pad uuendab nahka p\u00e4rast pH puhastust. Padjakeste madal pH tase aitab v\u00e4ltida baktereid ja nahap\u00f5letikke. Koorimislappidesse imenduv hooldusvedelik sisaldab 1% salits\u00fc\u00fclhapet ja 85,9% pajukoore [&hellip;]<\/p>\n","protected":false},"featured_media":3359,"comment_status":"open","ping_status":"closed","template":"","meta":{"_acf_changed":false},"product_brand":[],"product_cat":[],"product_tag":[],"class_list":{"0":"post-3308","1":"product","2":"type-product","3":"status-publish","4":"has-post-thumbnail","6":"brand-cosrx","8":"first","9":"instock","10":"taxable","11":"shipping-taxable","12":"purchasable","13":"product-type-simple"},"bundle_layout":"","bundled_by":[],"bundled_items":[],"acf":[],"_links":{"self":[{"href":"https:\/\/meon.theskinhouse.ee\/ru\/wp-json\/wp\/v2\/product\/3308","targetHints":{"allow":["GET"]}}],"collection":[{"href":"https:\/\/meon.theskinhouse.ee\/ru\/wp-json\/wp\/v2\/product"}],"about":[{"href":"https:\/\/meon.theskinhouse.ee\/ru\/wp-json\/wp\/v2\/types\/product"}],"replies":[{"embeddable":true,"href":"https:\/\/meon.theskinhouse.ee\/ru\/wp-json\/wp\/v2\/comments?post=3308"}],"wp:featuredmedia":[{"embeddable":true,"href":"https:\/\/meon.theskinhouse.ee\/ru\/wp-json\/wp\/v2\/media\/3359"}],"wp:attachment":[{"href":"https:\/\/meon.theskinhouse.ee\/ru\/wp-json\/wp\/v2\/media?parent=3308"}],"wp:term":[{"taxonomy":"product_brand","embeddable":true,"href":"https:\/\/meon.theskinhouse.ee\/ru\/wp-json\/wp\/v2\/product_brand?post=3308"},{"taxonomy":"product_cat","embeddable":true,"href":"https:\/\/meon.theskinhouse.ee\/ru\/wp-json\/wp\/v2\/product_cat?post=3308"},{"taxonomy":"product_tag","embeddable":true,"href":"https:\/\/meon.theskinhouse.ee\/ru\/wp-json\/wp\/v2\/product_tag?post=3308"}],"curies":[{"name":"wp","href":"https:\/\/api.w.org\/{rel}","templated":true}]}}