{"id":3306,"date":"2021-04-15T00:00:06","date_gmt":"2021-04-14T21:00:06","guid":{"rendered":"https:\/\/meon.theskinhouse.ee\/toode\/cosrx-oil-free-ultra-moisturizing-lotion-2\/"},"modified":"2026-04-09T09:05:04","modified_gmt":"2026-04-09T06:05:04","slug":"cosrx-oil-free-ultra-moisturizing-lotion-2","status":"publish","type":"product","link":"https:\/\/meon.theskinhouse.ee\/ru\/toode\/cosrx-oil-free-ultra-moisturizing-lotion-2\/","title":{"rendered":"Cosrx Oil Free Ultra Moisturizing Lotion"},"content":{"rendered":"<p>COSRX Oil-Free Ultra-Moisturizing Lotion on kasemahla (70,80%) sisaldav \u00f5livaba niisutuskreem, mis imendub kiiresti nahka. Kreem niisutab ja rahustab t\u00f5husalt n\u00e4onahka ega j\u00e4ta kleepuvat tunnet. Poore mitteummistav koostis aitab nahka tasakaalustada ja rahustada. Kreem on v\u00e4lja t\u00f6\u00f6tatud COSRX-i populaarsete happeliste toodete t\u00e4iendamiseks ja naha rahustamiseks p\u00e4rast happeliste toodete kasutamist. See COSRX-i niisutav ja naha liigset rasusust v\u00e4hendav kreem j\u00e4tab naha pehmeks. COSRX Oil-Free Ultra-Moisturizing Lotion sobib eriti h\u00e4sti tundlikule ja aknele kalduvale nahale. Taimne ja h\u00fcpoallergeenne.<\/p>\n<p><strong>Kasutamine<\/strong><br \/>\nKandke niisutuskreemi n\u00e4ole p\u00e4rast n\u00e4ovett, hooldusvedelikku ja seerumit. Soovi korral j\u00e4tkake nahahooldust p\u00e4ikesekaitsekreemi\/ \u00f6\u00f6maskiga.<\/p>\n<p><strong>Kogus<\/strong>: 100ml<\/p>\n<p><strong>Koostis<\/strong><br \/>\nBetula Platyphylla Japonica Juice, Butylene Glycol, Glycerin, Dimethicone, Betaine, Cetearyl Alcohol, 1,2-Hexanediol, Cetearyl Olivate, Ethyl Hexanediol, Sorbitan Olivate, Ethylhexylglycerin, Hydroxyethyl Acrylate\/Sodium Acryloyldimethyl Taurate Copolymer, Parfum, Allantoin, Panthenol, Xanthan Gum, Sodium Lactate, Sodium Hyaluronate, Sorbitan Isostearate, Polysorbate 60, Aqua\/Water, Limonene, Citral<\/p>\n<p>&nbsp;<\/p>\n","protected":false},"excerpt":{"rendered":"<p>COSRX Oil-Free Ultra-Moisturizing Lotion on kasemahla (70,80%) sisaldav \u00f5livaba niisutuskreem, mis imendub kiiresti nahka. Kreem niisutab ja rahustab t\u00f5husalt n\u00e4onahka ega j\u00e4ta kleepuvat tunnet. Poore mitteummistav koostis aitab nahka tasakaalustada ja rahustada. Kreem on v\u00e4lja t\u00f6\u00f6tatud COSRX-i populaarsete happeliste toodete t\u00e4iendamiseks ja naha rahustamiseks p\u00e4rast happeliste toodete kasutamist. See COSRX-i niisutav ja naha liigset rasusust [&hellip;]<\/p>\n","protected":false},"featured_media":3363,"comment_status":"open","ping_status":"closed","template":"","meta":{"_acf_changed":false},"product_brand":[],"product_cat":[],"product_tag":[],"class_list":{"0":"post-3306","1":"product","2":"type-product","3":"status-publish","4":"has-post-thumbnail","6":"brand-cosrx","8":"first","9":"instock","10":"taxable","11":"shipping-taxable","12":"purchasable","13":"product-type-simple"},"bundle_layout":"","bundled_by":[],"bundled_items":[],"acf":[],"_links":{"self":[{"href":"https:\/\/meon.theskinhouse.ee\/ru\/wp-json\/wp\/v2\/product\/3306","targetHints":{"allow":["GET"]}}],"collection":[{"href":"https:\/\/meon.theskinhouse.ee\/ru\/wp-json\/wp\/v2\/product"}],"about":[{"href":"https:\/\/meon.theskinhouse.ee\/ru\/wp-json\/wp\/v2\/types\/product"}],"replies":[{"embeddable":true,"href":"https:\/\/meon.theskinhouse.ee\/ru\/wp-json\/wp\/v2\/comments?post=3306"}],"wp:featuredmedia":[{"embeddable":true,"href":"https:\/\/meon.theskinhouse.ee\/ru\/wp-json\/wp\/v2\/media\/3363"}],"wp:attachment":[{"href":"https:\/\/meon.theskinhouse.ee\/ru\/wp-json\/wp\/v2\/media?parent=3306"}],"wp:term":[{"taxonomy":"product_brand","embeddable":true,"href":"https:\/\/meon.theskinhouse.ee\/ru\/wp-json\/wp\/v2\/product_brand?post=3306"},{"taxonomy":"product_cat","embeddable":true,"href":"https:\/\/meon.theskinhouse.ee\/ru\/wp-json\/wp\/v2\/product_cat?post=3306"},{"taxonomy":"product_tag","embeddable":true,"href":"https:\/\/meon.theskinhouse.ee\/ru\/wp-json\/wp\/v2\/product_tag?post=3306"}],"curies":[{"name":"wp","href":"https:\/\/api.w.org\/{rel}","templated":true}]}}