{"id":3302,"date":"2021-04-15T00:00:06","date_gmt":"2021-04-14T21:00:06","guid":{"rendered":"https:\/\/meon.theskinhouse.ee\/toode\/cosrx-advanced-snail-92-all-in-one-cream-2\/"},"modified":"2026-04-09T09:05:04","modified_gmt":"2026-04-09T06:05:04","slug":"cosrx-advanced-snail-92-all-in-one-cream-2","status":"publish","type":"product","link":"https:\/\/meon.theskinhouse.ee\/ru\/toode\/cosrx-advanced-snail-92-all-in-one-cream-2\/","title":{"rendered":"Cosrx Advanced Snail 92 All In One Cream"},"content":{"rendered":"<p>COSRX Advanced Snail 92 All In One on teolima ekstrakti (92%) sisaldav k\u00f5ik-\u00fches niisutuskreem. See soodustab naha loomulikku uuenemisprotsessi ja parandab nahakahjustusi nagu aknearmid, pigmentatsioonimuutused ja kortsukesed. Teokreemil on ka nahka rahustav ja antibakteriaalne toime. K\u00f5ikidele nahat\u00fc\u00fcpidele sobiv Advanced Snail 92% k\u00f5ik-\u00fches teolimakreem ei sisalda l\u00f5hnaaineid. Kreem aitab kuival nahal p\u00fcsida niisutatuna ja ebapuhtustega nahal puhtamana.<\/p>\n<p><strong>92% k\u00f5ik-\u00fches teolimakreem:<\/strong><br \/>\n\u2013 uuendab nahka ja \u00fchtlustab nahatooni erinevusi<br \/>\n\u2013 annab nahale terve s\u00e4ra<br \/>\n\u2013 muudab naha elastseks ja pehmeks.<\/p>\n<p><strong>Kasutamine<\/strong><br \/>\nKandke n\u00e4ole sobiv kogus toodet oma nahahooldusrutiini viimase sammuna.<\/p>\n<p><strong>Kogus<\/strong>: 100ml<\/p>\n<p><strong>Koostis<\/strong><br \/>\nSnail Secretion Filtrate, Betaine, Caprylic\/Capric Triglyceride, Butylene Glycol, Cetearyl Olivate, Sorbitan Olivate, Cetearyl Alcohol, Carbomer, Ethyl Hexanediol, Phenoxyethanol, Arginine, Dimethicone, Sodium Polyacrylate, Sodium Hyaluronate, Allantoin, Palmitic Acid, Panthenol, Xanthan Gum, Stearic Acid, Adenosine, Aqua\/Water, Myristic Acid<\/p>\n","protected":false},"excerpt":{"rendered":"<p>COSRX Advanced Snail 92 All In One on teolima ekstrakti (92%) sisaldav k\u00f5ik-\u00fches niisutuskreem. See soodustab naha loomulikku uuenemisprotsessi ja parandab nahakahjustusi nagu aknearmid, pigmentatsioonimuutused ja kortsukesed. Teokreemil on ka nahka rahustav ja antibakteriaalne toime. K\u00f5ikidele nahat\u00fc\u00fcpidele sobiv Advanced Snail 92% k\u00f5ik-\u00fches teolimakreem ei sisalda l\u00f5hnaaineid. Kreem aitab kuival nahal p\u00fcsida niisutatuna ja ebapuhtustega nahal [&hellip;]<\/p>\n","protected":false},"featured_media":3375,"comment_status":"open","ping_status":"closed","template":"","meta":{"_acf_changed":false},"product_brand":[],"product_cat":[],"product_tag":[],"class_list":{"0":"post-3302","1":"product","2":"type-product","3":"status-publish","4":"has-post-thumbnail","6":"brand-cosrx","8":"first","9":"instock","10":"taxable","11":"shipping-taxable","12":"purchasable","13":"product-type-simple"},"bundle_layout":"","bundled_by":[],"bundled_items":[],"acf":[],"_links":{"self":[{"href":"https:\/\/meon.theskinhouse.ee\/ru\/wp-json\/wp\/v2\/product\/3302","targetHints":{"allow":["GET"]}}],"collection":[{"href":"https:\/\/meon.theskinhouse.ee\/ru\/wp-json\/wp\/v2\/product"}],"about":[{"href":"https:\/\/meon.theskinhouse.ee\/ru\/wp-json\/wp\/v2\/types\/product"}],"replies":[{"embeddable":true,"href":"https:\/\/meon.theskinhouse.ee\/ru\/wp-json\/wp\/v2\/comments?post=3302"}],"wp:featuredmedia":[{"embeddable":true,"href":"https:\/\/meon.theskinhouse.ee\/ru\/wp-json\/wp\/v2\/media\/3375"}],"wp:attachment":[{"href":"https:\/\/meon.theskinhouse.ee\/ru\/wp-json\/wp\/v2\/media?parent=3302"}],"wp:term":[{"taxonomy":"product_brand","embeddable":true,"href":"https:\/\/meon.theskinhouse.ee\/ru\/wp-json\/wp\/v2\/product_brand?post=3302"},{"taxonomy":"product_cat","embeddable":true,"href":"https:\/\/meon.theskinhouse.ee\/ru\/wp-json\/wp\/v2\/product_cat?post=3302"},{"taxonomy":"product_tag","embeddable":true,"href":"https:\/\/meon.theskinhouse.ee\/ru\/wp-json\/wp\/v2\/product_tag?post=3302"}],"curies":[{"name":"wp","href":"https:\/\/api.w.org\/{rel}","templated":true}]}}