{"id":3300,"date":"2021-04-15T00:00:06","date_gmt":"2021-04-14T21:00:06","guid":{"rendered":"https:\/\/meon.theskinhouse.ee\/toode\/cosrx-two-in-one-poreless-power-liquid-2\/"},"modified":"2026-04-09T09:05:04","modified_gmt":"2026-04-09T06:05:04","slug":"cosrx-two-in-one-poreless-power-liquid-2","status":"publish","type":"product","link":"https:\/\/meon.theskinhouse.ee\/ru\/toode\/cosrx-two-in-one-poreless-power-liquid-2\/","title":{"rendered":"Cosrx Two In One Poreless Power Liquid"},"content":{"rendered":"<p>COSRX Two in One Poreless Power Liquid on BHA happeid sisaldav nahahooldustoode, mis v\u00e4hendab naha rasusust ja ahendab poore. Toodet v\u00f5ib kanda otse puhtale nahale v\u00f5i siis p\u00e4rast n\u00e4ovee kasutamist. Poreless Power Liquid puhastab nahka surnud naharakkudest ja rasust ning aitab ahendada poore. Hooldusvedelikus sisalduvad allantoiin ja jahutav mentooliekstrakt rahustavad nahka, samal ajal kui pajukoore ekstrakt muudab selle kirkamaks. H\u00fcaluroonhape tagab pooride vajaliku niisutuse, suurendamata naha rasusust. See COSRX-i multifunktsionaalne nahahooldustoode sobib ideaalselt laienenud pooridele.<\/p>\n<p><strong>Two In One Poreless Power Liquid:<\/strong><br \/>\n\u2013 n\u00e4ovesi ja essents samas tootes<br \/>\n\u2013 ebapuhtale ja rasususele kalduvale nahale<br \/>\n\u2013 sisaldab looduslikke BHA happeid<br \/>\n\u2013 eemaldab rasu ja surnud naharakke<br \/>\n\u2013 ahendab poore.<\/p>\n<p>Poreless Power Liquid sobib igap\u00e4evaseks kasutamiseks ja seda saab kombineerida ka teiste BHA ja AHA happeid sisaldavate toodetega.<\/p>\n<p><strong>Kasutamine<\/strong><br \/>\nTupsutage puhtale n\u00e4ole (p\u00e4rast n\u00e4ovett) ja laske imenduda. J\u00e4tkake nahahooldust niisutava kreemiga.<\/p>\n<p><strong>Kogus<\/strong>: 100ml<\/p>\n<p><strong>Koostis<\/strong><br \/>\nSalix Alba Bark Water, Butylene Glycol, 1,2-Hexanediol, Hydroxypropyl Cyclodextrin, Aqua\/Water, Ethyl Hexanediol, PEG-60 Hydrogenated Castor Oil, Betaine Salicylate, Arginine, Betaine, Allantoin, Panthenol, Ethylhexylglycerin, Carbomer, Pentylene Glycol, Sodium Hyaluronate, Cassia Obtusifolia Seed Extract, Menthyl Lactate, Mentha Haplocalix Extract, Disodium Phosphate, Sodium Phosphate<\/p>\n<p>&nbsp;<\/p>\n","protected":false},"excerpt":{"rendered":"<p>COSRX Two in One Poreless Power Liquid on BHA happeid sisaldav nahahooldustoode, mis v\u00e4hendab naha rasusust ja ahendab poore. Toodet v\u00f5ib kanda otse puhtale nahale v\u00f5i siis p\u00e4rast n\u00e4ovee kasutamist. Poreless Power Liquid puhastab nahka surnud naharakkudest ja rasust ning aitab ahendada poore. Hooldusvedelikus sisalduvad allantoiin ja jahutav mentooliekstrakt rahustavad nahka, samal ajal kui pajukoore [&hellip;]<\/p>\n","protected":false},"featured_media":3351,"comment_status":"open","ping_status":"closed","template":"","meta":{"_acf_changed":false},"product_brand":[],"product_cat":[],"product_tag":[],"class_list":{"0":"post-3300","1":"product","2":"type-product","3":"status-publish","4":"has-post-thumbnail","6":"brand-cosrx","8":"first","9":"instock","10":"taxable","11":"shipping-taxable","12":"purchasable","13":"product-type-simple"},"bundle_layout":"","bundled_by":[],"bundled_items":[],"acf":[],"_links":{"self":[{"href":"https:\/\/meon.theskinhouse.ee\/ru\/wp-json\/wp\/v2\/product\/3300","targetHints":{"allow":["GET"]}}],"collection":[{"href":"https:\/\/meon.theskinhouse.ee\/ru\/wp-json\/wp\/v2\/product"}],"about":[{"href":"https:\/\/meon.theskinhouse.ee\/ru\/wp-json\/wp\/v2\/types\/product"}],"replies":[{"embeddable":true,"href":"https:\/\/meon.theskinhouse.ee\/ru\/wp-json\/wp\/v2\/comments?post=3300"}],"wp:featuredmedia":[{"embeddable":true,"href":"https:\/\/meon.theskinhouse.ee\/ru\/wp-json\/wp\/v2\/media\/3351"}],"wp:attachment":[{"href":"https:\/\/meon.theskinhouse.ee\/ru\/wp-json\/wp\/v2\/media?parent=3300"}],"wp:term":[{"taxonomy":"product_brand","embeddable":true,"href":"https:\/\/meon.theskinhouse.ee\/ru\/wp-json\/wp\/v2\/product_brand?post=3300"},{"taxonomy":"product_cat","embeddable":true,"href":"https:\/\/meon.theskinhouse.ee\/ru\/wp-json\/wp\/v2\/product_cat?post=3300"},{"taxonomy":"product_tag","embeddable":true,"href":"https:\/\/meon.theskinhouse.ee\/ru\/wp-json\/wp\/v2\/product_tag?post=3300"}],"curies":[{"name":"wp","href":"https:\/\/api.w.org\/{rel}","templated":true}]}}