{"id":3298,"date":"2021-04-15T00:00:06","date_gmt":"2021-04-14T21:00:06","guid":{"rendered":"https:\/\/meon.theskinhouse.ee\/toode\/cosrx-aha-7-whitehead-power-liquid-2\/"},"modified":"2026-04-09T09:05:04","modified_gmt":"2026-04-09T06:05:04","slug":"cosrx-aha-7-whitehead-power-liquid-2","status":"publish","type":"product","link":"https:\/\/meon.theskinhouse.ee\/ru\/toode\/cosrx-aha-7-whitehead-power-liquid-2\/","title":{"rendered":"Cosrx AHA 7 Whitehead Power Liquid"},"content":{"rendered":"<p>COSRX AHA 7 Whitehead Power Liquid on nahka \u00f5rnalt kooriv ja kirgastav hooldusvedelik. Toode sisaldab 7% AHA hapet, mis kirgastab ja koorib \u00f5rnalt nahka. Hooldusvedelik sisaldab gl\u00fckoolhapet ja \u00f5unavett (75%), mille looduslikud AHA happed koorivad ja niisutavad nahka. Alkoholivaba ja l\u00f5hnatu hooldusvedelik aitab eemaldada ja ennetada suletud komedoone ehk valgep\u00e4id. \u00d5unavee pektiinid sisaldavad rohkesti pol\u00fcfenoolseid antioks\u00fcdante, millega hooldusvedelik aitab eemaldada vabu radikaale enne, kui need nahka kahjustavad. AHA happed parandavad kuiva ja eba\u00fchtlase tooniga nahka ja nahk n\u00e4eb noorem v\u00e4lja. AHA 7 Whitehead Power Liquid sisaldab ka intensiivselt niisutavat h\u00fcaluroonhapet. Hooldusvedelik eemaldab \u00f5rnalt nahalt surnud naharakud, niisutades samal ajal nahka vajalikul m\u00e4\u00e4ral.<\/p>\n<p>Vegan.<\/p>\n<p>COSRX AHA 7 Whitehead Power Liquid sobib eriti h\u00e4sti kuivale nahale, muutes selle kirkamaks ja jumekamaks ning ennetades suletud komedoonide teket.<\/p>\n<p><strong>Kasutamine<\/strong><\/p>\n<p>Lisage toodet vatipadjakesele ja kandke toodet kogu n\u00e4ole. Algul kasutage toodet vaid paar korda n\u00e4dalas ja kui teie nahk on sellega harjunud, siis sagedamini. Happelised tooted v\u00f5ivad nahka \u00e4rritada, kui nahk pole nendega harjunud.<\/p>\n<p><strong>Kogus<\/strong>: 100ml<\/p>\n<p><strong>Koostis<\/strong><br \/>\nPyrus Malus Fruit Water, Butylene Glycol, Glycolic Acid, Aqua\/Water, Niacinamide, Sodium Hydroxide, 1,2-Hexanediol, Ethyl Hexanediol, Panthenol, Sodium Hyaluronate, Xanthan Gum<\/p>\n","protected":false},"excerpt":{"rendered":"<p>COSRX AHA 7 Whitehead Power Liquid on nahka \u00f5rnalt kooriv ja kirgastav hooldusvedelik. Toode sisaldab 7% AHA hapet, mis kirgastab ja koorib \u00f5rnalt nahka. Hooldusvedelik sisaldab gl\u00fckoolhapet ja \u00f5unavett (75%), mille looduslikud AHA happed koorivad ja niisutavad nahka. Alkoholivaba ja l\u00f5hnatu hooldusvedelik aitab eemaldada ja ennetada suletud komedoone ehk valgep\u00e4id. \u00d5unavee pektiinid sisaldavad rohkesti pol\u00fcfenoolseid [&hellip;]<\/p>\n","protected":false},"featured_media":3371,"comment_status":"open","ping_status":"closed","template":"","meta":{"_acf_changed":false},"product_brand":[],"product_cat":[],"product_tag":[],"class_list":{"0":"post-3298","1":"product","2":"type-product","3":"status-publish","4":"has-post-thumbnail","6":"brand-cosrx","8":"first","9":"instock","10":"taxable","11":"shipping-taxable","12":"purchasable","13":"product-type-simple"},"bundle_layout":"","bundled_by":[],"bundled_items":[],"acf":[],"_links":{"self":[{"href":"https:\/\/meon.theskinhouse.ee\/ru\/wp-json\/wp\/v2\/product\/3298","targetHints":{"allow":["GET"]}}],"collection":[{"href":"https:\/\/meon.theskinhouse.ee\/ru\/wp-json\/wp\/v2\/product"}],"about":[{"href":"https:\/\/meon.theskinhouse.ee\/ru\/wp-json\/wp\/v2\/types\/product"}],"replies":[{"embeddable":true,"href":"https:\/\/meon.theskinhouse.ee\/ru\/wp-json\/wp\/v2\/comments?post=3298"}],"wp:featuredmedia":[{"embeddable":true,"href":"https:\/\/meon.theskinhouse.ee\/ru\/wp-json\/wp\/v2\/media\/3371"}],"wp:attachment":[{"href":"https:\/\/meon.theskinhouse.ee\/ru\/wp-json\/wp\/v2\/media?parent=3298"}],"wp:term":[{"taxonomy":"product_brand","embeddable":true,"href":"https:\/\/meon.theskinhouse.ee\/ru\/wp-json\/wp\/v2\/product_brand?post=3298"},{"taxonomy":"product_cat","embeddable":true,"href":"https:\/\/meon.theskinhouse.ee\/ru\/wp-json\/wp\/v2\/product_cat?post=3298"},{"taxonomy":"product_tag","embeddable":true,"href":"https:\/\/meon.theskinhouse.ee\/ru\/wp-json\/wp\/v2\/product_tag?post=3298"}],"curies":[{"name":"wp","href":"https:\/\/api.w.org\/{rel}","templated":true}]}}