{"id":3296,"date":"2021-04-15T00:00:05","date_gmt":"2021-04-14T21:00:05","guid":{"rendered":"https:\/\/meon.theskinhouse.ee\/toode\/cosrx-bha-blackhead-power-liquid-2\/"},"modified":"2026-04-09T09:05:04","modified_gmt":"2026-04-09T06:05:04","slug":"cosrx-bha-blackhead-power-liquid-2","status":"publish","type":"product","link":"https:\/\/meon.theskinhouse.ee\/ru\/toode\/cosrx-bha-blackhead-power-liquid-2\/","title":{"rendered":"Cosrx BHA Blackhead Power Liquid"},"content":{"rendered":"<p>COSRX BHA Blackhead Power Liquid on maailma \u00fcks populaarsemaid (ja t\u00f5husamaid) tooteid komedoonide raviks.<\/p>\n<p>Hooldusvedeliku BHA Blackhead Power Liquid regulaarse kasutamisega v\u00e4hendate komedoonide teket ja n\u00e4htavust. BHA hapet sisaldav hooldusvedelik eemaldab n\u00e4olt surnud naharakud ja takistab komedoonide teket.<\/p>\n<p>Komedoon tekib surnud naharakkudest ja rasust. Komedoon (mustpea) on v\u00e4ike ja v\u00e4rvitu m\u00fcgarik (rasukork) rasun\u00e4\u00e4rme kohal. Neid v\u00f5ib k\u00f5nekeeles nimetada valgepeadeks. Komedoon tekib siis, kui pooride rasu oks\u00fcdeerub ja muutub tumedaks. Ka v\u00e4ljastpoolt p\u00e4rit mustus (nt \u00f5husaaste) v\u00e4rvib rasu tumedaks.<\/p>\n<p>BHA Blackhead Power Liquid takistab naharakkude ja rasu kogunemist pooridesse, t\u00e4nu millele poorid p\u00fcsivad puhtana ja on v\u00e4iksemad. Kui poorid on puhtad, n\u00e4evad need ka v\u00e4iksemad v\u00e4lja ja on v\u00e4hem m\u00e4rgatavad.<\/p>\n<p>BHA Blackhead Power Liquid takistab mustuse kogunemist pooridesse ja ennetab seega t\u00f5husalt komedoonide tekkimist.<\/p>\n<p>COSRX nahahooldusvedelik uuendab ja kirgastab nahka, taastades selle tekstuuri.<\/p>\n<p>Tavalise vee asemel sisaldab BHA Blackhead Power Liquid paju perekonda kuuluva h\u00f5beremmelga koore keedust (willow bark water) . See rahustav ja niisutav koostisosa tasakaalustab nahka ja hoiab \u00e4ra naha\u00e4rrituse. Hooldusvedelikus sisalduv niatsiinamiid lisab nahale s\u00e4ra.<\/p>\n<p><strong>BHA Blackhead Power Liquid:<\/strong><br \/>\n\u2013 T\u00f5hus hooldusvedelik komedoonide ja akne raviks<br \/>\n\u2013 Sisaldab BHA hapet<br \/>\n\u2013 H\u00f5beremmelga koore keedus rahustab nahka<br \/>\n\u2013 Niatsiinamiid annab n\u00e4ole s\u00e4ra<br \/>\n\u2013 Ravib ummistunud poore<br \/>\n\u2013 Koorib \u00f5rnalt surnud naharakke<br \/>\n\u2013 Sobib k\u00f5ikidele nahat\u00fc\u00fcpidele intensiivseks hoolduseks<\/p>\n<p>Kasutage toodet BHA Blackhead Power Liquid regulaarselt&nbsp; akne, ummistunud pooride ja komedoonide kontrolli all hoidmiseks.<\/p>\n<p><strong>Kasutamine<\/strong><\/p>\n<p>Kasutage BHA Blackhead Power Liquidi algul \u00fcks kord n\u00e4dalas ja edasi 2\u20133 korda n\u00e4dalas. Kandke seerumit n\u00e4ole p\u00e4rast n\u00e4ovee kasutamist.<\/p>\n<p><strong>NB!<\/strong><br \/>\n\u2013 Toodet on soovitatav kanda n\u00e4ole vatipadjakesega.<br \/>\n\u2013 Kui teil on tundlik nahk, \u00e4rge kasutage samal p\u00e4eval teisi AHA v\u00f5i BHA happeid, retinooli v\u00f5i C-vitamiini seerumit sisaldavaid tooteid, sest koos kasutamisel v\u00f5ivad need nahka \u00e4rritada.<br \/>\n\u2013 Kuigi tootele BHA Blackhead Power Liquid ei ole lisatud l\u00f5hnaainet, v\u00f5ib tootel olla oma unikaalsete koostisosade t\u00f5ttu kerge l\u00f5hn.<\/p>\n<p><strong>Kogus<\/strong>: 100ml<\/p>\n<p><strong>Koostis<\/strong><br \/>\nSalix Alba Bark Water, Butylene Glycol, Betaine Salicylate, Niacinamide, 1,2-Hexanediol, Ethyl Hexanediol, Arginine, Panthenol, Sodium Hyaluronate, Xanthan Gum<br \/>\n&nbsp;<\/p>\n","protected":false},"excerpt":{"rendered":"<p>COSRX BHA Blackhead Power Liquid on maailma \u00fcks populaarsemaid (ja t\u00f5husamaid) tooteid komedoonide raviks. Hooldusvedeliku BHA Blackhead Power Liquid regulaarse kasutamisega v\u00e4hendate komedoonide teket ja n\u00e4htavust. BHA hapet sisaldav hooldusvedelik eemaldab n\u00e4olt surnud naharakud ja takistab komedoonide teket. Komedoon tekib surnud naharakkudest ja rasust. Komedoon (mustpea) on v\u00e4ike ja v\u00e4rvitu m\u00fcgarik (rasukork) rasun\u00e4\u00e4rme kohal. Neid [&hellip;]<\/p>\n","protected":false},"featured_media":3391,"comment_status":"open","ping_status":"closed","template":"","meta":{"_acf_changed":false},"product_brand":[],"product_cat":[],"product_tag":[],"class_list":{"0":"post-3296","1":"product","2":"type-product","3":"status-publish","4":"has-post-thumbnail","6":"brand-cosrx","8":"first","9":"instock","10":"taxable","11":"shipping-taxable","12":"purchasable","13":"product-type-simple"},"bundle_layout":"","bundled_by":[],"bundled_items":[],"acf":[],"_links":{"self":[{"href":"https:\/\/meon.theskinhouse.ee\/ru\/wp-json\/wp\/v2\/product\/3296","targetHints":{"allow":["GET"]}}],"collection":[{"href":"https:\/\/meon.theskinhouse.ee\/ru\/wp-json\/wp\/v2\/product"}],"about":[{"href":"https:\/\/meon.theskinhouse.ee\/ru\/wp-json\/wp\/v2\/types\/product"}],"replies":[{"embeddable":true,"href":"https:\/\/meon.theskinhouse.ee\/ru\/wp-json\/wp\/v2\/comments?post=3296"}],"wp:featuredmedia":[{"embeddable":true,"href":"https:\/\/meon.theskinhouse.ee\/ru\/wp-json\/wp\/v2\/media\/3391"}],"wp:attachment":[{"href":"https:\/\/meon.theskinhouse.ee\/ru\/wp-json\/wp\/v2\/media?parent=3296"}],"wp:term":[{"taxonomy":"product_brand","embeddable":true,"href":"https:\/\/meon.theskinhouse.ee\/ru\/wp-json\/wp\/v2\/product_brand?post=3296"},{"taxonomy":"product_cat","embeddable":true,"href":"https:\/\/meon.theskinhouse.ee\/ru\/wp-json\/wp\/v2\/product_cat?post=3296"},{"taxonomy":"product_tag","embeddable":true,"href":"https:\/\/meon.theskinhouse.ee\/ru\/wp-json\/wp\/v2\/product_tag?post=3296"}],"curies":[{"name":"wp","href":"https:\/\/api.w.org\/{rel}","templated":true}]}}