{"id":3294,"date":"2021-04-14T23:55:10","date_gmt":"2021-04-14T20:55:10","guid":{"rendered":"https:\/\/meon.theskinhouse.ee\/toode\/cosrx-aha-bha-clarifying-treatment-toner-2\/"},"modified":"2026-04-10T08:15:03","modified_gmt":"2026-04-10T05:15:03","slug":"cosrx-aha-bha-clarifying-treatment-toner-2","status":"publish","type":"product","link":"https:\/\/meon.theskinhouse.ee\/ru\/toode\/cosrx-aha-bha-clarifying-treatment-toner-2\/","title":{"rendered":"Cosrx AHA\/BHA Clarifying Treatment Toner"},"content":{"rendered":"<p>COSRX AHA\/BHA Clarifying Treatment Toner sisaldab AHA ja BHA happeid, mis muudavad naha pehmemaks ja tagavad selle puhtuse. BHA (beetah\u00fcdroks\u00fchape) takistab naharakkude kogunemist pooridesse, t\u00e4nu millele poorid p\u00fcsivad puhtana ja v\u00e4rskena. AHA (alfah\u00fcdroks\u00fchape) koorib surnud naharakke, muutes naha s\u00e4ravamaks. See aktiivseid koostisosi sisaldav toonik uuendab, kirgastab ja silendab nahka. Toote regulaarse kasutamise korral n\u00e4eb n\u00e4gu v\u00e4lja jumekas ja s\u00e4rav. N\u00e4onaha optimaalset pH-d s\u00e4ilitav Clarifying Treatment Toner aitab v\u00e4ltida uute komedoonide ja vistrike teket. Toonik parandab nahatooni ning \u00fchtlasi muudab naha siledamaks ja pehmemaks.<\/p>\n<p>Sobib eriti probleemsele nahale, aknearmide raviks ja pigmentatsioonimuutuste kaotamiseks.<\/p>\n<p><strong>Kasutamine<\/strong><\/p>\n<p>Tupsutage toonikut puhastatud n\u00e4onahale v\u00f5i p\u00fchkige nahka toonikuga niisutatud vatitupsuga. J\u00e4tkake nahahooldust essentsi, seerumi ja niisutuskreemiga.<\/p>\n<p><strong>Kogus<\/strong>: 150ml<\/p>\n<p><strong>Koostis<\/strong><br \/>\nAqua\/Water, Salix Alba Bark Water, Pyrus Malus Fruit Water, Butylene Glycol, 1,2-Hexanediol, Sodium Lactate, Ethyl Hexanediol, Betaine Salicylate, Allantoin, Panthenol, Glycolic Acid<\/p>\n","protected":false},"excerpt":{"rendered":"<p>COSRX AHA\/BHA Clarifying Treatment Toner sisaldab AHA ja BHA happeid, mis muudavad naha pehmemaks ja tagavad selle puhtuse. BHA (beetah\u00fcdroks\u00fchape) takistab naharakkude kogunemist pooridesse, t\u00e4nu millele poorid p\u00fcsivad puhtana ja v\u00e4rskena. AHA (alfah\u00fcdroks\u00fchape) koorib surnud naharakke, muutes naha s\u00e4ravamaks. See aktiivseid koostisosi sisaldav toonik uuendab, kirgastab ja silendab nahka. Toote regulaarse kasutamise korral n\u00e4eb n\u00e4gu [&hellip;]<\/p>\n","protected":false},"featured_media":3383,"comment_status":"open","ping_status":"closed","template":"","meta":{"_acf_changed":false},"product_brand":[],"product_cat":[],"product_tag":[],"class_list":{"0":"post-3294","1":"product","2":"type-product","3":"status-publish","4":"has-post-thumbnail","6":"brand-cosrx","8":"first","9":"instock","10":"taxable","11":"shipping-taxable","12":"purchasable","13":"product-type-simple"},"bundle_layout":"","bundled_by":[],"bundled_items":[],"acf":[],"_links":{"self":[{"href":"https:\/\/meon.theskinhouse.ee\/ru\/wp-json\/wp\/v2\/product\/3294","targetHints":{"allow":["GET"]}}],"collection":[{"href":"https:\/\/meon.theskinhouse.ee\/ru\/wp-json\/wp\/v2\/product"}],"about":[{"href":"https:\/\/meon.theskinhouse.ee\/ru\/wp-json\/wp\/v2\/types\/product"}],"replies":[{"embeddable":true,"href":"https:\/\/meon.theskinhouse.ee\/ru\/wp-json\/wp\/v2\/comments?post=3294"}],"wp:featuredmedia":[{"embeddable":true,"href":"https:\/\/meon.theskinhouse.ee\/ru\/wp-json\/wp\/v2\/media\/3383"}],"wp:attachment":[{"href":"https:\/\/meon.theskinhouse.ee\/ru\/wp-json\/wp\/v2\/media?parent=3294"}],"wp:term":[{"taxonomy":"product_brand","embeddable":true,"href":"https:\/\/meon.theskinhouse.ee\/ru\/wp-json\/wp\/v2\/product_brand?post=3294"},{"taxonomy":"product_cat","embeddable":true,"href":"https:\/\/meon.theskinhouse.ee\/ru\/wp-json\/wp\/v2\/product_cat?post=3294"},{"taxonomy":"product_tag","embeddable":true,"href":"https:\/\/meon.theskinhouse.ee\/ru\/wp-json\/wp\/v2\/product_tag?post=3294"}],"curies":[{"name":"wp","href":"https:\/\/api.w.org\/{rel}","templated":true}]}}