{"id":3292,"date":"2021-04-14T23:55:10","date_gmt":"2021-04-14T20:55:10","guid":{"rendered":"https:\/\/meon.theskinhouse.ee\/toode\/cosrx-advanced-snail-96-mucin-power-essence-2\/"},"modified":"2026-04-10T08:15:03","modified_gmt":"2026-04-10T05:15:03","slug":"cosrx-advanced-snail-96-mucin-power-essence-2","status":"publish","type":"product","link":"https:\/\/meon.theskinhouse.ee\/ru\/toode\/cosrx-advanced-snail-96-mucin-power-essence-2\/","title":{"rendered":"Cosrx Advanced Snail 96 Mucin Power Essence"},"content":{"rendered":"<p>COSRX Advanced Snail 96 Power Essence niisutab nahka ja parandab selle seisundit. 96,3% teolimaseerumit sisaldav nahahooldusvedelik sobib k\u00f5ikidele nahat\u00fc\u00fcpidele, lisab nahale s\u00e4ra ning tagab t\u00e4iendava niisutuse. Regulaarsel kasutamisel uuendab teolimaseerum nahka ning parandab selle tekstuuri ja toonust. Looduslikult vitamiinide- ja mineraaliderikas teolimaseerum sisaldab ka niisutavat h\u00fcaluroonhapet, mis muudab naha tervemaks ja pringimaks.<\/p>\n<p>See nahahooldusvedelik ravib ja ennetab t\u00f5husalt paljusid nahaprobleeme. Alkoholivaba ja l\u00f5hnatu toode sisaldab puhast teolimaseerumit (96%), mis aitab kaotada kortsukesi, aknearme ja nahatooni erinevusi.<br \/>\nLisaks teolimaseerumile aitab n\u00e4htavaid nahakahjustusi ravida ka tootes sisalduv arginiin. H\u00fcaluroonhape niisutab nahka vajalikul m\u00e4\u00e4ral. Rahustav allantoiin aitab leevendada punetust n\u00e4ol. Advanced Snail 96 Power Essence silub ning taastab nahka, kaotades kortsukesi ja aknearme.<\/p>\n<p><strong>Advanced Snail 96 Power Essence:<\/strong><br \/>\n\u2013 nahka parandav ja rahustav hooldusvedelik<br \/>\n\u2013 sisaldab kuni 96,3% teolimaseerumit<br \/>\n\u2013 kaotab aknearme, kortsukesi ja pigmentatsioonimuutusi ning uuendab nahka<br \/>\n\u2013 aitab ennetada ja kontrolli all hoida n\u00e4o punetust<br \/>\n\u2013 niisutab ja pinguldab nahka<br \/>\n\u2013 meeldivalt kerge koostis.<\/p>\n<p><strong>Kasutamine<\/strong><\/p>\n<p>Kandke Advanced Snail 96 Power Essence hooldusvedelikku puhtale n\u00e4ole p\u00e4rast n\u00e4ovee kasutamist. J\u00e4tkake nahahooldust niisutava kreemiga. Kasutada iga p\u00e4ev.<\/p>\n<p><strong>Kogus<\/strong>: 100ml<\/p>\n<p><strong>Koostis<\/strong><br \/>\nSnail Secretion Filtrate, Betaine, Butylene Glycol, 1,2-Hexanediol, Ethyl Hexanediol, Phenoxyethanol, Sodium Polyacrylate, Sodium Hyaluronate, Allantoin, Carbomer, Panthenol, Arginine, Aqua\/Watere<\/p>\n","protected":false},"excerpt":{"rendered":"<p>COSRX Advanced Snail 96 Power Essence niisutab nahka ja parandab selle seisundit. 96,3% teolimaseerumit sisaldav nahahooldusvedelik sobib k\u00f5ikidele nahat\u00fc\u00fcpidele, lisab nahale s\u00e4ra ning tagab t\u00e4iendava niisutuse. Regulaarsel kasutamisel uuendab teolimaseerum nahka ning parandab selle tekstuuri ja toonust. Looduslikult vitamiinide- ja mineraaliderikas teolimaseerum sisaldab ka niisutavat h\u00fcaluroonhapet, mis muudab naha tervemaks ja pringimaks. See nahahooldusvedelik ravib [&hellip;]<\/p>\n","protected":false},"featured_media":3387,"comment_status":"open","ping_status":"closed","template":"","meta":{"_acf_changed":false},"product_brand":[],"product_cat":[],"product_tag":[],"class_list":{"0":"post-3292","1":"product","2":"type-product","3":"status-publish","4":"has-post-thumbnail","6":"brand-cosrx","8":"first","9":"instock","10":"taxable","11":"shipping-taxable","12":"purchasable","13":"product-type-simple"},"bundle_layout":"","bundled_by":[],"bundled_items":[],"acf":[],"_links":{"self":[{"href":"https:\/\/meon.theskinhouse.ee\/ru\/wp-json\/wp\/v2\/product\/3292","targetHints":{"allow":["GET"]}}],"collection":[{"href":"https:\/\/meon.theskinhouse.ee\/ru\/wp-json\/wp\/v2\/product"}],"about":[{"href":"https:\/\/meon.theskinhouse.ee\/ru\/wp-json\/wp\/v2\/types\/product"}],"replies":[{"embeddable":true,"href":"https:\/\/meon.theskinhouse.ee\/ru\/wp-json\/wp\/v2\/comments?post=3292"}],"wp:featuredmedia":[{"embeddable":true,"href":"https:\/\/meon.theskinhouse.ee\/ru\/wp-json\/wp\/v2\/media\/3387"}],"wp:attachment":[{"href":"https:\/\/meon.theskinhouse.ee\/ru\/wp-json\/wp\/v2\/media?parent=3292"}],"wp:term":[{"taxonomy":"product_brand","embeddable":true,"href":"https:\/\/meon.theskinhouse.ee\/ru\/wp-json\/wp\/v2\/product_brand?post=3292"},{"taxonomy":"product_cat","embeddable":true,"href":"https:\/\/meon.theskinhouse.ee\/ru\/wp-json\/wp\/v2\/product_cat?post=3292"},{"taxonomy":"product_tag","embeddable":true,"href":"https:\/\/meon.theskinhouse.ee\/ru\/wp-json\/wp\/v2\/product_tag?post=3292"}],"curies":[{"name":"wp","href":"https:\/\/api.w.org\/{rel}","templated":true}]}}