{"id":3290,"date":"2021-04-14T23:55:10","date_gmt":"2021-04-14T20:55:10","guid":{"rendered":"https:\/\/meon.theskinhouse.ee\/toode\/cosrx-low-ph-good-morning-gel-cleanser-2\/"},"modified":"2026-04-10T08:15:03","modified_gmt":"2026-04-10T05:15:03","slug":"cosrx-low-ph-good-morning-gel-cleanser-2","status":"publish","type":"product","link":"https:\/\/meon.theskinhouse.ee\/ru\/toode\/cosrx-low-ph-good-morning-gel-cleanser-2\/","title":{"rendered":"Cosrx Low pH Good Morning Gel Cleanser"},"content":{"rendered":"<p>Spetsiaalselt hommikuseks hoolduseks loodud Low pH Good Morning puhastusgeel eemaldab n\u00e4onahalt surnud naharakud ja \u00f6\u00f6 jooksul kogunenud liigse rasu. Tootes sisalduv looduslik BHA hape aitab puhastada naha pinda, eemaldades surnud naharakud ja takistades ebapuhtuste teket. Kergelt happeline pH on nahale optimaalne.<\/p>\n<p><strong>COSRX Good Morning Gel Cleanser:<\/strong><br \/>\n\u2013 k\u00f5ikidele nahat\u00fc\u00fcpidele<br \/>\n\u2013 sobib hommikuseks ja \u00f5htuseks nahahoolduseks<br \/>\n\u2013 eemaldab n\u00e4olt mustuse ja ebapuhtused<br \/>\n\u2013 sisaldab antibakteriaalset teepuu ekstrakti<br \/>\n\u2013 nahas\u00f5bralik pH 5\u20136<\/p>\n<p>Teepuu\u00f5li annab puhastusvahendile meeldivalt loodusl\u00e4hedase l\u00f5hna. Antibakteriaalse toimega teepuu aitab leevendada nahap\u00f5letikke ja sobib suurep\u00e4raselt nahaprobleemide raviks. Rasususele kalduvat nahka tasakaalustav teepuu\u00f5li aitab v\u00e4hendada ebapuhtuste teket.<\/p>\n<p>Vaatamata oma nimetusele sobib puhastusgeeli Good Morning kasutada nii hommikul kui ka \u00f5htul v\u00f5i siis topeltpuhastuse teise sammuna.<\/p>\n<p><strong>Madal pH 5\u20136<\/strong><\/p>\n<p>COSRX-i puhastusgeel Good Morning on madala pH-ga&nbsp; ning m\u00f5eldud tundlikule ja probleemsele nahale, et puhastada n\u00e4gu t\u00f5husalt, ilma et tekiks naha\u00e4rritust. Toote madal pH aitab v\u00e4ltida naha pH taseme t\u00f5usu puhastamise tagaj\u00e4rjel. Sageli on kraaniveel ja puhastusvahtudele k\u00f5rge pH tase, mis kuivatab nahka ning rikub selle tasakaalu. Madal pH tase (5\u20136) aitab \u00e4ra hoida n\u00e4onaha kuivust ja pigistavat tunnet. Pehmelt vahutav geeljas toode puhastab nahka \u00f5rnemalt.<\/p>\n<p><strong>Kasutamine<\/strong><\/p>\n<p>Vahustage puhastusgeeli niisutatud k\u00e4te vahel ja h\u00f5\u00f5ruge n\u00e4ole ringjate liigutustega. Kasutage toodet n\u00e4o puhastamiseks hommikuti ja \u00f5htuti v\u00f5i tehke t\u00e4iendavaks puhastuseks, kasutades k\u00f5igepealt puhastus\u00f5li ja seej\u00e4rel COSRX-i puhastusgeeli Good Morning.<\/p>\n<p><strong>Kogus<\/strong>: 150ml<\/p>\n<p><strong>Koostis<\/strong><br \/>\nAqua\/Water, Cocamidopropyl Betaine, Polysorbate 20, Sodium Lauroyl Methyl Isethionate, Sodium Chloride, Butylene Glycol, Disodium EDTA, Caprylyl Glycol, Ethylhexylglycerin, Parfum, Allantoin, Sodium Benzoate, Trisodium Ethylenediamine Disuccinate, Citric Acid, Styrax Japonicus Branch\/Fruit\/Leaf Extract, 1,2-Hexanediol, Betaine Salicylate, Saccharomyces Ferment, Cryptomeria Japonica Leaf Extract, Nelumbo Nucifera Leaf Extract, Pinus Palustris Leaf Extract, Ulmus Davidiana Root Extract, Oenothera Biennis Flower Extract, Pueraria Lobata Root Extract, Ethyl Hexanediol, Limonene<br \/>\n&nbsp;<\/p>\n","protected":false},"excerpt":{"rendered":"<p>Spetsiaalselt hommikuseks hoolduseks loodud Low pH Good Morning puhastusgeel eemaldab n\u00e4onahalt surnud naharakud ja \u00f6\u00f6 jooksul kogunenud liigse rasu. Tootes sisalduv looduslik BHA hape aitab puhastada naha pinda, eemaldades surnud naharakud ja takistades ebapuhtuste teket. Kergelt happeline pH on nahale optimaalne. COSRX Good Morning Gel Cleanser: \u2013 k\u00f5ikidele nahat\u00fc\u00fcpidele \u2013 sobib hommikuseks ja \u00f5htuseks nahahoolduseks [&hellip;]<\/p>\n","protected":false},"featured_media":3379,"comment_status":"open","ping_status":"closed","template":"","meta":{"_acf_changed":false},"product_brand":[],"product_cat":[],"product_tag":[],"class_list":{"0":"post-3290","1":"product","2":"type-product","3":"status-publish","4":"has-post-thumbnail","6":"brand-cosrx","8":"first","9":"instock","10":"taxable","11":"shipping-taxable","12":"purchasable","13":"product-type-simple"},"bundle_layout":"","bundled_by":[],"bundled_items":[],"acf":[],"_links":{"self":[{"href":"https:\/\/meon.theskinhouse.ee\/ru\/wp-json\/wp\/v2\/product\/3290","targetHints":{"allow":["GET"]}}],"collection":[{"href":"https:\/\/meon.theskinhouse.ee\/ru\/wp-json\/wp\/v2\/product"}],"about":[{"href":"https:\/\/meon.theskinhouse.ee\/ru\/wp-json\/wp\/v2\/types\/product"}],"replies":[{"embeddable":true,"href":"https:\/\/meon.theskinhouse.ee\/ru\/wp-json\/wp\/v2\/comments?post=3290"}],"wp:featuredmedia":[{"embeddable":true,"href":"https:\/\/meon.theskinhouse.ee\/ru\/wp-json\/wp\/v2\/media\/3379"}],"wp:attachment":[{"href":"https:\/\/meon.theskinhouse.ee\/ru\/wp-json\/wp\/v2\/media?parent=3290"}],"wp:term":[{"taxonomy":"product_brand","embeddable":true,"href":"https:\/\/meon.theskinhouse.ee\/ru\/wp-json\/wp\/v2\/product_brand?post=3290"},{"taxonomy":"product_cat","embeddable":true,"href":"https:\/\/meon.theskinhouse.ee\/ru\/wp-json\/wp\/v2\/product_cat?post=3290"},{"taxonomy":"product_tag","embeddable":true,"href":"https:\/\/meon.theskinhouse.ee\/ru\/wp-json\/wp\/v2\/product_tag?post=3290"}],"curies":[{"name":"wp","href":"https:\/\/api.w.org\/{rel}","templated":true}]}}