{"id":326,"date":"2020-04-02T13:48:43","date_gmt":"2020-04-02T10:48:43","guid":{"rendered":"https:\/\/meon.theskinhouse.ee\/toode\/the-skin-house-wrinkle-supreme-toner-tester-2\/"},"modified":"2026-04-10T00:15:02","modified_gmt":"2026-04-09T21:15:02","slug":"the-skin-house-wrinkle-supreme-toner-tester-2","status":"publish","type":"product","link":"https:\/\/meon.theskinhouse.ee\/ru\/toode\/the-skin-house-wrinkle-supreme-toner-tester-2\/","title":{"rendered":"The Skin House Wrinkle Supreme Toner Tester"},"content":{"rendered":"<p>TESTER<\/p>\n<p>Vananemisvastase toimega toonik sisaldab erinevaid nahahoolduseks vajalikke toitaineid ja antioks\u00fcdante (nt hariliku \u017een\u0161enni juureekstrakti, \u00fcheksat liiki seeni). L\u00e4bipaistev viskoosne toonik imendub t\u00e4ielikult ning muudab naha s\u00e4ravaks. Tegu on toitva toonikuga, mis toidab nahka elementaarsete toitainetega ning muudab naha taas elavamaks.<\/p>\n<p>Seente ekstraktid sisaldavad suures koguses antioks\u00fcdante, mis kaitsevad nahka ja v\u00f5itlevad v\u00e4ikeste kortsude ja teiste vananemisilmingutega. Hariliku \u017een\u0161enni ekstrakt sisaldab ohtralt toitaineid ning v\u00f5itleb v\u00e4liskeskkonnast tuleneva stressiga ning aitab nahal uuesti elavam, kiirgavam ja elastsem v\u00e4lja n\u00e4ha. \u017den\u0161enni juure ekstrakt on \u00fclitugev antioks\u00fcdant, kaitseb nahka vabade radikaalide ja erinevate negatiivsete v\u00e4lism\u00f5jude eest. \u017den\u0161enn taastab epidermise struktuuri, tugevdab veresoonte seinu, \u00fchtlustab nahatooni. \u017den\u0161ennil on unikaalne noorendav toime, seda kasutatakse laialdaselt Aasia meditsiinis ja kosmeetikas. \u017den\u0161enn on kuulus ka selle poolest, et stimuleerib naha enda v\u00f5imet kollageeni s\u00fcnteesida.<\/p>\n<p>Peamised koostisosad: hariliku \u017een\u0161enni (Panax ginseng) juureekstrakt, lakkvaabiku (Ganoderma lucidum) ekstrakt, taeliku (Phellinus linteus) ekstrakt, kasek\u00e4sna (Inonotus obliquus) ekstrakt, Agaricus blazei ekstrakt, m\u00e4nniheiniku (Tricholoma matsutake) ekstrakt, v\u00e4rtenja mariadru (Hizikia fusiforme) ekstrakt, rohevetika (Codium tomentosum) ekstrakt, punavetika (Gelidium cartilagineum) ekstrakt<\/p>\n<p><strong>Kasutamine<\/strong><br \/>\nPuhastage n\u00e4gu. Kandke piisav kogus toonikut vatipadjale ja kandke toonik n\u00e4ole suunaga n\u00e4o keskelt \u00e4\u00e4rte poole. Patsutage n\u00e4gu toote paremaks imendumiseks.<\/p>\n<p><strong>Kogus<\/strong>: 2 ml<br \/>\n<strong>Sobilik<\/strong>: k\u00f5ik nahat\u00fc\u00fcbid, eriti vananemistunnustega nahk ja vananemise ennetamiseks.<\/p>\n","protected":false},"excerpt":{"rendered":"<p>TESTER Vananemisvastase toimega toonik sisaldab erinevaid nahahoolduseks vajalikke toitaineid ja antioks\u00fcdante (nt hariliku \u017een\u0161enni juureekstrakti, \u00fcheksat liiki seeni). L\u00e4bipaistev viskoosne toonik imendub t\u00e4ielikult ning muudab naha s\u00e4ravaks. Tegu on toitva toonikuga, mis toidab nahka elementaarsete toitainetega ning muudab naha taas elavamaks. Seente ekstraktid sisaldavad suures koguses antioks\u00fcdante, mis kaitsevad nahka ja v\u00f5itlevad v\u00e4ikeste kortsude ja [&hellip;]<\/p>\n","protected":false},"featured_media":2122,"comment_status":"open","ping_status":"closed","template":"","meta":{"_acf_changed":false},"product_brand":[],"product_cat":[],"product_tag":[],"class_list":{"0":"post-326","1":"product","2":"type-product","3":"status-publish","4":"has-post-thumbnail","6":"brand-the-skin-house","8":"first","9":"outofstock","10":"taxable","11":"shipping-taxable","12":"purchasable","13":"product-type-simple"},"bundle_layout":"","bundled_by":[],"bundled_items":[],"acf":[],"_links":{"self":[{"href":"https:\/\/meon.theskinhouse.ee\/ru\/wp-json\/wp\/v2\/product\/326","targetHints":{"allow":["GET"]}}],"collection":[{"href":"https:\/\/meon.theskinhouse.ee\/ru\/wp-json\/wp\/v2\/product"}],"about":[{"href":"https:\/\/meon.theskinhouse.ee\/ru\/wp-json\/wp\/v2\/types\/product"}],"replies":[{"embeddable":true,"href":"https:\/\/meon.theskinhouse.ee\/ru\/wp-json\/wp\/v2\/comments?post=326"}],"wp:featuredmedia":[{"embeddable":true,"href":"https:\/\/meon.theskinhouse.ee\/ru\/wp-json\/wp\/v2\/media\/2122"}],"wp:attachment":[{"href":"https:\/\/meon.theskinhouse.ee\/ru\/wp-json\/wp\/v2\/media?parent=326"}],"wp:term":[{"taxonomy":"product_brand","embeddable":true,"href":"https:\/\/meon.theskinhouse.ee\/ru\/wp-json\/wp\/v2\/product_brand?post=326"},{"taxonomy":"product_cat","embeddable":true,"href":"https:\/\/meon.theskinhouse.ee\/ru\/wp-json\/wp\/v2\/product_cat?post=326"},{"taxonomy":"product_tag","embeddable":true,"href":"https:\/\/meon.theskinhouse.ee\/ru\/wp-json\/wp\/v2\/product_tag?post=326"}],"curies":[{"name":"wp","href":"https:\/\/api.w.org\/{rel}","templated":true}]}}