{"id":3256,"date":"2021-03-18T17:35:03","date_gmt":"2021-03-18T15:35:03","guid":{"rendered":"https:\/\/meon.theskinhouse.ee\/toode\/mizon-real-vitamin-c-ampoule-3\/"},"modified":"2026-04-10T08:15:03","modified_gmt":"2026-04-10T05:15:03","slug":"mizon-real-vitamin-c-ampoule-3","status":"publish","type":"product","link":"https:\/\/meon.theskinhouse.ee\/ru\/toode\/mizon-real-vitamin-c-ampoule-3\/","title":{"rendered":"MIZON Real Vitamin C Ampoule"},"content":{"rendered":"<p><strong>Buduaari Ilulemmik 2022 v\u00f5itja!<\/strong><\/p>\n<p>K\u00f5rgkontsentreeritud C-vitamiini seerum 19% puhta C-vitamiini sisaldusega. Hoolitseb naha tervise eest, v\u00e4rskendab nahka, helestab pigmendilaike, niisutab ning sisaldab suures koguses antioks\u00fcdante, mis parandavad naha immuunsust. Sisaldab ainult k\u00f5ige puhtamaid koostisosi ning dermatoloogiliselt testitud. Spetsiaalne veevaba koostis teeb seerumi maksimaalselt efektiivseks, v\u00e4ltides C-vitamiini oks\u00fcdeerumist.<\/p>\n<p><strong>Kasutamine<\/strong><\/p>\n<p>Kasutage seerumit esimese vahendina p\u00e4rast naha puhastamist hommikul v\u00f5i \u00f5htul. Kandke 2-3 tilka seerumit n\u00e4ole ning masseerige, kuni imendumiseni. Tundliku naha korral segage 1-2 tilka seerumit oma n\u00e4okreemi sisse ja kandke n\u00e4ole. P\u00e4rast seerumit v\u00f5ib kasutada muid niisutavaid vahendeid. V\u00e4ltige p\u00e4ikest p\u00e4rast C-vitamiini kasutamist v\u00f5i kasutage p\u00e4ikesekaitset.<\/p>\n<p><strong>NB<\/strong>! Seerum on k\u00f5rge C-vitamiini kontsentratsiooniga (19%), mis tundliku naha korral v\u00f5ib tekitada kerget kipitamist.&nbsp;<\/p>\n<p><strong>Kogus<\/strong>: 30ml<\/p>\n<p><strong>Koostis<\/strong><br \/>\nPropanediol, Propylene carbonate, Ascorbic acid, 2,3-Butanediol, Dimethyl Isosorbide, Arbutin, Limonene, Scutellaria Baicalensis Root Extract, Adenosine, Citrus Aurantium Dulcis (Orange) Peel Oil<\/p>\n","protected":false},"excerpt":{"rendered":"<p>Buduaari Ilulemmik 2022 v\u00f5itja! K\u00f5rgkontsentreeritud C-vitamiini seerum 19% puhta C-vitamiini sisaldusega. Hoolitseb naha tervise eest, v\u00e4rskendab nahka, helestab pigmendilaike, niisutab ning sisaldab suures koguses antioks\u00fcdante, mis parandavad naha immuunsust. Sisaldab ainult k\u00f5ige puhtamaid koostisosi ning dermatoloogiliselt testitud. Spetsiaalne veevaba koostis teeb seerumi maksimaalselt efektiivseks, v\u00e4ltides C-vitamiini oks\u00fcdeerumist. Kasutamine Kasutage seerumit esimese vahendina p\u00e4rast naha puhastamist [&hellip;]<\/p>\n","protected":false},"featured_media":4726,"comment_status":"open","ping_status":"closed","template":"","meta":{"_acf_changed":false},"product_brand":[],"product_cat":[],"product_tag":[],"class_list":{"0":"post-3256","1":"product","2":"type-product","3":"status-publish","4":"has-post-thumbnail","6":"brand-mizon","8":"first","9":"instock","10":"taxable","11":"shipping-taxable","12":"purchasable","13":"product-type-simple"},"bundle_layout":"","bundled_by":[],"bundled_items":[],"acf":[],"_links":{"self":[{"href":"https:\/\/meon.theskinhouse.ee\/ru\/wp-json\/wp\/v2\/product\/3256","targetHints":{"allow":["GET"]}}],"collection":[{"href":"https:\/\/meon.theskinhouse.ee\/ru\/wp-json\/wp\/v2\/product"}],"about":[{"href":"https:\/\/meon.theskinhouse.ee\/ru\/wp-json\/wp\/v2\/types\/product"}],"replies":[{"embeddable":true,"href":"https:\/\/meon.theskinhouse.ee\/ru\/wp-json\/wp\/v2\/comments?post=3256"}],"wp:featuredmedia":[{"embeddable":true,"href":"https:\/\/meon.theskinhouse.ee\/ru\/wp-json\/wp\/v2\/media\/4726"}],"wp:attachment":[{"href":"https:\/\/meon.theskinhouse.ee\/ru\/wp-json\/wp\/v2\/media?parent=3256"}],"wp:term":[{"taxonomy":"product_brand","embeddable":true,"href":"https:\/\/meon.theskinhouse.ee\/ru\/wp-json\/wp\/v2\/product_brand?post=3256"},{"taxonomy":"product_cat","embeddable":true,"href":"https:\/\/meon.theskinhouse.ee\/ru\/wp-json\/wp\/v2\/product_cat?post=3256"},{"taxonomy":"product_tag","embeddable":true,"href":"https:\/\/meon.theskinhouse.ee\/ru\/wp-json\/wp\/v2\/product_tag?post=3256"}],"curies":[{"name":"wp","href":"https:\/\/api.w.org\/{rel}","templated":true}]}}