{"id":324,"date":"2020-04-02T13:48:43","date_gmt":"2020-04-02T10:48:43","guid":{"rendered":"https:\/\/meon.theskinhouse.ee\/toode\/the-skin-house-wrinkle-system-cream-2\/"},"modified":"2026-04-10T00:15:02","modified_gmt":"2026-04-09T21:15:02","slug":"the-skin-house-wrinkle-system-cream-2","status":"publish","type":"product","link":"https:\/\/meon.theskinhouse.ee\/ru\/toode\/the-skin-house-wrinkle-system-cream-2\/","title":{"rendered":"The Skin House Wrinkle System Cream"},"content":{"rendered":"<p><span style=\"font-weight: 700;font-family: Raleway, sans-serif;font-size: 14px\">NB! Buduaari Lemmik 2020 \u2013 parim jaem\u00fc\u00fcgitoode!<\/span><\/p>\n<p>Kortsudevastane pinguldav k\u00f5rgkontsentreeritud kreem kollageeni ja adenosiiniga. Toidab intensiivselt ja s\u00fcgavalt nahka ning v\u00f5itleb vananemise tunnustega.<\/p>\n<p>Naha noorus v\u00e4ljendub selles, kui h\u00e4sti ta suudab s\u00e4ilitada oma loomulikku kuju, s.t. kui elastne nahk on. Kui nahk sisaldab piisavalt kollageeni, siis ta ei kaota oma elastsust. Vanusega hakkab kollageeni s\u00fcntees nahas v\u00e4henema. Antud kreem aitab nahka toita kollageeniga, et ta muutuks j\u00e4lle elastseks ja oleks toonuses.<\/p>\n<p>Korea Terviseameti poolt sertifitseeritud kortsuvastane kreem sisaldab kortsudevastase toimega patenteeritud koostist kollageeni baasil, mis taastab naha loomulikku tihedust ja prinkust. Kreemis sisalduv adenosiin omab kortsudevastast toimet ning muudab naha taas siledaks ja elastseks. Kreem hoolitseb naha eest viiel erineval moel: v\u00e4hendab kortse, t\u00f5stab naha elastsust ja tihedust, muudab naha heledamaks ning ahendab poore. See k\u00f5rgkontsentreeritud vananemisvastase toime ja k\u00fclluslike toitainetega kreem muudab naha taas elastsemaks.<\/p>\n<p><strong>Peamised koostisosad:<\/strong> kollageen, adenosiin<\/p>\n<p><strong>Kasutamine<\/strong><br \/>\nP\u00e4rast puhastamist pehmendage nahka toonikuga. P\u00e4rast seerumi ja emulsiooni kasutamist v\u00f5tke sobiv kogus kreemi ning kandke see n\u00e4ole. Katke n\u00e4gu k\u00e4tega ning patsutage \u00f5rnalt toote paremaks imendumiseks.<\/p>\n<p><strong>Kogus: <\/strong>50 ml<br \/>\n<strong>Sobilik:<\/strong> n\u00f5rk ja l\u00f5tvunud nahk<\/p>\n<p><strong>Koostis<\/strong><br \/>\nWater,&nbsp;Butylene glycol,&nbsp;Glycerin,&nbsp;Squalane,&nbsp;Cyclomethicone,&nbsp;Mineral Oil,&nbsp;1,2-Hexanediol,&nbsp;Sodium Hyaluronate,&nbsp;Cetyl Ethylhexanoate,&nbsp;Macadamia Integrifolia Seed Oil,&nbsp;Dimethicone,&nbsp;Caprylic\/Capric Triglyceride,&nbsp;Cetearyl Alcohol,&nbsp;Stearic Acid,&nbsp;Dimethicone\/Vinyl Dimethicone Crosspolymer,&nbsp;Glyceryl Stearate,&nbsp;PEG-100 Stearate,&nbsp;Betaine,&nbsp;Methyl Gluceth-20,&nbsp;PEG-10 Dimethicone,&nbsp;Polysorbate 60,&nbsp;Sorbitan Isostearate,&nbsp;Beeswax,&nbsp;Carbomer,&nbsp;Sorbitan Stearate,&nbsp;Sodium Polyacrylate,&nbsp;C13-14 Isoparaffin,&nbsp;Laureth-7,&nbsp;Hydrolyzed Collagen,&nbsp;Hydrogenated Lecithin,&nbsp;Linoleic acid,&nbsp;Ceramide NP,&nbsp;TEA-cocoyl Glutamate,&nbsp;Camellia Japonica seed oil,&nbsp;Aloe Barbadensis Leaf Extract,&nbsp;Arginine,&nbsp;Myrciaria Dubia Fruit Extract,&nbsp;Euterpe Oleracea Fruit Extract,&nbsp;Panthenol,&nbsp;Allantoin,&nbsp;Adenosine,&nbsp;Disodium EDTA,&nbsp;Panax ginseng callus culture extract,&nbsp;Bambusa vulgaris Callus Culture extract,&nbsp;Aloe vera Callus Culture extract,&nbsp;Leontopodium alpinum extract,&nbsp;Thymus Vulgaris (Thyme) Extract,&nbsp;Buddleja Davidii Extract,&nbsp;Snail Secretion Filtrate,&nbsp;Phenoxyethanol,&nbsp;Ethylhexylglycerin,&nbsp;CI 19140,&nbsp;CI 15985,&nbsp;Perfume<br \/>\n&nbsp;<\/p>\n","protected":false},"excerpt":{"rendered":"<p>NB! Buduaari Lemmik 2020 \u2013 parim jaem\u00fc\u00fcgitoode! Kortsudevastane pinguldav k\u00f5rgkontsentreeritud kreem kollageeni ja adenosiiniga. Toidab intensiivselt ja s\u00fcgavalt nahka ning v\u00f5itleb vananemise tunnustega. Naha noorus v\u00e4ljendub selles, kui h\u00e4sti ta suudab s\u00e4ilitada oma loomulikku kuju, s.t. kui elastne nahk on. Kui nahk sisaldab piisavalt kollageeni, siis ta ei kaota oma elastsust. Vanusega hakkab kollageeni s\u00fcntees [&hellip;]<\/p>\n","protected":false},"featured_media":1875,"comment_status":"open","ping_status":"closed","template":"","meta":{"_acf_changed":false},"product_brand":[],"product_cat":[],"product_tag":[],"class_list":{"0":"post-324","1":"product","2":"type-product","3":"status-publish","4":"has-post-thumbnail","6":"brand-the-skin-house","8":"first","9":"instock","10":"taxable","11":"shipping-taxable","12":"purchasable","13":"product-type-simple"},"bundle_layout":"","bundled_by":[],"bundled_items":[],"acf":[],"_links":{"self":[{"href":"https:\/\/meon.theskinhouse.ee\/ru\/wp-json\/wp\/v2\/product\/324","targetHints":{"allow":["GET"]}}],"collection":[{"href":"https:\/\/meon.theskinhouse.ee\/ru\/wp-json\/wp\/v2\/product"}],"about":[{"href":"https:\/\/meon.theskinhouse.ee\/ru\/wp-json\/wp\/v2\/types\/product"}],"replies":[{"embeddable":true,"href":"https:\/\/meon.theskinhouse.ee\/ru\/wp-json\/wp\/v2\/comments?post=324"}],"wp:featuredmedia":[{"embeddable":true,"href":"https:\/\/meon.theskinhouse.ee\/ru\/wp-json\/wp\/v2\/media\/1875"}],"wp:attachment":[{"href":"https:\/\/meon.theskinhouse.ee\/ru\/wp-json\/wp\/v2\/media?parent=324"}],"wp:term":[{"taxonomy":"product_brand","embeddable":true,"href":"https:\/\/meon.theskinhouse.ee\/ru\/wp-json\/wp\/v2\/product_brand?post=324"},{"taxonomy":"product_cat","embeddable":true,"href":"https:\/\/meon.theskinhouse.ee\/ru\/wp-json\/wp\/v2\/product_cat?post=324"},{"taxonomy":"product_tag","embeddable":true,"href":"https:\/\/meon.theskinhouse.ee\/ru\/wp-json\/wp\/v2\/product_tag?post=324"}],"curies":[{"name":"wp","href":"https:\/\/api.w.org\/{rel}","templated":true}]}}