{"id":318,"date":"2020-04-02T13:48:43","date_gmt":"2020-04-02T10:48:43","guid":{"rendered":"https:\/\/meon.theskinhouse.ee\/toode\/the-skin-house-wrinkle-system-essence-tester-2\/"},"modified":"2026-04-10T00:15:02","modified_gmt":"2026-04-09T21:15:02","slug":"the-skin-house-wrinkle-system-essence-tester-2","status":"publish","type":"product","link":"https:\/\/meon.theskinhouse.ee\/ru\/toode\/the-skin-house-wrinkle-system-essence-tester-2\/","title":{"rendered":"The Skin House Wrinkle System Essence Tester"},"content":{"rendered":"<p>TESTER<\/p>\n<p>\u00d6ine elastsust ja prinkust lisav seerum-essents kontsentreeritud kollageeniga. Essents erineb ampull t\u00fc\u00fcpi seerumist koostise ja tekstuuri poolest. Essentsi kasutatakse p\u00e4rast toonikut, kuid ampull-t\u00fc\u00fcpi seerumit tuleks kasutada enne toonikut.<\/p>\n<p>Korea Terviseameti poolt sertifitseeritud essents on kortsudevastase toimega patenteeritud koostisega kollageeni baasil. Essents toidab intesiivselt nahka ja t\u00e4idab ta kollageeniga. Kollageen on looduslik elastne kiud, mis toetab naha prinkuse taastamist. Adenosiin omab kortsudevastast toimet ning muudab naha elastseks ja siledaks. Seerum hoolitseb naha eest viiel erineval moel: v\u00e4hendab kortse, t\u00f5stab naha elastsust ja tihedust, muudab naha heledamaks ning ahendab poore. See k\u00f5rgkontsentreeritud vananemisvastase toime ja k\u00fclluslike toitainetega essents muudab naha taas elastsemaks ja toidetumaks.<\/p>\n<p>Naha noorus v\u00e4ljendub selles, kui h\u00e4sti ta suudab s\u00e4ilitada oma loomulikku kuju, s.t. kui elastne nahk on. Kui nahk sisaldab piisavalt kollageeni, siis ta ei kaota oma elastsust. Vanusega hakkab kollageeni s\u00fcntees nahas v\u00e4henema. Antud kreem aitab nahka toita kollageeniga, et ta muutuks j\u00e4lle elastseks ja oleks toonuses.<\/p>\n<p>Peamised koostisosad: kollageen, adenosiin<\/p>\n<p><strong>Kasutamine<\/strong><br \/>\nP\u00e4rast puhastamist pehmendage nahka toonikuga. V\u00f5tke sobiv kogus essentsi ja kandke see \u00fchtlaselt n\u00e4ole. Katke n\u00e4gu k\u00e4tega ning patsutage \u00f5rnalt toote paremaks imendumiseks.&amp;nbsp;<\/p>\n<p><strong>Kogus<\/strong>: 2 ml<br \/>\n<strong>Sobilik<\/strong>: n\u00f5rk ja l\u00f5tvunud nahk<\/p>\n","protected":false},"excerpt":{"rendered":"<p>TESTER \u00d6ine elastsust ja prinkust lisav seerum-essents kontsentreeritud kollageeniga. Essents erineb ampull t\u00fc\u00fcpi seerumist koostise ja tekstuuri poolest. Essentsi kasutatakse p\u00e4rast toonikut, kuid ampull-t\u00fc\u00fcpi seerumit tuleks kasutada enne toonikut. Korea Terviseameti poolt sertifitseeritud essents on kortsudevastase toimega patenteeritud koostisega kollageeni baasil. Essents toidab intesiivselt nahka ja t\u00e4idab ta kollageeniga. Kollageen on looduslik elastne kiud, mis [&hellip;]<\/p>\n","protected":false},"featured_media":2494,"comment_status":"open","ping_status":"closed","template":"","meta":{"_acf_changed":false},"product_brand":[],"product_cat":[],"product_tag":[],"class_list":{"0":"post-318","1":"product","2":"type-product","3":"status-publish","4":"has-post-thumbnail","6":"brand-the-skin-house","8":"first","9":"instock","10":"taxable","11":"shipping-taxable","12":"purchasable","13":"product-type-simple"},"bundle_layout":"","bundled_by":[],"bundled_items":[],"acf":[],"_links":{"self":[{"href":"https:\/\/meon.theskinhouse.ee\/ru\/wp-json\/wp\/v2\/product\/318","targetHints":{"allow":["GET"]}}],"collection":[{"href":"https:\/\/meon.theskinhouse.ee\/ru\/wp-json\/wp\/v2\/product"}],"about":[{"href":"https:\/\/meon.theskinhouse.ee\/ru\/wp-json\/wp\/v2\/types\/product"}],"replies":[{"embeddable":true,"href":"https:\/\/meon.theskinhouse.ee\/ru\/wp-json\/wp\/v2\/comments?post=318"}],"wp:featuredmedia":[{"embeddable":true,"href":"https:\/\/meon.theskinhouse.ee\/ru\/wp-json\/wp\/v2\/media\/2494"}],"wp:attachment":[{"href":"https:\/\/meon.theskinhouse.ee\/ru\/wp-json\/wp\/v2\/media?parent=318"}],"wp:term":[{"taxonomy":"product_brand","embeddable":true,"href":"https:\/\/meon.theskinhouse.ee\/ru\/wp-json\/wp\/v2\/product_brand?post=318"},{"taxonomy":"product_cat","embeddable":true,"href":"https:\/\/meon.theskinhouse.ee\/ru\/wp-json\/wp\/v2\/product_cat?post=318"},{"taxonomy":"product_tag","embeddable":true,"href":"https:\/\/meon.theskinhouse.ee\/ru\/wp-json\/wp\/v2\/product_tag?post=318"}],"curies":[{"name":"wp","href":"https:\/\/api.w.org\/{rel}","templated":true}]}}