{"id":316,"date":"2020-04-02T13:48:43","date_gmt":"2020-04-02T10:48:43","guid":{"rendered":"https:\/\/meon.theskinhouse.ee\/toode\/the-skin-house-wrinkle-system-eye-cream-2\/"},"modified":"2026-04-10T00:15:02","modified_gmt":"2026-04-09T21:15:02","slug":"the-skin-house-wrinkle-system-eye-cream-2","status":"publish","type":"product","link":"https:\/\/meon.theskinhouse.ee\/ru\/toode\/the-skin-house-wrinkle-system-eye-cream-2\/","title":{"rendered":"The Skin House Wrinkle System Eye Cream"},"content":{"rendered":"<p>Pinguldav silma\u00fcmbruskreem vananemise ennetamiseks ja olemasolevate kortsude silumiseks, mis sisaldab kollageeni ja adenosiini.<\/p>\n<p>Korea Tervisemeti poolt sertifitseeritud silma\u00fcmbruskreem kortsudevastase toimega patenteeritud koostisega kollageeni baasil, mis taastab naha loomulikku tihedust ja niiskustaset. Adenosiin omab kortsudevastast toimet ning muudab naha taas elastseks ja siledaks. Kreem hoolitseb naha eest viiel erineval moel: v\u00e4hendab kortse, t\u00f5stab naha elastsust ja tihedust, muudab naha heledamaks ning ahendab poore. See k\u00f5rgkontsentreeritud vananemisvastase toime ja k\u00fclluslike toitainetega silma\u00fcmbruskreem v\u00f5itleb kortsude ja tumedate silmaalustega.<\/p>\n<p>Naha noorus v\u00e4ljendub selles, kui h\u00e4sti ta suudab s\u00e4ilitada oma loomulikku kuju, s.t. kui elastne nahk on. Kui nahk sisaldab piisavalt kollageeni, siis ta ei kaota oma elastsust. Vanusega hakkab kollageeni s\u00fcntees nahas v\u00e4henema. Antud kreem aitab nahka toita kollageeniga, et ta muutuks j\u00e4lle elastseks ja oleks toonuses.<\/p>\n<p>Peamised koostisosad: kollageen, adenosiin<\/p>\n<p><strong>Kasutamine<\/strong><br \/>\nP\u00e4rast puhastamist pehmendage nahka toonikuga. P\u00e4rast emulsiooni kasutamist v\u00f5tke sobiv kogus kreemi ning kandke see n\u00e4ole silma\u00fcmbruspiirkonda.<\/p>\n<p><strong>Kogus<\/strong>: 40 ml<\/p>\n<p><strong>Sobilik<\/strong>: esimeste vananemise tunnustega nahk v\u00f5i kortsude ennetamiseks<\/p>\n<p><strong>Koostis<\/strong><br \/>\nWater, Butylene glycol, Sodium Hyaluronate, Cetyl Ethylhexanoate, Cyclomethicone, Stearic Acid, Isohexadecane, Butylene Glycol Dicaprylate\/Dicaprate, Cetearyl Alcohol, Beeswax, Sorbitan Stearate, Squalane, 1,2-Hexanediol, Glycerin, Arachidyl Alcohol, Behenyl Alcohol, Arachidyl Glucoside, Hydrolyzed Collagen, Polysorbate 60, Glyceryl Stearate, Dimethicone, Arginine, Tocopheryl Acetate, Limnanthes Alba (Meadowfoam) Seed Oil, Solanum Lycopersicum (Tomato) Fruit Extract, Paeonia Lactiflora Bark\/Sap Extract, Lonicera Japonica (Honeysuckle) Flower Extract, Allantoin, Panthenol, Adenosine, Disodium EDTA, Snail Secretion Filtrate, Panax Ginseng Root Extract, Bambusa Vulgaris Leaf\/Stem Extract, Aloe Barbadensis Leaf Extract, Leontopodium alpinum extract, Thymus Vulgaris (Thyme) Extract, Buddleja Davidii Extract, Ethylhexylglycerin, Perfume<\/p>\n","protected":false},"excerpt":{"rendered":"<p>Pinguldav silma\u00fcmbruskreem vananemise ennetamiseks ja olemasolevate kortsude silumiseks, mis sisaldab kollageeni ja adenosiini. Korea Tervisemeti poolt sertifitseeritud silma\u00fcmbruskreem kortsudevastase toimega patenteeritud koostisega kollageeni baasil, mis taastab naha loomulikku tihedust ja niiskustaset. Adenosiin omab kortsudevastast toimet ning muudab naha taas elastseks ja siledaks. Kreem hoolitseb naha eest viiel erineval moel: v\u00e4hendab kortse, t\u00f5stab naha elastsust ja [&hellip;]<\/p>\n","protected":false},"featured_media":1897,"comment_status":"open","ping_status":"closed","template":"","meta":{"_acf_changed":false},"product_brand":[],"product_cat":[],"product_tag":[],"class_list":{"0":"post-316","1":"product","2":"type-product","3":"status-publish","4":"has-post-thumbnail","6":"brand-the-skin-house","8":"first","9":"instock","10":"taxable","11":"shipping-taxable","12":"purchasable","13":"product-type-simple"},"bundle_layout":"","bundled_by":[],"bundled_items":[],"acf":[],"_links":{"self":[{"href":"https:\/\/meon.theskinhouse.ee\/ru\/wp-json\/wp\/v2\/product\/316","targetHints":{"allow":["GET"]}}],"collection":[{"href":"https:\/\/meon.theskinhouse.ee\/ru\/wp-json\/wp\/v2\/product"}],"about":[{"href":"https:\/\/meon.theskinhouse.ee\/ru\/wp-json\/wp\/v2\/types\/product"}],"replies":[{"embeddable":true,"href":"https:\/\/meon.theskinhouse.ee\/ru\/wp-json\/wp\/v2\/comments?post=316"}],"wp:featuredmedia":[{"embeddable":true,"href":"https:\/\/meon.theskinhouse.ee\/ru\/wp-json\/wp\/v2\/media\/1897"}],"wp:attachment":[{"href":"https:\/\/meon.theskinhouse.ee\/ru\/wp-json\/wp\/v2\/media?parent=316"}],"wp:term":[{"taxonomy":"product_brand","embeddable":true,"href":"https:\/\/meon.theskinhouse.ee\/ru\/wp-json\/wp\/v2\/product_brand?post=316"},{"taxonomy":"product_cat","embeddable":true,"href":"https:\/\/meon.theskinhouse.ee\/ru\/wp-json\/wp\/v2\/product_cat?post=316"},{"taxonomy":"product_tag","embeddable":true,"href":"https:\/\/meon.theskinhouse.ee\/ru\/wp-json\/wp\/v2\/product_tag?post=316"}],"curies":[{"name":"wp","href":"https:\/\/api.w.org\/{rel}","templated":true}]}}