{"id":2542,"date":"2020-09-25T22:50:05","date_gmt":"2020-09-25T19:50:05","guid":{"rendered":"https:\/\/meon.theskinhouse.ee\/toode\/just-gogo-sleeping-serum-mask-zinc-14pcs-set-2\/"},"modified":"2026-01-23T08:25:03","modified_gmt":"2026-01-23T06:25:03","slug":"just-gogo-sleeping-serum-mask-zinc-14pcs-set-2","status":"publish","type":"product","link":"https:\/\/meon.theskinhouse.ee\/ru\/toode\/just-gogo-sleeping-serum-mask-zinc-14pcs-set-2\/","title":{"rendered":"JUST GOGO SLEEPING SERUM MASK &#8212; ZINC (14PCS-SET)"},"content":{"rendered":"<p>Intensiivne kahen\u00e4dalane programm naha seisukorra parandamiseks &#8212; 1 pakike kontsentreeritud seerumit geelja tekstuuriga igaks p\u00e4evaks. \u00d6\u00f6mask-seerum tsingi ja salits\u00fc\u00fclhappega rasusele ja probleemsele nahale, mis rahustab tundlikku nahka ja \u00e4rritusi, kontrollib rasueritust, matistab nahka, takistab rasuse l\u00e4ike tekkimist, ahendab poore. Salits\u00fc\u00fclhape on koostisosa, mida kasutatakse tihti aknelise naha hooldamiseks.<\/p>\n<p>Tegemist on intensiivse kahen\u00e4dalase kuuriga. Igas pakikeses on \u00fches p\u00e4evaks m\u00f5eldud seerum, milles on k\u00f5rge kontsentratsioon toimeainet. Kasutage seerumit iga p\u00e4ev kahe n\u00e4dala jooksul, et oma naha seisukorda m\u00e4rgatavalt parandada.<\/p>\n<p><strong>Kasutamine<\/strong><br \/>\nKasutage 30min enne magamaminekut. P\u00e4rast naha puhastamist avage 1 pakike ja kandke seerum n\u00e4ole kergete patsutavate liigutustega.<\/p>\n<p><strong>Kogus<\/strong>: 14x4g<\/p>\n<p><strong>Koostis<\/strong><br \/>\nAloe vera leaf water, niacinamide, 1,2-hexanediol, zinc PCA, salicylic acid, lactic acid, ceramide np, sodium hyaluronate, allantoin, silica, carbomer, tromethamine, fragrance, corn starch, Microcrystalline Lin Cellulose, Mannitol, Caprylyl Glycol, Chromium Oxide Green, Chromium Hydroxide Green, Linalool, Hexylcinamal, Butylphenylmethylpropional, Limonene, Purified Water, Ethyl Hexyl Glycerin<br \/>\n&nbsp;<\/p>\n","protected":false},"excerpt":{"rendered":"<p>Intensiivne kahen\u00e4dalane programm naha seisukorra parandamiseks &#8212; 1 pakike kontsentreeritud seerumit geelja tekstuuriga igaks p\u00e4evaks. \u00d6\u00f6mask-seerum tsingi ja salits\u00fc\u00fclhappega rasusele ja probleemsele nahale, mis rahustab tundlikku nahka ja \u00e4rritusi, kontrollib rasueritust, matistab nahka, takistab rasuse l\u00e4ike tekkimist, ahendab poore. Salits\u00fc\u00fclhape on koostisosa, mida kasutatakse tihti aknelise naha hooldamiseks. Tegemist on intensiivse kahen\u00e4dalase kuuriga. Igas pakikeses [&hellip;]<\/p>\n","protected":false},"featured_media":2888,"comment_status":"open","ping_status":"closed","template":"","meta":{"_acf_changed":false},"product_brand":[],"product_cat":[],"product_tag":[],"class_list":{"0":"post-2542","1":"product","2":"type-product","3":"status-publish","4":"has-post-thumbnail","6":"brand-just-gogo","8":"first","9":"outofstock","10":"taxable","11":"shipping-taxable","12":"purchasable","13":"product-type-simple"},"bundle_layout":"","bundled_by":[],"bundled_items":[],"acf":[],"_links":{"self":[{"href":"https:\/\/meon.theskinhouse.ee\/ru\/wp-json\/wp\/v2\/product\/2542","targetHints":{"allow":["GET"]}}],"collection":[{"href":"https:\/\/meon.theskinhouse.ee\/ru\/wp-json\/wp\/v2\/product"}],"about":[{"href":"https:\/\/meon.theskinhouse.ee\/ru\/wp-json\/wp\/v2\/types\/product"}],"replies":[{"embeddable":true,"href":"https:\/\/meon.theskinhouse.ee\/ru\/wp-json\/wp\/v2\/comments?post=2542"}],"wp:featuredmedia":[{"embeddable":true,"href":"https:\/\/meon.theskinhouse.ee\/ru\/wp-json\/wp\/v2\/media\/2888"}],"wp:attachment":[{"href":"https:\/\/meon.theskinhouse.ee\/ru\/wp-json\/wp\/v2\/media?parent=2542"}],"wp:term":[{"taxonomy":"product_brand","embeddable":true,"href":"https:\/\/meon.theskinhouse.ee\/ru\/wp-json\/wp\/v2\/product_brand?post=2542"},{"taxonomy":"product_cat","embeddable":true,"href":"https:\/\/meon.theskinhouse.ee\/ru\/wp-json\/wp\/v2\/product_cat?post=2542"},{"taxonomy":"product_tag","embeddable":true,"href":"https:\/\/meon.theskinhouse.ee\/ru\/wp-json\/wp\/v2\/product_tag?post=2542"}],"curies":[{"name":"wp","href":"https:\/\/api.w.org\/{rel}","templated":true}]}}