{"id":2540,"date":"2020-09-25T22:50:04","date_gmt":"2020-09-25T19:50:04","guid":{"rendered":"https:\/\/meon.theskinhouse.ee\/toode\/just-gogo-sleeping-serum-mask-vita-white-14pcs-set-2\/"},"modified":"2026-01-23T08:25:03","modified_gmt":"2026-01-23T06:25:03","slug":"just-gogo-sleeping-serum-mask-vita-white-14pcs-set-2","status":"publish","type":"product","link":"https:\/\/meon.theskinhouse.ee\/ru\/toode\/just-gogo-sleeping-serum-mask-vita-white-14pcs-set-2\/","title":{"rendered":"JUST GOGO SLEEPING SERUM MASK &#8212; VITA WHITE (14PCS-SET)"},"content":{"rendered":"<p>Intensiivne kahen\u00e4dalane programm naha seisukorra parandamiseks &#8212; 1 pakike kontsentreeritud seerumit geelja tekstuuriga igaks p\u00e4evaks. V\u00e4rskendav ja nahatooni \u00fchtlustav \u00f6\u00f6mask-seerum vitamiinidega. Intensiivne vitamiinikuur tuhmunud, stressis ja v\u00e4sinud nahale. Helestab pigmendilaike, annab nahale loomuliku s\u00e4ra, toniseerib ja niisutab nahka. Sisaldab 10 liiki vitamiine.<\/p>\n<p>Tegemist on intensiivse kahen\u00e4dalase kuuriga. Igas pakikeses on \u00fches p\u00e4evaks m\u00f5eldud seerum, milles on k\u00f5rge kontsentratsioon toimeainet. Kasutage seerumit iga p\u00e4ev kahe n\u00e4dala jooksul, et oma naha seisukorda m\u00e4rgatavalt parandada.<\/p>\n<p><strong>Kasutamine<\/strong><br \/>\nKasutage 30min enne magamaminekut. P\u00e4rast naha puhastamist avage 1 pakike ja kandke seerum n\u00e4ole kergete patsutavate liigutustega.<\/p>\n<p><strong>Kogus<\/strong>: 14x4g<\/p>\n<p><strong>Koostis<\/strong><br \/>\nPurified water, glycerin, butylene glycol, cyclopenta siloxane, niacinamide, macadamia seed oil, cyclohexasiloxane, cetylethylhexanoate, cetearyl alcohol, pentaerythritol tetraethyl hexanoate, caprilic \/ capric triglyceride, panthenol, tocopheryl acetate, 1,2-hexanediol, vitamin tree fruit extract, cyanocobalamin, sodiumascorbyl phosphate, thiamine HCI, retinylpalmitate, pyridoxine, polyic Acid, biotin, aloe vera leaf water, lactic acid, allantoin, sodium hyaluronate, glyceryl stearate, C14-22 alcohol, PEG -100 stearate, bis-PEG -18 methyletherdimethylsilane, Dimethicone, acrylate \/ C10-30 alkyl acrylate cross polymer, tromethamine, C12-20 alkylglucoside, sorbitan sesquioleate, caprylyl glycol, hydroxy acetophenone, fragrance, ethylhexylglycerin, xanthan Gum, maltodextrin, corn starch, limonene, microcrystalline cellulose, mannitol, disodium EDTA, benzylsalicylate, titaniumdioxide, yellow iron oxide, hydroxypropyl starch phosphate, citral, sodium citrate, linalool, Citric Acid, Hydrogenated Lecithin, Polyglyceryl-10 Stearate, Glyceryl Linolinate, Glyceryl Arachidonate.<\/p>\n","protected":false},"excerpt":{"rendered":"<p>Intensiivne kahen\u00e4dalane programm naha seisukorra parandamiseks &#8212; 1 pakike kontsentreeritud seerumit geelja tekstuuriga igaks p\u00e4evaks. V\u00e4rskendav ja nahatooni \u00fchtlustav \u00f6\u00f6mask-seerum vitamiinidega. Intensiivne vitamiinikuur tuhmunud, stressis ja v\u00e4sinud nahale. Helestab pigmendilaike, annab nahale loomuliku s\u00e4ra, toniseerib ja niisutab nahka. Sisaldab 10 liiki vitamiine. Tegemist on intensiivse kahen\u00e4dalase kuuriga. Igas pakikeses on \u00fches p\u00e4evaks m\u00f5eldud seerum, milles [&hellip;]<\/p>\n","protected":false},"featured_media":2884,"comment_status":"open","ping_status":"closed","template":"","meta":{"_acf_changed":false},"product_brand":[],"product_cat":[],"product_tag":[],"class_list":{"0":"post-2540","1":"product","2":"type-product","3":"status-publish","4":"has-post-thumbnail","6":"brand-just-gogo","8":"first","9":"instock","10":"taxable","11":"shipping-taxable","12":"purchasable","13":"product-type-simple"},"bundle_layout":"","bundled_by":[],"bundled_items":[],"acf":[],"_links":{"self":[{"href":"https:\/\/meon.theskinhouse.ee\/ru\/wp-json\/wp\/v2\/product\/2540","targetHints":{"allow":["GET"]}}],"collection":[{"href":"https:\/\/meon.theskinhouse.ee\/ru\/wp-json\/wp\/v2\/product"}],"about":[{"href":"https:\/\/meon.theskinhouse.ee\/ru\/wp-json\/wp\/v2\/types\/product"}],"replies":[{"embeddable":true,"href":"https:\/\/meon.theskinhouse.ee\/ru\/wp-json\/wp\/v2\/comments?post=2540"}],"wp:featuredmedia":[{"embeddable":true,"href":"https:\/\/meon.theskinhouse.ee\/ru\/wp-json\/wp\/v2\/media\/2884"}],"wp:attachment":[{"href":"https:\/\/meon.theskinhouse.ee\/ru\/wp-json\/wp\/v2\/media?parent=2540"}],"wp:term":[{"taxonomy":"product_brand","embeddable":true,"href":"https:\/\/meon.theskinhouse.ee\/ru\/wp-json\/wp\/v2\/product_brand?post=2540"},{"taxonomy":"product_cat","embeddable":true,"href":"https:\/\/meon.theskinhouse.ee\/ru\/wp-json\/wp\/v2\/product_cat?post=2540"},{"taxonomy":"product_tag","embeddable":true,"href":"https:\/\/meon.theskinhouse.ee\/ru\/wp-json\/wp\/v2\/product_tag?post=2540"}],"curies":[{"name":"wp","href":"https:\/\/api.w.org\/{rel}","templated":true}]}}