{"id":2536,"date":"2020-09-25T22:50:04","date_gmt":"2020-09-25T19:50:04","guid":{"rendered":"https:\/\/meon.theskinhouse.ee\/toode\/just-gogo-sleeping-serum-mask-cerasome-14pcs-set-2\/"},"modified":"2026-04-09T22:10:02","modified_gmt":"2026-04-09T19:10:02","slug":"just-gogo-sleeping-serum-mask-cerasome-14pcs-set-2","status":"publish","type":"product","link":"https:\/\/meon.theskinhouse.ee\/ru\/toode\/just-gogo-sleeping-serum-mask-cerasome-14pcs-set-2\/","title":{"rendered":"JUST GOGO SLEEPING SERUM MASK &#8212; CERASOME (14PCS-SET)"},"content":{"rendered":"<p>Intensiivne kahen\u00e4dalane programm naha seisukorra parandamiseks &#8212; 1 pakike kontsentreeritud seerumit geelja tekstuuriga igaks p\u00e4evaks. Toitev \u00f6\u00f6mask-seerum keramiididega, mis niisutab ja toidab nahka, v\u00f5itleb naha kuivamisega ja pehmendab nahka. Keramiidid aeglustavad naha vananemise protsesse ja tekitavad nahale niiskust s\u00e4ilitava kihi, mis takistab naha kuivamist. Sobib kuivale ja niisutamist vajavale nahale.<\/p>\n<p>Mask-seerum sisaldab lisaks niatsiinamiidi (\u00fchtlustab nahatooni ja v\u00e4rskendab nahka), pantenooli (rahustab), makadaamia\u00f5li (pehmendab, toidab), h\u00fcaluroonhapet (niisutab).<br \/>\nTegemist on intensiivse kahen\u00e4dalase kuuriga. Igas pakikeses on \u00fches p\u00e4evaks m\u00f5eldud seerum, milles on k\u00f5rge kontsentratsioon toimeainet. Kasutage seerumit iga p\u00e4ev kahe n\u00e4dala jooksul, et oma naha seisukorda m\u00e4rgatavalt parandada.<\/p>\n<p><strong>Kasutamine<\/strong><br \/>\nKasutage 30min enne magamaminekut. P\u00e4rast naha puhastamist avage 1 pakike ja kandke seerum n\u00e4ole kergete patsutavate liigutustega.<\/p>\n<p><strong>Kogus<\/strong>: 14x4g<\/p>\n<p><strong>Koostis<\/strong><br \/>\nPurified water, glycerin, butylene glycol, niacinamide, panthenol, hydrogenated polydecene, pentylene glycol, macadamia seed oil, 1,2-hexane diol, ceramide np, ceramide ns, ceramide as, ceramide eop, Ceramide ap, Madecasoside, Asiaticoside, Centella Extract, Allantoin, Cyclopentasiloxane, Caprylic \/ Capric Triglyceride, Hydroxyethyl Acrylate \/ Sodium Acryloyl Dimethyl Taurate Copolymer, Acrylate \/ C10-30 alkyl acrylate cross polymer, tromethamine, cetearyloleate, caprylylmethicone, dimethicone \/ vinyl dimethicone crosspolymer, hydroxyacetophenone, caprylylglycol, solbitanolrebate, Ethyl Hexyl Glycerin, Hydrogenated Lecithin, Sodium Hyaluronate, Adenosine, Flavoring, Disodium EDTA, Polymethylsilsesquioxane Glyceryl Acrylates \/ Acrylic Acid Copolymer, FBM \/ M Eico Polymer, Citronelol, Centi De Geranium Flower Oil, Dimethicone All, Gerani oil, Linalool, Benzyl Salicylate, Dextrin, Baobab Seed Oil, Tocopherol.<\/p>\n","protected":false},"excerpt":{"rendered":"<p>Intensiivne kahen\u00e4dalane programm naha seisukorra parandamiseks &#8212; 1 pakike kontsentreeritud seerumit geelja tekstuuriga igaks p\u00e4evaks. Toitev \u00f6\u00f6mask-seerum keramiididega, mis niisutab ja toidab nahka, v\u00f5itleb naha kuivamisega ja pehmendab nahka. Keramiidid aeglustavad naha vananemise protsesse ja tekitavad nahale niiskust s\u00e4ilitava kihi, mis takistab naha kuivamist. Sobib kuivale ja niisutamist vajavale nahale. Mask-seerum sisaldab lisaks niatsiinamiidi (\u00fchtlustab [&hellip;]<\/p>\n","protected":false},"featured_media":2900,"comment_status":"open","ping_status":"closed","template":"","meta":{"_acf_changed":false},"product_brand":[],"product_cat":[],"product_tag":[],"class_list":{"0":"post-2536","1":"product","2":"type-product","3":"status-publish","4":"has-post-thumbnail","6":"brand-just-gogo","8":"first","9":"outofstock","10":"taxable","11":"shipping-taxable","12":"purchasable","13":"product-type-simple"},"bundle_layout":"","bundled_by":[],"bundled_items":[],"acf":[],"_links":{"self":[{"href":"https:\/\/meon.theskinhouse.ee\/ru\/wp-json\/wp\/v2\/product\/2536","targetHints":{"allow":["GET"]}}],"collection":[{"href":"https:\/\/meon.theskinhouse.ee\/ru\/wp-json\/wp\/v2\/product"}],"about":[{"href":"https:\/\/meon.theskinhouse.ee\/ru\/wp-json\/wp\/v2\/types\/product"}],"replies":[{"embeddable":true,"href":"https:\/\/meon.theskinhouse.ee\/ru\/wp-json\/wp\/v2\/comments?post=2536"}],"wp:featuredmedia":[{"embeddable":true,"href":"https:\/\/meon.theskinhouse.ee\/ru\/wp-json\/wp\/v2\/media\/2900"}],"wp:attachment":[{"href":"https:\/\/meon.theskinhouse.ee\/ru\/wp-json\/wp\/v2\/media?parent=2536"}],"wp:term":[{"taxonomy":"product_brand","embeddable":true,"href":"https:\/\/meon.theskinhouse.ee\/ru\/wp-json\/wp\/v2\/product_brand?post=2536"},{"taxonomy":"product_cat","embeddable":true,"href":"https:\/\/meon.theskinhouse.ee\/ru\/wp-json\/wp\/v2\/product_cat?post=2536"},{"taxonomy":"product_tag","embeddable":true,"href":"https:\/\/meon.theskinhouse.ee\/ru\/wp-json\/wp\/v2\/product_tag?post=2536"}],"curies":[{"name":"wp","href":"https:\/\/api.w.org\/{rel}","templated":true}]}}