{"id":2534,"date":"2020-09-25T22:50:04","date_gmt":"2020-09-25T19:50:04","guid":{"rendered":"https:\/\/meon.theskinhouse.ee\/toode\/just-gogo-sleeping-serum-mask-probiotics-14pcs-set-2\/"},"modified":"2026-04-09T22:10:02","modified_gmt":"2026-04-09T19:10:02","slug":"just-gogo-sleeping-serum-mask-probiotics-14pcs-set-2","status":"publish","type":"product","link":"https:\/\/meon.theskinhouse.ee\/ru\/toode\/just-gogo-sleeping-serum-mask-probiotics-14pcs-set-2\/","title":{"rendered":"JUST GOGO SLEEPING SERUM MASK &#8212; PROBIOTICS (14PCS-SET)"},"content":{"rendered":"<p>Intensiivne kahen\u00e4dalane programm naha seisukorra parandamiseks &#8212; 1 pakike kontsentreeritud seerumit geelja tekstuuriga igaks p\u00e4evaks. Vananemisvastane, niisutav ja nahka tugevdav \u00f6\u00f6mask-seerum probiootikumidega, mis parandab naha elastsust, aeglustab vananemisprotsesse, taastab naha struktuuri, teeb nahka pehmeks ja siledaks. Sobib igale nahat\u00fc\u00fcbile.<\/p>\n<p>Tegemist on intensiivse kahen\u00e4dalase kuuriga. Igas pakikeses on \u00fches p\u00e4evaks m\u00f5eldud seerum, milles on k\u00f5rge kontsentratsioon toimeainet. Kasutage seerumit iga p\u00e4ev kahe n\u00e4dala jooksul, et oma naha seisukorda m\u00e4rgatavalt parandada.<\/p>\n<p><strong>Kasutamine<\/strong><br \/>\nKasutage 30min enne magamaminekut. P\u00e4rast naha puhastamist avage 1 pakike ja kandke seerum n\u00e4ole kergete patsutavate liigutustega.<\/p>\n<p><strong>Kogus<\/strong>: 14x4g<\/p>\n<p><strong>Koostis<\/strong><br \/>\nPurified water, propanediol, glycerin, cyclopentasiloxane, denatured alcohol, niacinamide, pentaerythryltetraethylhexanoate, cyclohexasiloxane, PEG-10 dimethicone \/ vinyl dimethicone cross polymer, lactobacillus Fermentation lysate, panthenol, aloe vera leaf water, ceramide np, allantoin, sodium hyaluronate, dimethicone, palmitic acid, polyacrylate -13, 1,2-hexanediol, shea butter, stearic acid, Polyisobutene, acrylate \/ C10-30 alkyl acrylate cross polymer, polysorbate 20, tromethamine, caprylyl glycol, hydroxy acetophenone, benzyl benzoate, ethyl hexyl glycerin, ammonium acryloyl Dimethyl taurate \/ V picopolymer, sorbitan isostearate, adenosine, fragrance, disodium EDTA, blue No. 1, linalool, citral, limonene, hexylcinamal, butyleneglycol.<\/p>\n","protected":false},"excerpt":{"rendered":"<p>Intensiivne kahen\u00e4dalane programm naha seisukorra parandamiseks &#8212; 1 pakike kontsentreeritud seerumit geelja tekstuuriga igaks p\u00e4evaks. Vananemisvastane, niisutav ja nahka tugevdav \u00f6\u00f6mask-seerum probiootikumidega, mis parandab naha elastsust, aeglustab vananemisprotsesse, taastab naha struktuuri, teeb nahka pehmeks ja siledaks. Sobib igale nahat\u00fc\u00fcbile. Tegemist on intensiivse kahen\u00e4dalase kuuriga. Igas pakikeses on \u00fches p\u00e4evaks m\u00f5eldud seerum, milles on k\u00f5rge kontsentratsioon [&hellip;]<\/p>\n","protected":false},"featured_media":2892,"comment_status":"open","ping_status":"closed","template":"","meta":{"_acf_changed":false},"product_brand":[],"product_cat":[],"product_tag":[],"class_list":{"0":"post-2534","1":"product","2":"type-product","3":"status-publish","4":"has-post-thumbnail","6":"brand-just-gogo","8":"first","9":"outofstock","10":"taxable","11":"shipping-taxable","12":"purchasable","13":"product-type-simple"},"bundle_layout":"","bundled_by":[],"bundled_items":[],"acf":[],"_links":{"self":[{"href":"https:\/\/meon.theskinhouse.ee\/ru\/wp-json\/wp\/v2\/product\/2534","targetHints":{"allow":["GET"]}}],"collection":[{"href":"https:\/\/meon.theskinhouse.ee\/ru\/wp-json\/wp\/v2\/product"}],"about":[{"href":"https:\/\/meon.theskinhouse.ee\/ru\/wp-json\/wp\/v2\/types\/product"}],"replies":[{"embeddable":true,"href":"https:\/\/meon.theskinhouse.ee\/ru\/wp-json\/wp\/v2\/comments?post=2534"}],"wp:featuredmedia":[{"embeddable":true,"href":"https:\/\/meon.theskinhouse.ee\/ru\/wp-json\/wp\/v2\/media\/2892"}],"wp:attachment":[{"href":"https:\/\/meon.theskinhouse.ee\/ru\/wp-json\/wp\/v2\/media?parent=2534"}],"wp:term":[{"taxonomy":"product_brand","embeddable":true,"href":"https:\/\/meon.theskinhouse.ee\/ru\/wp-json\/wp\/v2\/product_brand?post=2534"},{"taxonomy":"product_cat","embeddable":true,"href":"https:\/\/meon.theskinhouse.ee\/ru\/wp-json\/wp\/v2\/product_cat?post=2534"},{"taxonomy":"product_tag","embeddable":true,"href":"https:\/\/meon.theskinhouse.ee\/ru\/wp-json\/wp\/v2\/product_tag?post=2534"}],"curies":[{"name":"wp","href":"https:\/\/api.w.org\/{rel}","templated":true}]}}