{"id":2527,"date":"2020-09-23T23:05:03","date_gmt":"2020-09-23T20:05:03","guid":{"rendered":"https:\/\/meon.theskinhouse.ee\/toode\/beausta-cicarecipe-serum-2\/"},"modified":"2026-04-09T22:10:02","modified_gmt":"2026-04-09T19:10:02","slug":"beausta-cicarecipe-serum-2","status":"publish","type":"product","link":"https:\/\/meon.theskinhouse.ee\/ru\/toode\/beausta-cicarecipe-serum-2\/","title":{"rendered":"Beausta Cicarecipe Serum"},"content":{"rendered":"<p>Niisutav, rahustav ja nahka taastav n\u00e4oseerum aasia vesinaba ja keramiididega naha seisukorra kiireks parandamiseks. Sobib igale nahat\u00fc\u00fcbile k.a. tundlikule ja \u00e4rritunud nahale, sest ei sisalda \u00e4rritavaid komponente.<\/p>\n<p><strong>Cica &#8212; Aasia vesinaba<\/strong><br \/>\nAasia vesinaba on tuntud ravimtaim, mida kasutatakse t\u00e4nap\u00e4eval laialdaselt kosmetoloogias. Aasia vesinaba on aastasadu kasutatud idamaade rahvameditsiinis. Ta on t\u00f5eliselt imelise toimega &#8212; parandab haavu, leevendab p\u00f5letikke ja \u00e4rritusi, toimib noorendavalt, sest stimuleerib kollageeni s\u00fcnteesi (nahk hakkab ise oma loomulikku kollageeni rohkem tootma). Aasia vesinaba on rahustava toimega, on tugev antioks\u00fcdant, taastab naha kaitsev\u00f5imet. Kui naha loomulik kaitsev\u00f5ime on erinevate kahjulike keskkonnam\u00f5jude t\u00f5ttu h\u00e4iritud, muutub nahk tundlikkus. Aasia vesinaba taastab naha kaitsev\u00f5imet ning seel\u00e4bi v\u00e4hendab naha tundlikkust. On leitud ka positiivne m\u00f5ju rosaatsia ja kuperoosa korral.<\/p>\n<p><strong>Keramiidid<\/strong> &#8212; naha loomuliku kaitsekihi t\u00e4htis osa. Keramiidid moodustavad naha niiskusbarj\u00e4\u00e4ri, mis takistab niiskuskadu s.t. naha kuivamist. Kui nahk kaotab oma v\u00f5ime keramiidivarusid t\u00e4iendada (vanusega v\u00f5i erinevate v\u00e4lisfaktorite t\u00f5ttu), siis ei ole naharakud enam piisavalt tihedalt \u00fchendatud ning selle tagaj\u00e4rjel kipub nahk kuivama, tekivad kortsukesed, nahk muutub tuhmimaks ja v\u00e4heneb elastsus. Seet\u00f5ttu on keramiididel v\u00e4ga t\u00e4htis roll naha niiskustasakaalu ja nooruslikkuse s\u00e4ilitamisel.<\/p>\n<p><strong>Kasutamine<\/strong><br \/>\nKandke m\u00f5\u00f5dukas kogus seerumit kogu n\u00e4ole kergete patsutavate liigutustega kuni imendumiseni.<\/p>\n<p><strong>Kogus<\/strong>: 30ml<\/p>\n<p><strong>Koostis<\/strong><br \/>\n<span style=\"font-size: small\">Water, Centella asiatica Extract, Butylene Glycol, Dipropylene Glycol, Niacinamide, Asiaticoside, Madecassoside, Madecassic Acid, Asiatic Acid, Ceramide NP, Panthenol, Melia Azadirachta Leaf Extract, Melia Azadirachta Flower Extract, Lavandula Angustifolia (Lavender) Oil, Citrus Aurantium Bergamia (Bergamot) Fruit Oil, 1,2-Hexanediol, Glycerin, Caprylyl Glycol, Propanediol, Hydroxyethylcellulose, Methyl Gluceth-20, Glycereth-25 PCA Isostearate, Carbomer, Ethylhexylglycerin, Adenosine, Tromethamine, Disodium EDTA, Ammonium Acryloyldimethyltaurate\/VP copolymer, Tripropylene Glycol, Disodium Phosphate, Polysorbate 60, Propylene Glycol, Sodium Phosphate, Caprylic\/Capric Triglyceride, Dextrin, Hydrogenated Lecithin, Fragrance, Limonene, CI 15985<\/span><\/p>\n","protected":false},"excerpt":{"rendered":"<p>Niisutav, rahustav ja nahka taastav n\u00e4oseerum aasia vesinaba ja keramiididega naha seisukorra kiireks parandamiseks. Sobib igale nahat\u00fc\u00fcbile k.a. tundlikule ja \u00e4rritunud nahale, sest ei sisalda \u00e4rritavaid komponente. Cica &#8212; Aasia vesinaba Aasia vesinaba on tuntud ravimtaim, mida kasutatakse t\u00e4nap\u00e4eval laialdaselt kosmetoloogias. Aasia vesinaba on aastasadu kasutatud idamaade rahvameditsiinis. Ta on t\u00f5eliselt imelise toimega &#8212; parandab [&hellip;]<\/p>\n","protected":false},"featured_media":2968,"comment_status":"open","ping_status":"closed","template":"","meta":{"_acf_changed":false},"product_brand":[],"product_cat":[],"product_tag":[],"class_list":{"0":"post-2527","1":"product","2":"type-product","3":"status-publish","4":"has-post-thumbnail","6":"brand-beausta","8":"first","9":"instock","10":"taxable","11":"shipping-taxable","12":"purchasable","13":"product-type-simple"},"bundle_layout":"","bundled_by":[],"bundled_items":[],"acf":[],"_links":{"self":[{"href":"https:\/\/meon.theskinhouse.ee\/ru\/wp-json\/wp\/v2\/product\/2527","targetHints":{"allow":["GET"]}}],"collection":[{"href":"https:\/\/meon.theskinhouse.ee\/ru\/wp-json\/wp\/v2\/product"}],"about":[{"href":"https:\/\/meon.theskinhouse.ee\/ru\/wp-json\/wp\/v2\/types\/product"}],"replies":[{"embeddable":true,"href":"https:\/\/meon.theskinhouse.ee\/ru\/wp-json\/wp\/v2\/comments?post=2527"}],"wp:featuredmedia":[{"embeddable":true,"href":"https:\/\/meon.theskinhouse.ee\/ru\/wp-json\/wp\/v2\/media\/2968"}],"wp:attachment":[{"href":"https:\/\/meon.theskinhouse.ee\/ru\/wp-json\/wp\/v2\/media?parent=2527"}],"wp:term":[{"taxonomy":"product_brand","embeddable":true,"href":"https:\/\/meon.theskinhouse.ee\/ru\/wp-json\/wp\/v2\/product_brand?post=2527"},{"taxonomy":"product_cat","embeddable":true,"href":"https:\/\/meon.theskinhouse.ee\/ru\/wp-json\/wp\/v2\/product_cat?post=2527"},{"taxonomy":"product_tag","embeddable":true,"href":"https:\/\/meon.theskinhouse.ee\/ru\/wp-json\/wp\/v2\/product_tag?post=2527"}],"curies":[{"name":"wp","href":"https:\/\/api.w.org\/{rel}","templated":true}]}}