{"id":2523,"date":"2020-09-23T22:55:03","date_gmt":"2020-09-23T19:55:03","guid":{"rendered":"https:\/\/meon.theskinhouse.ee\/toode\/beausta-cicarecipe-cleansing-foam-2\/"},"modified":"2026-04-09T22:10:02","modified_gmt":"2026-04-09T19:10:02","slug":"beausta-cicarecipe-cleansing-foam-2","status":"publish","type":"product","link":"https:\/\/meon.theskinhouse.ee\/ru\/toode\/beausta-cicarecipe-cleansing-foam-2\/","title":{"rendered":"Beausta Cicarecipe Cleansing Foam"},"content":{"rendered":"<p>Puhastav, niisutav ja \u00e4rritusi rahustav allergeenivaba n\u00e4opesuvaht aasia vesinaba ja keramiididega. N\u00e4opesuvaht eemaldab pehmelt ja efektiivselt mustust ja meigij\u00e4\u00e4ke ning samal ajal niisutab ja rahustab nahka. Sobib igale nahat\u00fc\u00fcbile k.a. tundlikule ja \u00e4rritunud nahale, sest ei sisalda \u00e4rritavaid komponente.<\/p>\n<p><strong>Cica &#8212; Aasia vesinaba<\/strong><br \/>\nAasia vesinaba on tuntud ravimtaim, mida kasutatakse t\u00e4nap\u00e4eval laialdaselt kosmetoloogias. Aasia vesinaba on aastasadu kasutatud idamaade rahvameditsiinis. Ta on t\u00f5eliselt imelise toimega &#8212; parandab haavu, leevendab p\u00f5letikke ja \u00e4rritusi, toimib noorendavalt, sest stimuleerib kollageeni s\u00fcnteesi (nahk hakkab ise oma loomulikku kollageeni rohkem tootma). Aasia vesinaba on rahustava toimega, on tugev antioks\u00fcdant, taastab naha kaitsev\u00f5imet. Kui naha loomulik kaitsev\u00f5ime on erinevate kahjulike keskkonnam\u00f5jude t\u00f5ttu h\u00e4iritud, muutub nahk tundlikkus. Aasia vesinaba taastab naha kaitsev\u00f5imet ning seel\u00e4bi v\u00e4hendab naha tundlikkust. On leitud ka positiivne m\u00f5ju rosaatsia ja kuperoosa korral.<\/p>\n<p><strong>Keramiidid<\/strong> &#8212; naha loomuliku kaitsekihi t\u00e4htis osa. Keramiidid moodustavad naha niiskusbarj\u00e4\u00e4ri, mis takistab niiskuskadu s.t. naha kuivamist. Kui nahk kaotab oma v\u00f5ime keramiidivarusid t\u00e4iendada (vanusega v\u00f5i erinevate v\u00e4lisfaktorite t\u00f5ttu), siis ei ole naharakud enam piisavalt tihedalt \u00fchendatud ning selle tagaj\u00e4rjel kipub nahk kuivama, tekivad kortsukesed, nahk muutub tuhmimaks ja v\u00e4heneb elastsus. Seet\u00f5ttu on keramiididel v\u00e4ga t\u00e4htis roll naha niiskustasakaalu ja nooruslikkuse s\u00e4ilitamisel.<\/p>\n<p><strong>Kasutamine<\/strong><\/p>\n<p>Ajage toode k\u00e4te vahel vahule, kandke vaht n\u00e4onahale, seej\u00e4rel loputage leige veega. Sobib: k\u00f5ikidele nahat\u00fc\u00fcpidele, ka tundlikule nahale.<\/p>\n<p><strong>Kogus<\/strong>: 100ml<\/p>\n<p><strong>Koostis<\/strong><br \/>\n<span style=\"font-size: small\">Water, Glycerin, Sodium Cocoyl Isethionate, Centella asiatica Extract, Butylene Glycol, Coconut Acid, Stearyl Alcohol, Lauramidopropyl Betaine, Glyceryl Stearate, Sodium Methyl Cocoyl Taurate, Madecassoside, Panthenol, Asiaticoside, Madecassic Acid, Asiatic Acid, Ceramide NP, Melia Azadirachta Flower Extract, Melia Azadirachta Leaf Extract, Lavandula Angustifolia (Lavender) Oil, Citrus Aurantium Bergamia (Bergamot) Fruit Oil, Sodium Chloride, Coco-Betaine, 1,2-Hexanediol, Sodium Isethionate, Caprylyl Glycol, Polyquaternium-10, Zinc Oxide, Ethylhexylglycerin, Disodium EDTA, Citric Acid, Caramel, Caprylic\/Capric Triglyceride, Dextrin, Hydrogenated Lecithin, Fragrance, Limonene<\/span><\/p>\n","protected":false},"excerpt":{"rendered":"<p>Puhastav, niisutav ja \u00e4rritusi rahustav allergeenivaba n\u00e4opesuvaht aasia vesinaba ja keramiididega. N\u00e4opesuvaht eemaldab pehmelt ja efektiivselt mustust ja meigij\u00e4\u00e4ke ning samal ajal niisutab ja rahustab nahka. Sobib igale nahat\u00fc\u00fcbile k.a. tundlikule ja \u00e4rritunud nahale, sest ei sisalda \u00e4rritavaid komponente. Cica &#8212; Aasia vesinaba Aasia vesinaba on tuntud ravimtaim, mida kasutatakse t\u00e4nap\u00e4eval laialdaselt kosmetoloogias. Aasia vesinaba [&hellip;]<\/p>\n","protected":false},"featured_media":2952,"comment_status":"open","ping_status":"closed","template":"","meta":{"_acf_changed":false},"product_brand":[],"product_cat":[],"product_tag":[],"class_list":{"0":"post-2523","1":"product","2":"type-product","3":"status-publish","4":"has-post-thumbnail","6":"brand-beausta","8":"first","9":"instock","10":"taxable","11":"shipping-taxable","12":"purchasable","13":"product-type-simple"},"bundle_layout":"","bundled_by":[],"bundled_items":[],"acf":[],"_links":{"self":[{"href":"https:\/\/meon.theskinhouse.ee\/ru\/wp-json\/wp\/v2\/product\/2523","targetHints":{"allow":["GET"]}}],"collection":[{"href":"https:\/\/meon.theskinhouse.ee\/ru\/wp-json\/wp\/v2\/product"}],"about":[{"href":"https:\/\/meon.theskinhouse.ee\/ru\/wp-json\/wp\/v2\/types\/product"}],"replies":[{"embeddable":true,"href":"https:\/\/meon.theskinhouse.ee\/ru\/wp-json\/wp\/v2\/comments?post=2523"}],"wp:featuredmedia":[{"embeddable":true,"href":"https:\/\/meon.theskinhouse.ee\/ru\/wp-json\/wp\/v2\/media\/2952"}],"wp:attachment":[{"href":"https:\/\/meon.theskinhouse.ee\/ru\/wp-json\/wp\/v2\/media?parent=2523"}],"wp:term":[{"taxonomy":"product_brand","embeddable":true,"href":"https:\/\/meon.theskinhouse.ee\/ru\/wp-json\/wp\/v2\/product_brand?post=2523"},{"taxonomy":"product_cat","embeddable":true,"href":"https:\/\/meon.theskinhouse.ee\/ru\/wp-json\/wp\/v2\/product_cat?post=2523"},{"taxonomy":"product_tag","embeddable":true,"href":"https:\/\/meon.theskinhouse.ee\/ru\/wp-json\/wp\/v2\/product_tag?post=2523"}],"curies":[{"name":"wp","href":"https:\/\/api.w.org\/{rel}","templated":true}]}}