{"id":2067,"date":"2020-05-16T19:55:02","date_gmt":"2020-05-16T16:55:02","guid":{"rendered":"https:\/\/meon.theskinhouse.ee\/toode\/mizon-pore-fresh-clear-nose-pack-2\/"},"modified":"2025-09-04T14:50:02","modified_gmt":"2025-09-04T11:50:02","slug":"mizon-pore-fresh-clear-nose-pack-2","status":"publish","type":"product","link":"https:\/\/meon.theskinhouse.ee\/ru\/toode\/mizon-pore-fresh-clear-nose-pack-2\/","title":{"rendered":"Mizon Pore Fresh Clear Nose Pack"},"content":{"rendered":"<p>Ninaplaaster komedoonide (must-&nbsp;ja valgepeade) eemaldamiseks ninalt ja pooride puhastamiseks, mida on \u00fclilihtne kasutada.&nbsp;Eemaldab efektiivselt nii avatud kui ka suletud komedoone, puhastab poore, eemaldab liigset rasu. Sisaldab puus\u00fctt ja Maroko laava&nbsp;savi, mis on 100% orgaaniline ja h\u00fcpoallergeenne, ja mis toimib poore puhastavalt ning imab endasse liigset rasu. Plaaster sisaldab lisaks kaktuse lille, soorohu ja aaloe ekstrakte, mis m\u00f5juvad nahale rahustavalt ja niisutavalt. Dermatoloogiliselt testitud &#8212; 0,00% \u00e4rritavaid koostisosi.<\/p>\n<p><b>Toote eelised<\/b><\/p>\n<ul>\n<li>Ergonoomiline kuju, mis katab ideaalselt nina<\/li>\n<li>Plaastri optimaalne paksus, mitte liiga \u00f5huke ega liiga paks<\/li>\n<li>Ideaalne imamisv\u00f5ime &#8212; absorbeerib endasse rasu ja mustust pooride seest.<\/li>\n<li>Sisaldab rahustavaid taimseid ekstrakte, mis ei lase \u00e4rritustel tekkida.<\/li>\n<\/ul>\n<p><strong>Tootel on 7 toimet:<\/strong><\/p>\n<ol>\n<li>Eemaldab avatud&nbsp;komedoone (mustpead, mustad t\u00e4pid) &#8212; Maroko laava savi.<\/li>\n<li>Eemaldab suletud komedoone (valgepead, valged t\u00e4pid) &#8212; valge savi.<\/li>\n<li>Niisutab nahka &#8212; kaktuse lille ekstrakt,&nbsp;Eclipta prostrata.<\/li>\n<li>Ahendab ja rahustab poore &#8212; soorohu ekstrakt<\/li>\n<li>Eemaldab liigset rasu &#8212; puus\u00fcsi<\/li>\n<li>Puhastab nahka mustusest<\/li>\n<li>Rahustab nahka ja ei lase \u00e4rritustel tekkida &#8212; aaloe ekstrakt<\/li>\n<\/ol>\n<p>Lihtne kasutada kodus, p\u00e4rast kasutamist j\u00e4\u00e4b kogu mustus ja rasu plaastri pinnale, seet\u00f5ttu on toimet lihtne kontrollida.<\/p>\n<p><strong>Kasutamine<\/strong><\/p>\n<p>P\u00e4rast naha pesemist tehke nina\u00fcmbrus m\u00e4rjaks rohke veega. Kuivade k\u00e4tega eemaldage plaastrilt kaitsekile ning kleepige plaaster ninale keskelt \u00e4\u00e4rte poole. Oodake, kuni plaaster \u00e4ra kuivab (10-15 minutit). Kui plaaster on t\u00e4iesti kuiv, eemaldage aeglaselt, t\u00f5mmates \u00e4\u00e4rtest. Parema toime jaoks avage eelnevalt poorid sooja vee v\u00f5i sooja r\u00e4tiku abil.&nbsp;<\/p>\n<p><strong>Kogus<\/strong>: 1tk<\/p>\n<p><strong>Koostis<\/strong><br \/>\nPVP, VP\/VA Copolymer, Alcohol Denat., Aqua, Iron Oxides (CI 77499), Dimethicone, Charcoal Powder, Butylene Glycol, Moroccan Lava Clay, Kaolin, 1,2-Hexanediol, Phellinus Linteus Extract, Cereus Grandiflorus (Cactus) Flower Extract, Artemisia Vulgaris Extract, Aloe Barbadensis Leaf Extract, Houttuynia Cordata Extract, Eclipta Prostrata Extract<\/p>\n","protected":false},"excerpt":{"rendered":"<p>Ninaplaaster komedoonide (must-&nbsp;ja valgepeade) eemaldamiseks ninalt ja pooride puhastamiseks, mida on \u00fclilihtne kasutada.&nbsp;Eemaldab efektiivselt nii avatud kui ka suletud komedoone, puhastab poore, eemaldab liigset rasu. Sisaldab puus\u00fctt ja Maroko laava&nbsp;savi, mis on 100% orgaaniline ja h\u00fcpoallergeenne, ja mis toimib poore puhastavalt ning imab endasse liigset rasu. Plaaster sisaldab lisaks kaktuse lille, soorohu ja aaloe ekstrakte, [&hellip;]<\/p>\n","protected":false},"featured_media":2504,"comment_status":"open","ping_status":"closed","template":"","meta":{"_acf_changed":false},"product_brand":[],"product_cat":[],"product_tag":[],"class_list":{"0":"post-2067","1":"product","2":"type-product","3":"status-publish","4":"has-post-thumbnail","6":"brand-mizon","8":"first","9":"instock","10":"taxable","11":"shipping-taxable","12":"purchasable","13":"product-type-simple"},"bundle_layout":"","bundled_by":[],"bundled_items":[],"acf":[],"_links":{"self":[{"href":"https:\/\/meon.theskinhouse.ee\/ru\/wp-json\/wp\/v2\/product\/2067","targetHints":{"allow":["GET"]}}],"collection":[{"href":"https:\/\/meon.theskinhouse.ee\/ru\/wp-json\/wp\/v2\/product"}],"about":[{"href":"https:\/\/meon.theskinhouse.ee\/ru\/wp-json\/wp\/v2\/types\/product"}],"replies":[{"embeddable":true,"href":"https:\/\/meon.theskinhouse.ee\/ru\/wp-json\/wp\/v2\/comments?post=2067"}],"wp:featuredmedia":[{"embeddable":true,"href":"https:\/\/meon.theskinhouse.ee\/ru\/wp-json\/wp\/v2\/media\/2504"}],"wp:attachment":[{"href":"https:\/\/meon.theskinhouse.ee\/ru\/wp-json\/wp\/v2\/media?parent=2067"}],"wp:term":[{"taxonomy":"product_brand","embeddable":true,"href":"https:\/\/meon.theskinhouse.ee\/ru\/wp-json\/wp\/v2\/product_brand?post=2067"},{"taxonomy":"product_cat","embeddable":true,"href":"https:\/\/meon.theskinhouse.ee\/ru\/wp-json\/wp\/v2\/product_cat?post=2067"},{"taxonomy":"product_tag","embeddable":true,"href":"https:\/\/meon.theskinhouse.ee\/ru\/wp-json\/wp\/v2\/product_tag?post=2067"}],"curies":[{"name":"wp","href":"https:\/\/api.w.org\/{rel}","templated":true}]}}