{"id":2063,"date":"2020-05-16T09:45:07","date_gmt":"2020-05-16T06:45:07","guid":{"rendered":"https:\/\/meon.theskinhouse.ee\/toode\/mizon-pure-pearl-eye-gel-patch-2\/"},"modified":"2026-02-23T07:10:02","modified_gmt":"2026-02-23T05:10:02","slug":"mizon-pure-pearl-eye-gel-patch-2","status":"publish","type":"product","link":"https:\/\/meon.theskinhouse.ee\/ru\/toode\/mizon-pure-pearl-eye-gel-patch-2\/","title":{"rendered":"Mizon Pure Pearl Eye Gel Patch"},"content":{"rendered":"<p>Premium klassi kortsuvastased ja v\u00e4rskendavad silmapadjakesed valge p\u00e4rli ja teemantpulbriga. Pinguldavad nahka silmade \u00fcmber, niisutavad, helestavaid tumedaid silmaaluseid, v\u00e4hendavad turseid ja siluvad kortse silmn\u00e4htavalt, efekt on n\u00e4ha kohe p\u00e4rast kasutamist. Silmapadjakesed on kiire ja efektiivne vahend v\u00e4limuse v\u00e4rskendamiseks stressi, magamatuse ja v\u00e4simuse puhul v\u00f5i n\u00e4iteks reisidel. Antud silmapadjakesed on dermatoloogiliselt testitud, sisaldavad 95% orgaanilisi koostisosi ning on ECO-CERT sertifitseeritud. Antud silmapadjakesed on suuremad kui keskmised silmapadjakesed ja katavad \u00e4ra kogu piirkonna silmade \u00fcmber ning neid v\u00f5ib kasutada ka laubal ja suu \u00fcmber, kus esineb kortsukesi.<\/p>\n<p><strong>Peamised koostisosad<\/strong><\/p>\n<ul>\n<li>Valge p\u00e4rli ekstrakt ja teemantpulber &#8212; naha v\u00e4rskendamine, tumede silmaaluste helestamine.<\/li>\n<li>Jaanikaunapuu ekstrakt &#8212;&nbsp;naha eluj\u00f5ud ja immuunsuse ning kaitsev\u00f5ime parandamine.<\/li>\n<li>Allantoiin, adenosiin&nbsp;ja E-vitamiin &#8212; niisutamine, naha taastumisprotsesside kiirendamine, naha tugevdamine, pinguldamine, kortsuvastane toime.<\/li>\n<li>Lillede ekstraktid (kirikakar, jasmiin, lootos, madonnaliilia) &#8212; vananemisvastane ja helestav hooldus<\/li>\n<\/ul>\n<p><strong>Kasutamine<\/strong><\/p>\n<p>P\u00e4rast naha puhastamist ja soovitavalt tooniku kasutamist v\u00f5tke purgist kaasasoleva spaatli abil silmapadjake ja kandke silmade alla. Hoidke peal 10-20 minutit. Silmapadjakesi v\u00f5ib hoida k\u00fclmkapis.<\/p>\n<p><strong>Kogus<\/strong>: 60tk&nbsp;<\/p>\n<p><strong>Koostis<\/strong><\/p>\n<p>Purified water, Glycerin, Niacinamide, Carrageenan extract, Creatonia Siliqua Gumm, Cellulose gum, Hydroxyacetophenone, 1,2-Hexanediol, Sucrose, Potassion Chloride, Allantoin, Xanthan Gum, ExthlhexylGlycerin, Calcium Aluminium Borosilicate, Adenosine, Bis-PEG-15Methyl Ether Dimethicone, Disodium EDTA, Butylene Glycol, Calcium Lactate, Silica, Titanium Dioxide (CI 77891), Dipotassium Glycyrrhizate, Pearl extract, Sodium Acryloyldimethyltaurate Copolymer, Polyglyceryl-6caprylate, Polyglyceryl-4Caprylate, PEG-60Hydrogenated Castor Oil, Lonicerae Flos extract, Daisy extract, Madonna Lily extract, Elder flower extract, Lotus flower extract, Jasmine extract, Marvel-of-Peru extract, Peony extract, Hyacinth extract, Polymethylsilsesquioxane, Perfume, Tin Oxide (CI 77861), Chlorella Extract, Diamond powder, Tocopherol<\/p>\n","protected":false},"excerpt":{"rendered":"<p>Premium klassi kortsuvastased ja v\u00e4rskendavad silmapadjakesed valge p\u00e4rli ja teemantpulbriga. Pinguldavad nahka silmade \u00fcmber, niisutavad, helestavaid tumedaid silmaaluseid, v\u00e4hendavad turseid ja siluvad kortse silmn\u00e4htavalt, efekt on n\u00e4ha kohe p\u00e4rast kasutamist. Silmapadjakesed on kiire ja efektiivne vahend v\u00e4limuse v\u00e4rskendamiseks stressi, magamatuse ja v\u00e4simuse puhul v\u00f5i n\u00e4iteks reisidel. Antud silmapadjakesed on dermatoloogiliselt testitud, sisaldavad 95% orgaanilisi koostisosi [&hellip;]<\/p>\n","protected":false},"featured_media":2204,"comment_status":"open","ping_status":"closed","template":"","meta":{"_acf_changed":false},"product_brand":[],"product_cat":[],"product_tag":[],"class_list":{"0":"post-2063","1":"product","2":"type-product","3":"status-publish","4":"has-post-thumbnail","6":"brand-mizon","8":"first","9":"instock","10":"taxable","11":"shipping-taxable","12":"purchasable","13":"product-type-simple"},"bundle_layout":"","bundled_by":[],"bundled_items":[],"acf":[],"_links":{"self":[{"href":"https:\/\/meon.theskinhouse.ee\/ru\/wp-json\/wp\/v2\/product\/2063","targetHints":{"allow":["GET"]}}],"collection":[{"href":"https:\/\/meon.theskinhouse.ee\/ru\/wp-json\/wp\/v2\/product"}],"about":[{"href":"https:\/\/meon.theskinhouse.ee\/ru\/wp-json\/wp\/v2\/types\/product"}],"replies":[{"embeddable":true,"href":"https:\/\/meon.theskinhouse.ee\/ru\/wp-json\/wp\/v2\/comments?post=2063"}],"wp:featuredmedia":[{"embeddable":true,"href":"https:\/\/meon.theskinhouse.ee\/ru\/wp-json\/wp\/v2\/media\/2204"}],"wp:attachment":[{"href":"https:\/\/meon.theskinhouse.ee\/ru\/wp-json\/wp\/v2\/media?parent=2063"}],"wp:term":[{"taxonomy":"product_brand","embeddable":true,"href":"https:\/\/meon.theskinhouse.ee\/ru\/wp-json\/wp\/v2\/product_brand?post=2063"},{"taxonomy":"product_cat","embeddable":true,"href":"https:\/\/meon.theskinhouse.ee\/ru\/wp-json\/wp\/v2\/product_cat?post=2063"},{"taxonomy":"product_tag","embeddable":true,"href":"https:\/\/meon.theskinhouse.ee\/ru\/wp-json\/wp\/v2\/product_tag?post=2063"}],"curies":[{"name":"wp","href":"https:\/\/api.w.org\/{rel}","templated":true}]}}