{"id":2058,"date":"2020-04-29T08:50:03","date_gmt":"2020-04-29T05:50:03","guid":{"rendered":"https:\/\/meon.theskinhouse.ee\/toode\/coxir-ceramide-milk-drop-cream-2\/"},"modified":"2026-02-23T07:10:02","modified_gmt":"2026-02-23T05:10:02","slug":"coxir-ceramide-milk-drop-cream-2","status":"publish","type":"product","link":"https:\/\/meon.theskinhouse.ee\/ru\/toode\/coxir-ceramide-milk-drop-cream-2\/","title":{"rendered":"Coxir Ceramide Milk Drop Cream"},"content":{"rendered":"<p>Superniisutav n\u00e4okreem kitsepiima, keramiidide ja avokaadoga, millel on innovaatiline tekstuur &#8212; kreem muutub pealekandmisel v\u00e4ikesteks veepiiskadeks, mis k\u00e4ega masseerimisel tungivad s\u00fcgavale naha sisse. Keramiididel on s\u00fcgavniisutav toime, nad tekitavad nahale kaitsebarj\u00e4\u00e4ri, mis takistab naha kuivamist. T\u00e4nu keramiididele p\u00fcsib nahk kaua niisutatud, sile ja pehme. Kitsepiim on looduslik koostisosa, millel on suurep\u00e4rane m\u00f5ju nahale &#8212; niisutab, toidab nahka vitamiinidega, on tugeva kaitsva toimega, sisaldab palju vitamiine ja antioks\u00fcdante, rahustab \u00e4rritusi ja punetusi ning pehmedab nahka, samuti on kitsepiim tugeva noorendava toimega. Avokaado niisutab, toidab ja pehmendab nahka.<\/p>\n<p><strong>Kitsepiimast<\/strong><\/p>\n<p>Paljud teavad, et kitsepiim on organismile v\u00e4ga kasulik (juues), aga v\u00e4hemalt sama kasulik on kitsepiim ka nahale. See sisaldab k\u00fcllastumata rasvhappeid ja meeletus koguses vitamiine (A, C, E, D, Q10, B13, PP jne). Kitsepiimas sisalduvad ens\u00fc\u00fcmid m\u00f5juvad nahale tervendavalt, takistavad niiskuse kadumist nahast ning kiirendavad naha uuenemise protsesse. Kitsepiima on viimasel ajal hakatud laialdaselt kasutama kosmetoloogias, aga selle kasu n\u00e4onahale oli teada ka juba Vana-Kreekas. Kitsepiim kiirendab ainevahetust nahas ning kiirendab naha loomulikku kollageeni s\u00fcnteesi, s.t. nahk hakkab ise rohkem kollageeni tootma, t\u00e4nu sellele aeglustuvad vananemise protsessid. Kitsepiimast v\u00f5ib ka ise kodustes tingimustes maske teha, aga mugav on seda kasutada ka kreemi kujul.<\/p>\n<p>Kitsepiim sobib ka k\u00f5ige tundlikumale ja kuivale nahale.&nbsp;Sobib h\u00e4sti ka k\u00fcpsele nahale vananemisvastase komponendina, aga seda v\u00f5ib kasutada ka nooremas eas.&nbsp;<\/p>\n<p><strong>Kasutamine<\/strong><\/p>\n<p>Kandke m\u00f5\u00f5dukas kogus kreemi n\u00e4ole, hajutage masseerivate ja patsutavate liigutustega kuni imendumiseni.<\/p>\n<p><strong>Kogus<\/strong>: 50ml<\/p>\n<p><strong>Sobib<\/strong>: igale nahat\u00fc\u00fcbile igas vanuses.<\/p>\n<p><strong>Koostis<\/strong><\/p>\n<p>Goat Milk Extract, Cyclopentasiloxane, PEG-10 Dimethicone\/Vinyl Dimechicone Cross Polymer, Butylene glycol, Glycerin, Water, 1,2-Hexanediol, Niacinamide, Adenosine, Hydrolyzed Collagen, Sodium Hyaluronate, Tricholoma Matsutake Extract, Lactose, Persea Gratissima (Avocado) Fruit Extract, Propolis Extract, Hydrogenated Lecithin, Linoleic acid, Ceramide NP, TEA-cocoyl Glutamate, Caprylic\/capric Triglyceride, Camellia Japonica seed oil, Titanium Dioxide, Sodium Chloride, Cetyl PEG\/PPG-10\/1 Dimethicone, Ethylhexylglycerin, CI 77492, CI 77491, Zinc Oxide, CI 77499, Trietho- xysilylethyl Polydimethylsiloxyethyl Hexyl Dimethicone, Ultramarines, Hydrogen Dimethicone, Triethoxycaprylylsilane, Parfum<\/p>\n","protected":false},"excerpt":{"rendered":"<p>Superniisutav n\u00e4okreem kitsepiima, keramiidide ja avokaadoga, millel on innovaatiline tekstuur &#8212; kreem muutub pealekandmisel v\u00e4ikesteks veepiiskadeks, mis k\u00e4ega masseerimisel tungivad s\u00fcgavale naha sisse. Keramiididel on s\u00fcgavniisutav toime, nad tekitavad nahale kaitsebarj\u00e4\u00e4ri, mis takistab naha kuivamist. T\u00e4nu keramiididele p\u00fcsib nahk kaua niisutatud, sile ja pehme. Kitsepiim on looduslik koostisosa, millel on suurep\u00e4rane m\u00f5ju nahale &#8212; niisutab, [&hellip;]<\/p>\n","protected":false},"featured_media":3037,"comment_status":"open","ping_status":"closed","template":"","meta":{"_acf_changed":false},"product_brand":[],"product_cat":[],"product_tag":[],"class_list":{"0":"post-2058","1":"product","2":"type-product","3":"status-publish","4":"has-post-thumbnail","6":"brand-coxir","8":"first","9":"instock","10":"taxable","11":"shipping-taxable","12":"purchasable","13":"product-type-simple"},"bundle_layout":"","bundled_by":[],"bundled_items":[],"acf":[],"_links":{"self":[{"href":"https:\/\/meon.theskinhouse.ee\/ru\/wp-json\/wp\/v2\/product\/2058","targetHints":{"allow":["GET"]}}],"collection":[{"href":"https:\/\/meon.theskinhouse.ee\/ru\/wp-json\/wp\/v2\/product"}],"about":[{"href":"https:\/\/meon.theskinhouse.ee\/ru\/wp-json\/wp\/v2\/types\/product"}],"replies":[{"embeddable":true,"href":"https:\/\/meon.theskinhouse.ee\/ru\/wp-json\/wp\/v2\/comments?post=2058"}],"wp:featuredmedia":[{"embeddable":true,"href":"https:\/\/meon.theskinhouse.ee\/ru\/wp-json\/wp\/v2\/media\/3037"}],"wp:attachment":[{"href":"https:\/\/meon.theskinhouse.ee\/ru\/wp-json\/wp\/v2\/media?parent=2058"}],"wp:term":[{"taxonomy":"product_brand","embeddable":true,"href":"https:\/\/meon.theskinhouse.ee\/ru\/wp-json\/wp\/v2\/product_brand?post=2058"},{"taxonomy":"product_cat","embeddable":true,"href":"https:\/\/meon.theskinhouse.ee\/ru\/wp-json\/wp\/v2\/product_cat?post=2058"},{"taxonomy":"product_tag","embeddable":true,"href":"https:\/\/meon.theskinhouse.ee\/ru\/wp-json\/wp\/v2\/product_tag?post=2058"}],"curies":[{"name":"wp","href":"https:\/\/api.w.org\/{rel}","templated":true}]}}