{"id":288,"date":"2020-04-02T08:54:42","date_gmt":"2020-04-02T05:54:42","guid":{"rendered":"https:\/\/meon.theskinhouse.ee\/kohaletoimetamine-ja-maksmisviisid\/"},"modified":"2020-04-02T08:54:42","modified_gmt":"2020-04-02T05:54:42","slug":"kohaletoimetamine-ja-maksmisviisid","status":"publish","type":"page","link":"https:\/\/meon.theskinhouse.ee\/ru\/kohaletoimetamine-ja-maksmisviisid\/","title":{"rendered":"Kohaletoimetamine ja maksmisviisid"},"content":{"rendered":"<h2>1. SmartPOST &#8212; 2.70 \u20ac<\/h2>\n<p><strong>Kui tellitud kaupade summaarne hind \u00fcletab 29 \u20ac (kui kehtiv sooduskampaania ei s\u00e4testa teisiti), siis on saatmine SmartPOST pakiautomaati TASUTA.<\/strong><\/p>\n<p>Saadame pakke \u00fcldjuhul j\u00e4rgmise t\u00f6\u00f6p\u00e4eva hommikul. Kui sooritada ost t\u00f6\u00f6p\u00e4eviti (E-R) enne kella 9:00, siis saadame paki \u00e4ra samal p\u00e4eval ja ta j\u00f5uab sihtkohta j\u00e4rgmisel p\u00e4eval (v.a. p\u00fchap\u00e4eval; saartele \u00fclej\u00e4rgmisel t\u00f6\u00f6p\u00e4eval). Kui sooritada ost p\u00e4rast kella 9:00, siis j\u00f5uab pakk kohale \u00fclej\u00e4rgmisel p\u00e4eval (v.a. p\u00fchap\u00e4eval). Niipea kui pakk j\u00f5uab sihtkoha pakiautomaati, saadetakse saajale SMS-teade koos pakiautomaadi uksekoodiga. Paki k\u00e4ttesaamiseks tuleb see uksekood pakiautomaadi puutetundlikul ekraanil sisestada.<\/p>\n<p><img decoding=\"async\" style=\"width: 250px; height: 241px;\" src=\"http:\/\/meon.ee\/image\/data\/Itella_smartpost_2_RGB.jpg\" alt=\"\" \/><\/p>\n<h2>2. Kulleriga uksest ukseni &#8212; 4.48 \u20ac<\/h2>\n<p>Kui hindad mugavust. Sooritades ostu t\u00f6\u00f6p\u00e4eviti enne 9:00, on paki eeldatav k\u00e4ttesaamisaeg j\u00e4rgmisel t\u00f6\u00f6p\u00e4eval. Laup\u00e4eval, p\u00fchap\u00e4eval ja riiklikel p\u00fchadel sooritatud ostud toimetatakse kliendini \u00fclej\u00e4rgmisel t\u00f6\u00f6p\u00e4eval.<\/p>\n<p>Saadetis toimetatakse saajale k\u00e4tte, koju v\u00f5i t\u00f6\u00f6 juurde, hiljemalt kella 18:00\u2013ks. Saadetise \u00fcleandmise p\u00e4eval koosk\u00f5lastab kuller telefoni teel paki saajaga selle \u00fcleandmise t\u00e4pse kellaaja.<\/p>\n<p>&nbsp;<\/p>\n<h2>3. Postkontorisse &#8212; 3.79 \u20ac<\/h2>\n<p>Saadame pakke \u00fcldjuhul j\u00e4rgmise p\u00e4eva hommikul ning selle saab k\u00e4tte asukohaj\u00e4rgsest postkontorist. Kui sooritada ost t\u00f6\u00f6p\u00e4eviti (E-R) enne kella 9:00, siis saadame paki \u00e4ra samal p\u00e4eval.\u00a0Kui sooritada ost p\u00e4rast kella 9:00, siis saadame paki j\u00e4rgmise p\u00e4eval. V\u00e4lismaale pakke ei saadeta.<\/p>\n<p>NB! Kui Teile ei sobi \u00fckski pakutud saatmisviisidest, siis andke meile sellest teada aadressil info@meon.ee<\/p>\n<p>&nbsp;<\/p>\n<p>Makseviisidest on toetatud Swedbank, SEB pangalingid ning arvega maksmine.<\/p>\n","protected":false},"excerpt":{"rendered":"<p>1. SmartPOST &#8212; 2.70 \u20ac Kui tellitud kaupade summaarne hind \u00fcletab 29 \u20ac (kui kehtiv sooduskampaania ei s\u00e4testa teisiti), siis on saatmine SmartPOST pakiautomaati TASUTA. Saadame pakke \u00fcldjuhul j\u00e4rgmise t\u00f6\u00f6p\u00e4eva hommikul. Kui sooritada ost t\u00f6\u00f6p\u00e4eviti (E-R) enne kella 9:00, siis saadame paki \u00e4ra samal p\u00e4eval ja ta j\u00f5uab sihtkohta j\u00e4rgmisel p\u00e4eval (v.a. p\u00fchap\u00e4eval; saartele \u00fclej\u00e4rgmisel [&hellip;]<\/p>\n","protected":false},"author":1,"featured_media":0,"parent":0,"menu_order":0,"comment_status":"closed","ping_status":"closed","template":"","meta":{"_acf_changed":false,"footnotes":""},"class_list":["post-288","page","type-page","status-publish","hentry"],"acf":[],"_links":{"self":[{"href":"https:\/\/meon.theskinhouse.ee\/ru\/wp-json\/wp\/v2\/pages\/288","targetHints":{"allow":["GET"]}}],"collection":[{"href":"https:\/\/meon.theskinhouse.ee\/ru\/wp-json\/wp\/v2\/pages"}],"about":[{"href":"https:\/\/meon.theskinhouse.ee\/ru\/wp-json\/wp\/v2\/types\/page"}],"author":[{"embeddable":true,"href":"https:\/\/meon.theskinhouse.ee\/ru\/wp-json\/wp\/v2\/users\/1"}],"replies":[{"embeddable":true,"href":"https:\/\/meon.theskinhouse.ee\/ru\/wp-json\/wp\/v2\/comments?post=288"}],"version-history":[{"count":0,"href":"https:\/\/meon.theskinhouse.ee\/ru\/wp-json\/wp\/v2\/pages\/288\/revisions"}],"wp:attachment":[{"href":"https:\/\/meon.theskinhouse.ee\/ru\/wp-json\/wp\/v2\/media?parent=288"}],"curies":[{"name":"wp","href":"https:\/\/api.w.org\/{rel}","templated":true}]}}