{"id":287,"date":"2020-04-02T08:54:31","date_gmt":"2020-04-02T05:54:31","guid":{"rendered":"https:\/\/meon.theskinhouse.ee\/kasutustingimused\/"},"modified":"2020-04-02T08:54:31","modified_gmt":"2020-04-02T05:54:31","slug":"kasutustingimused","status":"publish","type":"page","link":"https:\/\/meon.theskinhouse.ee\/ru\/kasutustingimused\/","title":{"rendered":"Kasutustingimused"},"content":{"rendered":"<p>1.1 K\u00e4esolevad Meon e-poe ostutingimused (edaspidi Tingimused) reguleerivad Meon e-poe (edaspidi Meon) haldaja (Meon O\u00dc, registrikood 12577227, edaspidi M\u00fc\u00fcja), ja antud e-poe kasutaja (edaspidi Ostja) vahelisi suhteid ning antud e-poe \u00fcldtingimusi.<\/p>\n<p>1.2 Meon e-pood v\u00f5imaldab Ostjal s\u00f5lmida M\u00fc\u00fcjaga e-poe keskkonnas ostu-m\u00fc\u00fcgileping m\u00fc\u00fcdavate toodete suhtes (edaspidi Kaup\/Kaubad).<\/p>\n<p>1.3 Ostjaks v\u00f5ib olla v\u00e4hemalt 18-aastane f\u00fc\u00fcsiline isik ja iga juriidiline isik, kes enne ostu-m\u00fc\u00fcgitehingu teostamist kinnitab, et on Tingimustega tutvunud ning n\u00f5ustub ja kohustub neid t\u00e4itma. Juhul, kui f\u00fc\u00fcsilisest isikust Ostja on alla 18-aastane, kinnitab ta ostu-m\u00fc\u00fcgitehingu sooritamisega, et tema poolt M\u00fc\u00fcjaga s\u00f5lmitava tehingu on tema seaduslik esindaja vastavalt seadusele eelnevalt heaks kiitnud v\u00f5i et ta sooritab tehingu vahenditega, mille andis talle selleks otstarbeks v\u00f5i vabaks kasutamiseks tema seaduslik esindaja v\u00f5i viimase n\u00f5usolekul kolmas isik.<\/p>\n<p>1.4 M\u00fc\u00fcjal on \u00f5igus igal ajal ja \u00fchepoolselt teha pakutavasse e-poe teenusesse ja Tingimustesse muudatusi, andes sellest teada meon.ee veebilehe vahendusel.<\/p>\n<p>1.5 Enne ostu-m\u00fc\u00fcgi tehingu teostamist Meon e-poes, peab Ostja kinnitama, et ta on Tingimustega tutvunud, n\u00f5ustub neid t\u00e4itma ja j\u00e4rgima ning k\u00e4sitleb neid M\u00fc\u00fcjaga s\u00f5lmitava tehingu siduvate tingimustena.<\/p>\n<h1><strong><span style=\"font-size: medium;\">2 Hinnad<\/span><\/strong><\/h1>\n<p>2.1 K\u00f5ik e-poes olevad hinnad on kuvatud eurodes ja sisaldavad k\u00e4ibemaksu.<\/p>\n<p>2.2 M\u00fc\u00fcjal on \u00f5igus ilma etteteatamata igal hetkel muuta e-poes kuvatavaid hindu. Kui e-poes on muudetud hindu p\u00e4rast Ostja poolt tellimuse esitamist ja selle eest tasumist, siis kohustub M\u00fc\u00fcja tarnima kasutajale vastavad tooted tellimuse hetkel kehtinud hindadega. Kui M\u00fc\u00fcja poolt muudetud hind on soodsam Ostja poolt ostu-m\u00fc\u00fcgitehingu s\u00f5lmimise hetkel kehtinud hinnast, ei ole Ostjal \u00f5igust n\u00f5uda M\u00fc\u00fcjalt hinnavahe kompenseerimist v\u00f5i Kauba m\u00fc\u00fcmist p\u00e4rast ostu-m\u00fc\u00fcgitehingu s\u00f5lmimist kehtestatud soodsama hinnaga.<\/p>\n<p>2.3 Lisaks ostetava kauba hinnale kohustub Ostja tasuma ka kauba tema poolt sisestatud sihtkohta toimetamisega seotud transpordikulu.<\/p>\n<p><b>Transpordi hinnad: <\/b><a href=\"http:\/\/meon.ee\/shipping\">http:\/\/meon.ee\/shipping<\/a><\/p>\n<p>2.4 Kui tehnilise vea t\u00f5ttu on meon.ee e-poes m\u00f5ne kauba hind muudetud\/muutunud ebatavaliselt odavaks ja kauba kirjelduse juures ei ole m\u00e4rgitud, et tegemist on allahindlusega, siis on M\u00fc\u00fcjal \u00f5igus taganeda vigase hinnaga Ostjale Kauba m\u00fc\u00fcmisest.<\/p>\n<p>2.5 Juhul, kui tehnilise probleemi t\u00f5ttu selgub, et p\u00e4rast Ostja poolt ostu vormistamist ei ole tellitud Kaupa laos, siis on M\u00fc\u00fcja kohustatud sellest Ostjat teavitama. Ostjal on sellisel juhul \u00f5igus ostu-m\u00fc\u00fcgilepingust 3 kalendrip\u00e4eva jooksul alates M\u00fc\u00fcja poolt teavituse edastamisest taganeda ja n\u00f5uda selle Kauba eest Ostja poolt tasutud raha tagastamist. Selleks peab ta M\u00fc\u00fcjale esitama vastavasisulise kirjalikku taasesitamist v\u00f5imaldavas vormis taganemisavalduse.<\/p>\n<h1><strong><span style=\"font-size: medium;\">3 Tooteinfo<\/span><\/strong><\/h1>\n<p>3.1 Ostja peab arvestama, et toote juures kuvatavad tootepildid on illustratiivse t\u00e4hendusega ning v\u00f5ivad m\u00f5nev\u00f5rra erineda Kauba tegelikust v\u00e4ljan\u00e4gemisest. M\u00fc\u00fcja ei vastuta tooteinfos sisalduvate vigade eest, sest M\u00fc\u00fcja edastab Kauba tarnija poolt edastatud infot, mis v\u00f5ib olla ebat\u00e4pne.<\/p>\n<h1><strong><span style=\"font-size: medium;\">4 Tellimuse vormistamine ja kaupade eest tasumine<\/span><\/strong><\/h1>\n<p>4.1 Lisage soovitud tooted ostukorvi.<\/p>\n<p>4.2 Ostukorvis olevaid tooteid v\u00f5ib Ostja vastavalt soovile enne tellimuse vormistamist lisada, vahetada v\u00f5i eemaldada.<\/p>\n<p>4.3 Valige sobiv kohaletoimetamise viis. Olenevalt valitud kohaletoimetamise viisist v\u00f5ib ostukorv k\u00fcsida lisainfot toote kohaletoimetamise sihtkoha t\u00e4psustamiseks.<\/p>\n<p>4.4 P\u00e4rast kohaletoimetamise viisi valikut ilmub n\u00e4htavale makseviiside valik. Valige Teile sobiv makseviis.<\/p>\n<p>4.5 Makseviisi valiku j\u00e4rel t\u00e4itke tellija andmed \u201cTeie andmed\u201d. Ostja vastutab ise sisestatud andmete \u00f5igsuse eest.<\/p>\n<p>4.6 Ostu-m\u00fc\u00fcgileping loetakse s\u00f5lmituks alates tellimuse eest tasumisele kuuluva summa t\u00e4ies ulatuses laekumist M\u00fc\u00fcja arvelduskontole.<\/p>\n<p>4.7 Kui Ostja valib makseviisiks \u201eEttemaksuarve\u201c, siis juhul, kui Kauba eest tasumisele kuuluv summa ei laeku t\u00e4ies ulatuses M\u00fc\u00fcja arvelduskontole 2 kalendrip\u00e4eva jooksul alates ostu kinnitamisest, siis on M\u00fc\u00fcjal \u00f5igus ostu-m\u00fc\u00fcgitehingust taganeda ning tellimus t\u00fchistada.<\/p>\n<p>4.8 Eduka tellimuse sooritamise puhul saadetakse Ostja poolt sisestatud e-maili aadressile j\u00f5ustumiskinnitus.<\/p>\n<h1><strong><span style=\"font-size: medium;\">5 Kauba kohaletoimetamine<\/span><\/strong><\/h1>\n<p>5.1 Ostja vastutab tellimuse vormistamisel esitatavate kontaktandmete \u00f5igsuse eest. M\u00fc\u00fcja ei vastuta toodete kohaletoimetamise viivituse ja tekkinud arusaamatuste eest juhul, kui need on tingitud Ostja poolt tellimuse vormistamisel esitatud andmete ebat\u00e4psusest v\u00f5i eba\u00f5igsusest. Juhul, kui Ostja on sisestanud sihtkoha v\u00f5i Kauba saaja andmed valesti, peab ta sellest M\u00fc\u00fcjale viivitamatult teada andma.<\/p>\n<p>5.2 Enne 17:00 tellitud Kaubad antakse transpordifirmale \u00fcle \u00fcldjuhul j\u00e4rgmise t\u00f6\u00f6p\u00e4eva hommikul, kuid mitte hiljem kui 14 kalendrip\u00e4eva jooksul.<\/p>\n<h1><strong><span style=\"font-size: medium;\">6 Tagastamis\u00f5igus<\/span><\/strong><\/h1>\n<p>6.1 Vastavalt V\u00d5S \u00a7-le 56 lg 1, on f\u00fc\u00fcsilisest isikust Ostjal \u00f5igus taganeda lepingust 14 kalendrip\u00e4eva jooksul alates kauba k\u00e4ttesaamisest. Ostja poolt tagastatav Kaup peab olema komplektne (sisaldama k\u00f5iki Kauba pakendis sisaldunud esemeid, sh testreid ja nende pakendeid). Kui Kaup on ostetud kampaania korras, kus Kaubale on lisatud veel m\u00f5ni toode, tuleb Ostjal tagastada kogu komplekt, st nii Kaup kui ka k\u00f5ik teised tooted. Tagastatav Kaup ei tohi olla kasutatud ning peab olema originaalpakendis. Avatud pakendiga kosmeetika ja parf\u00fcmeeriatooted tagastamisele ei kuulu. Samuti ei kuulu tagastamisele tooted, mille kasutamist (v\u00f5i mittekasutamist) ei ole v\u00f5imalik kontrollida (n\u00e4iteks tooted, mille s\u00e4ilivusajad on suhteliselt l\u00fchikesed ja s\u00f5ltuvad otseselt toote avamisajast). Tagastatava Kauba pakend ei tohi olla rikutud ning peab olema kaubandusliku v\u00e4limusega.<\/p>\n<p>6.2 Kauba tagastamiskulud kannab klient (maksimaalselt 10\u20ac vastavalt V\u00d5S \u00a7194 lg 4), v\u00e4lja arvatud juhul, kui tagastamise p\u00f5hjuseks on mittevastavus tellitule v\u00f5i praak. Kauba tagastamiseks peab Ostja esitama M\u00fc\u00fcjale vastavasisulise kirjalikku taasesitamist v\u00f5imaldavas vormis avalduse. Avaldus peab sisaldama Ostja nime, toote nime, tellimuse koodi ja tagastamise p\u00f5hjust. M\u00fc\u00fcja peab Ostjale h\u00fcvitama tagastatud Kauba tasutud ostu-m\u00fc\u00fcgihinna 30 kalendrip\u00e4eva jooksul alates taganemisavalduse j\u00f5udmisest M\u00fc\u00fcjani.<\/p>\n<p>6.3 Kui Ostja poolt tagastatav Kaup (ja\/v\u00f5i Kauba pakend) on halvenenud, vigastatud v\u00f5i kahjustunud ning selline halvenemine\/kahjustumine on p\u00f5hjustatud Ostjast tulenevatest asjaoludest, on M\u00fc\u00fcjal \u00f5igus taganemissoovist keelduda v\u00f5i tasaarvestada Kauba v\u00e4\u00e4rtuse v\u00e4henemine Ostja poolt Kauba eest tasutud ning Ostjale tagastamisele kuuluva summaga. Tasaarvestamiseks saadab M\u00fc\u00fcja Ostjale tasaarvestamise avalduse Ostja poolt tellimuse vormistamisel teatatud e-posti aadressile. Juhul, kui Ostja ei ole n\u00f5us tasaarvestamise teates n\u00e4idatud v\u00e4\u00e4rtuse v\u00e4henemisega, on Ostjal \u00f5igus kaasata Kauba v\u00e4\u00e4rtuse v\u00e4henemise kindlakstegemiseks s\u00f5ltumatu ekspert. Ekspertiisiga seotud kulud jagatakse pooleks Ostja ja M\u00fc\u00fcja vahel, v.a juhul, kui \u00fche poole seisukoht osutub ekspertiisi tulemusena ilmselt p\u00f5hjendamatuks. Sellisel juhul kannab ekspertiisiga seotud kulud pool, kelle seisukoht osutus ilmselt p\u00f5hjendamatuks.<\/p>\n<p>6.4 Ei saa tagastada Kaupu, mis tellimuse vormistamise ajahetkel meon.ee keskkonnas ei oma laoseisu m\u00e4rget &#171;Toode on laos\u201c ning mis on seega vajanud M\u00fc\u00fcjal Kauba spetsiaalselt Ostjale tellimist. Sellised tellimused on k\u00e4sitletavad kui spetsiaaltellimused. Spetsiaaltellimustest ei ole v\u00f5imalik taganeda alates tellimuse j\u00f5ustumise ajahetkest ja kui M\u00fc\u00fcja on omakorda juba j\u00f5udnud tarnelaoga tagasip\u00f6\u00f6rdumatu ostu-m\u00fc\u00fcgilepingu s\u00f5lmida. Ostu sooritamisega kinnitab Ostja, et on spetsiaaltellimust k\u00e4sitleva tingimuse l\u00e4bi lugenud, sellest aru saanud ning sellega n\u00f5ustunud.<\/p>\n<p>6.5 M\u00fc\u00fcjal on \u00f5igus ostu-m\u00fc\u00fcgilepingust taganeda Tingimuste p-s 3.4. s\u00e4testatud juhul, s.o. olukorras, kus tehnilise vea t\u00f5ttu on meon.ee&#8217;s pakutava Kauba hind muutunud\/muudetud ebam\u00f5istlikult odavaks v\u00f5rreldes antud Kauba tavap\u00e4rase hinnaga ja M\u00fc\u00fcja ei ole Kauba juures eraldi m\u00e4rkinud, et tegemist on allahindlusega, ning M\u00fc\u00fcja ei ole Kaupa Ostjale veel ostu-m\u00fc\u00fcgitehingu t\u00e4itmiseks sihtkohta saatnud. M\u00fc\u00fcjal on \u00f5igus sellisest tehingust taganeda 3 t\u00f6\u00f6p\u00e4eva jooksul alates sellise vigase hinnaga s\u00f5lmitud tehingu teadasaamisest, esitades Ostjale vastavasisulise kirjalikku taasesitamist v\u00f5imaldavas vormis avalduse. M\u00fc\u00fcja kohustub tehingust taganemise korral hiljemalt 10 kalendrip\u00e4eva jooksul tagastama Ostjale tema poolt Kauba eest tasutud ostu-m\u00fc\u00fcgihinna ja transpordikulu.<\/p>\n<h1><strong><span style=\"font-size: medium;\">7 Pretensioonide esitamise kord<\/span><\/strong><\/h1>\n<p>7.1 M\u00fc\u00fcja vastutab Kauba lepingutingimustele mittevastavuse ja puuduste eest, mis ilmnevad 2 aasta jooksul alates Kauba \u00fcleandmisest Ostjale.<\/p>\n<p>7.2 Kaubal puuduse ilmnemisel peab Ostja hiljemalt 2 kalendrikuu jooksul puuduse ilmnemisest sellest M\u00fc\u00fcjat teavitama, esitades selleks M\u00fc\u00fcjale kirjalikku taasesitamist v\u00f5imaldavas vormis avalduse. Avaldus peab sisaldama j\u00e4rgmist informatsiooni: Ostja nimi, kontaktandmed, toote nimi, tellimuse kood, toote puudus.<\/p>\n<p>7.3 M\u00fc\u00fcja ei vastuta Kaubal ilmnenud puuduste eest, mis on tekkinud Ostja s\u00fc\u00fcl v\u00f5i kui puudus on tekkinud Kauba mittekorrap\u00e4rase kasutamise tagaj\u00e4rjel. Samuti ei vastuta M\u00fc\u00fcja Kauba normaalse f\u00fc\u00fcsilise kulumise eest vastava tootja poolt m\u00e4\u00e4ratletult tavalise kasutamise korral. M\u00fc\u00fcja ei v\u00f5ta vastutust defektiga toodete poolt tekitatud kahjude eest nagu vara v\u00f5i informatsiooni kahjustumine, k\u00e4ibe v\u00f5i kasumi kaotamine.<\/p>\n<h1><span style=\"font-size: medium;\"><b>8 M\u00fc\u00fcja vastutus ja v\u00e4\u00e4ramatu j\u00f5ud<\/b><\/span><\/h1>\n<p>8.1 M\u00fc\u00fcja vastutab Ostja ees ja Ostja vastutab M\u00fc\u00fcja ees teisele poolele k\u00e4esolevate tingimuste rikkumisega tekitatud kahju eest Eesti Vabariigis kehtivates \u00f5igusaktides s\u00e4testatud juhtudel ja ulatuses.<\/p>\n<p>8.2 M\u00fc\u00fcja ei vastuta tekitatud kahjude eest v\u00f5i toote kohaletoimetamise viibimise eest juhul, kui kahju v\u00f5i toote kohaletoomise viibimine on tingitud asjaolust, mida M\u00fc\u00fcja ei saanud m\u00f5jutada ning mille saabumist M\u00fc\u00fcja ei n\u00e4inud ette ega v\u00f5inud ette n\u00e4ha (v\u00e4\u00e4ramatu j\u00f5ud).<\/p>\n<h1><span style=\"font-size: medium;\"><b>9 Privaatsuspoliitika<\/b><\/span><\/h1>\n<p>K\u00f5iki meon.ee k\u00fclastamise ja ostude sooritamise k\u00e4igus teatavaks saanud Ostja isikuandmeid k\u00e4sitletakse kui konfidentsiaalset infot ega avaldata kolmandale osapoolele.<\/p>\n<h1><span style=\"font-size: medium;\"><b>10 Muud tingimused<\/b><\/span><\/h1>\n<p>10.1 K\u00e4esolevates tingimustes eraldi lahendamata k\u00fcsimustes l\u00e4htutakse Eesti Vabariigis kehtivatest \u00f5igusaktidest.<\/p>\n<p>10.2 Ostja ja M\u00fc\u00fcja vahel meon.ee e-poe kasutamisel, ostu-m\u00fc\u00fcgitehingu s\u00f5lmimisel ja t\u00e4itmisel tekkivad vaidlused \u00fcritavad osapooled \u00e4ra lahendada l\u00e4bir\u00e4\u00e4kimiste teel. Kokkuleppe mittesaavutamisel on Ostjal \u00f5igus p\u00f6\u00f6rduda oma \u00f5iguste kaitseks Tarbijakaitseametisse v\u00f5i kohtusse.<\/p>\n","protected":false},"excerpt":{"rendered":"<p>1.1 K\u00e4esolevad Meon e-poe ostutingimused (edaspidi Tingimused) reguleerivad Meon e-poe (edaspidi Meon) haldaja (Meon O\u00dc, registrikood 12577227, edaspidi M\u00fc\u00fcja), ja antud e-poe kasutaja (edaspidi Ostja) vahelisi suhteid ning antud e-poe \u00fcldtingimusi. 1.2 Meon e-pood v\u00f5imaldab Ostjal s\u00f5lmida M\u00fc\u00fcjaga e-poe keskkonnas ostu-m\u00fc\u00fcgileping m\u00fc\u00fcdavate toodete suhtes (edaspidi Kaup\/Kaubad). 1.3 Ostjaks v\u00f5ib olla v\u00e4hemalt 18-aastane f\u00fc\u00fcsiline isik ja [&hellip;]<\/p>\n","protected":false},"author":1,"featured_media":0,"parent":0,"menu_order":0,"comment_status":"closed","ping_status":"closed","template":"","meta":{"_acf_changed":false,"footnotes":""},"class_list":["post-287","page","type-page","status-publish","hentry"],"acf":[],"_links":{"self":[{"href":"https:\/\/meon.theskinhouse.ee\/ru\/wp-json\/wp\/v2\/pages\/287","targetHints":{"allow":["GET"]}}],"collection":[{"href":"https:\/\/meon.theskinhouse.ee\/ru\/wp-json\/wp\/v2\/pages"}],"about":[{"href":"https:\/\/meon.theskinhouse.ee\/ru\/wp-json\/wp\/v2\/types\/page"}],"author":[{"embeddable":true,"href":"https:\/\/meon.theskinhouse.ee\/ru\/wp-json\/wp\/v2\/users\/1"}],"replies":[{"embeddable":true,"href":"https:\/\/meon.theskinhouse.ee\/ru\/wp-json\/wp\/v2\/comments?post=287"}],"version-history":[{"count":0,"href":"https:\/\/meon.theskinhouse.ee\/ru\/wp-json\/wp\/v2\/pages\/287\/revisions"}],"wp:attachment":[{"href":"https:\/\/meon.theskinhouse.ee\/ru\/wp-json\/wp\/v2\/media?parent=287"}],"curies":[{"name":"wp","href":"https:\/\/api.w.org\/{rel}","templated":true}]}}