{"id":284,"date":"2020-04-02T08:54:04","date_gmt":"2020-04-02T05:54:04","guid":{"rendered":"https:\/\/meon.theskinhouse.ee\/firmast\/"},"modified":"2020-04-02T08:54:04","modified_gmt":"2020-04-02T05:54:04","slug":"firmast","status":"publish","type":"page","link":"https:\/\/meon.theskinhouse.ee\/ru\/firmast\/","title":{"rendered":"Firmast"},"content":{"rendered":"<p>Meon on 2013. aastal oma uksed avanud Korea kosmeetika ja ilutoodete e-pood. Meil on valik kosmeetikatooteid sellistelt tuntud Korea kosmeetika br\u00e4ndidelt, nagu: Mizon, TONY MOLY, Etude House, Holika Holika, Innisfree, Baviphat, Skinfood, Secret Key, The Face Shop jt.Meon on Skin Cares br\u00e4ndi ametlik eksklusiivse esinduse\u00f5igusega maaletooja Eestis. Meie jaoks on prioriteet nr 1 m\u00fc\u00fcdavate toodete kvaliteet. Meie poolt m\u00fc\u00fcdavad tooted tulevad ametlikelt L\u00f5una-Korea br\u00e4ndide esindustelt, seet\u00f5ttu on meie tooted 100% originaalsed ja autentsed. M\u00fc\u00fcme vaid valitud tooteid, mille kvaliteedis oleme kindlad. J\u00e4lgime pidevalt kosmeetika trende ja laiendame tootevalikut.<\/p>\n<p>Meie jaoks on oluline kliendi rahulolu. \u0422ellitud tooted paneme posti j\u00e4rgmise p\u00e4eva hommikul, et saaksite meie tooteid v\u00f5imalikult kiiresti kasutama hakata. K\u00f5ik meie poolt m\u00fc\u00fcdavad tooted on meil olemas laos, t\u00e4nu sellele saame oma klientidele pakkuda j\u00e4rgmise p\u00e4eva tarnet. Saatmisviisidest on toetatud SmartPOST pakiautomaadid, asukohaj\u00e4rgsesse postkontorisse saatmine ja DPD kuller. Maksta saab Swedbank ja SEB pangalinkide abil ning ettemaksuarvega. Kui tellimuse summa \u00fcletab 29 eurot, siis on saatmine tasuta!<\/p>\n<p>Kui Teil tekib k\u00fcsimusi, Teile ei sobi \u00fckski pakutud saatmis- v\u00f5i maksmisviis v\u00f5i otsite mingit toodet, mida meil ei ole, andke meile sellest julgelt teada aadressil info@meon.ee.<\/p>\n","protected":false},"excerpt":{"rendered":"<p>Meon on 2013. aastal oma uksed avanud Korea kosmeetika ja ilutoodete e-pood. Meil on valik kosmeetikatooteid sellistelt tuntud Korea kosmeetika br\u00e4ndidelt, nagu: Mizon, TONY MOLY, Etude House, Holika Holika, Innisfree, Baviphat, Skinfood, Secret Key, The Face Shop jt.Meon on Skin Cares br\u00e4ndi ametlik eksklusiivse esinduse\u00f5igusega maaletooja Eestis. Meie jaoks on prioriteet nr 1 m\u00fc\u00fcdavate toodete [&hellip;]<\/p>\n","protected":false},"author":1,"featured_media":0,"parent":0,"menu_order":0,"comment_status":"closed","ping_status":"closed","template":"","meta":{"_acf_changed":false,"footnotes":""},"class_list":["post-284","page","type-page","status-publish","hentry"],"acf":[],"_links":{"self":[{"href":"https:\/\/meon.theskinhouse.ee\/ru\/wp-json\/wp\/v2\/pages\/284","targetHints":{"allow":["GET"]}}],"collection":[{"href":"https:\/\/meon.theskinhouse.ee\/ru\/wp-json\/wp\/v2\/pages"}],"about":[{"href":"https:\/\/meon.theskinhouse.ee\/ru\/wp-json\/wp\/v2\/types\/page"}],"author":[{"embeddable":true,"href":"https:\/\/meon.theskinhouse.ee\/ru\/wp-json\/wp\/v2\/users\/1"}],"replies":[{"embeddable":true,"href":"https:\/\/meon.theskinhouse.ee\/ru\/wp-json\/wp\/v2\/comments?post=284"}],"version-history":[{"count":0,"href":"https:\/\/meon.theskinhouse.ee\/ru\/wp-json\/wp\/v2\/pages\/284\/revisions"}],"wp:attachment":[{"href":"https:\/\/meon.theskinhouse.ee\/ru\/wp-json\/wp\/v2\/media?parent=284"}],"curies":[{"name":"wp","href":"https:\/\/api.w.org\/{rel}","templated":true}]}}